{"id":2178,"date":"2022-09-24T16:17:13","date_gmt":"2022-09-24T16:17:13","guid":{"rendered":"https:\/\/ufficio80.xyz\/royal\/?page_id=2178"},"modified":"2026-01-26T08:22:48","modified_gmt":"2026-01-26T08:22:48","slug":"faq-hotel-royal-cesenatico","status":"publish","type":"page","link":"https:\/\/www.hroyal.it\/de\/faq-hotel-royal-cesenatico.html","title":{"rendered":"FAQ-Hotel Royal Cesenatico"},"content":{"rendered":"<section class=\"l-section wpb_row height_medium color_primary with_img with_shape\"><div class=\"l-section-img\" role=\"img\" aria-label=\"Bild\" data-img-width=\"1900\" data-img-height=\"800\" style=\"background-image: url(https:\/\/www.hroyal.it\/wp-content\/uploads\/2022\/09\/faq_.jpg);\"><\/div><div class=\"l-section-overlay\" style=\"background:rgba(26,26,26,0.35)\"><\/div><div class=\"l-section-shape type_wave pos_bottom\" style=\"height:8vmax;color:\"><svg xmlns=\"http:\/\/www.w3.org\/2000\/svg\" viewBox=\"0 4 64 4\" preserveAspectRatio=\"none\" width=\"100%\" height=\"100%\">\r\n\t<path fill=\"currentColor\" d=\"M64 6 C32 0 32 12 0 6 L0 8 L64 8 Z\"\/>\r\n<\/svg><\/div><div class=\"l-section-h i-cf\"><div class=\"g-cols vc_row via_grid cols_1 laptops-cols_inherit tablets-cols_inherit mobiles-cols_1 valign_top type_default stacking_default\"><div class=\"wpb_column vc_column_container\"><div class=\"vc_column-inner\"><h1 class=\"w-text\"><span class=\"w-text-h\"><span class=\"w-text-value\">Faq<\/span><\/span><\/h1><div class=\"wpb_text_column us_custom_a6d9f5b5\"><div class=\"wpb_wrapper\"><h5>Information<\/h5>\n<\/div><\/div><div class=\"w-separator size_custom\" style=\"height:8vmax\"><\/div><\/div><\/div><\/div><\/div><\/section><section class=\"l-section wpb_row height_medium\"><div class=\"l-section-h i-cf\"><div class=\"g-cols vc_row via_grid cols_2 laptops-cols_inherit tablets-cols_inherit mobiles-cols_1 valign_middle type_default stacking_default\"><div class=\"wpb_column vc_column_container\"><div class=\"vc_column-inner\"><div class=\"w-tabs style_default switch_click accordion has_scrolling\" style=\"--sections-title-size:18px\"><div class=\"w-tabs-sections titles-align_none icon_plus cpos_left\"><div class=\"w-tabs-section has_text_color\" id=\"1562848284202-750a077c-f068\" style=\"background:var(--color-content-primary);color:#ffffff;\"><button class=\"w-tabs-section-header\" aria-controls=\"content-1562848284202-750a077c-f068\" aria-expanded=\"false\"><p class=\"w-tabs-section-title\">1-Wie sind die Check-in- und Check-out-Zeiten?<\/p><div class=\"w-tabs-section-control\"><\/div><\/button><div  class=\"w-tabs-section-content\" id=\"content-1562848284202-750a077c-f068\"><div class=\"w-tabs-section-content-h i-cf\"><div class=\"wpb_text_column\"><div class=\"wpb_wrapper\"><p>Der Check-in ist ab 7:00 Uhr morgens m\u00f6glich. Beim Check-in erhalten Sie die Gutscheine f\u00fcr den Strand und die Strandt\u00fccher. Die Zimmer sind ab 12:00 Uhr verf\u00fcgbar. In der Zwischenzeit k\u00f6nnen Sie Ihr Gep\u00e4ck kostenlos in unserer Gep\u00e4ckaufbewahrung abgeben und an den Strand gehen.<\/p>\n<p>Am Tag Ihrer Abreise muss das Zimmer bis 10:00 Uhr ger\u00e4umt sein. Sie k\u00f6nnen jedoch ohne zus\u00e4tzliche Kosten die Gep\u00e4ckaufbewahrung und unseren Pool nutzen.<\/p>\n<\/div><\/div><\/div><\/div><\/div><div class=\"w-tabs-section has_text_color\" id=\"1562848284261-93fec616-f986\" style=\"background:#d4d4d4;color:#222222;\"><button class=\"w-tabs-section-header\" aria-controls=\"content-1562848284261-93fec616-f986\" aria-expanded=\"false\"><p class=\"w-tabs-section-title\">2-Was beinhaltet das All-inclusive-Paket?<\/p><div class=\"w-tabs-section-control\"><\/div><\/button><div  class=\"w-tabs-section-content\" id=\"content-1562848284261-93fec616-f986\"><div class=\"w-tabs-section-content-h i-cf\"><div class=\"wpb_text_column\"><div class=\"wpb_wrapper\"><ul>\n<li>Unbegrenzte Getr\u00e4nke zu den Mahlzeiten (4 DOC-Weine, Softdrinks, Wasser usw.)<\/li>\n<li>Privater Strand \u201eBagno Royal Stella\u201d mit einem Sonnenschirm und zwei Liegen zur Verf\u00fcgung<\/li>\n<li>M\u00f6glichkeit, von Montag bis Freitag direkt in unserem Strandrestaurant zu fr\u00fchst\u00fccken und zu Mittag zu essen (nach vorheriger Reservierung an der Rezeption)<\/li>\n<li>Nutzung des Swimmingpools und des Whirlpools<\/li>\n<li>Alle Animationsaktivit\u00e4ten f\u00fcr Kinder im Hotel und am Strand<\/li>\n<li>Parkplatz (ein Platz pro Zimmer)<\/li>\n<li>Fahrr\u00e4der zur Verf\u00fcgung<\/li>\n<li>WLAN in den Zimmern und Gemeinschaftsbereichen<\/li>\n<\/ul>\n<p>Sie k\u00f6nnen zwischen Vollpension, Halbpension oder nur \u00dcbernachtung mit Fr\u00fchst\u00fcck w\u00e4hlen. Unser All-inclusive-Angebot ist unabh\u00e4ngig von der gew\u00e4hlten Option immer dasselbe.<\/p>\n<\/div><\/div><\/div><\/div><\/div><div class=\"w-tabs-section has_text_color\" id=\"1562848284321-bb06b27f-8b6c\" style=\"background:var(--color-content-primary);color:#ffffff;\"><button class=\"w-tabs-section-header\" aria-controls=\"content-1562848284321-bb06b27f-8b6c\" aria-expanded=\"false\"><p class=\"w-tabs-section-title\">3-Welche Dienstleistungen stehen Familien zur Verf\u00fcgung?<\/p><div class=\"w-tabs-section-control\"><\/div><\/button><div  class=\"w-tabs-section-content\" id=\"content-1562848284321-bb06b27f-8b6c\"><div class=\"w-tabs-section-content-h i-cf\"><div class=\"wpb_text_column\"><div class=\"wpb_wrapper\"><ul>\n<li>Animationsprogramm im Hotel und am Strand<\/li>\n<li>Spielbereich im Innenhof des Hotels und am Strand<\/li>\n<li>Kostenlose Kinderwagen<\/li>\n<li>Kleine Kinderapotheke<\/li>\n<\/ul>\n<p>IM ZIMMER (auf Anfrage):<\/p>\n<ul>\n<li>Babybetten und Kinderbetten mit Seitengittern<\/li>\n<li>Babybadewannen<\/li>\n<li>Toilettensitze<\/li>\n<li>Erh\u00f6hte Trittstufen<\/li>\n<li>Flaschenw\u00e4rmer<\/li>\n<\/ul>\n<p>IM RESTAURANT:<\/p>\n<ul>\n<li>Flexible Essenszeiten<\/li>\n<li>Individuelle Men\u00fcs mit frischen Produkten (Babynahrung, Gem\u00fcse- oder Fleischbr\u00fchen, Gem\u00fcsesuppen, Trockenteigwaren mit Auswahl an So\u00dfen, Fleisch- und Fischgerichte, Fruchtmixgetr\u00e4nke)<\/li>\n<li>Kostenlose Geburtstagstorte<\/li>\n<li>Hochst\u00fchle<\/li>\n<\/ul>\n<\/div><\/div><\/div><\/div><\/div><div class=\"w-tabs-section has_text_color\" id=\"1579081539663-93d7ff4a-4f66\" style=\"background:#d4d4d4;color:#442b3d;\"><button class=\"w-tabs-section-header\" aria-controls=\"content-1579081539663-93d7ff4a-4f66\" aria-expanded=\"false\"><p class=\"w-tabs-section-title\">4-Ist das Parkplatz kostenlos? Kann man einen Parkplatz reservieren?<\/p><div class=\"w-tabs-section-control\"><\/div><\/button><div  class=\"w-tabs-section-content\" id=\"content-1579081539663-93d7ff4a-4f66\"><div class=\"w-tabs-section-content-h i-cf\"><div class=\"wpb_text_column\"><div class=\"wpb_wrapper\"><p>Unser privater Parkplatz im Freien ist kostenlos und jederzeit zug\u00e4nglich. Er befindet sich etwa 350 m vom Hotel entfernt und muss zusammen mit dem Zimmer am Abreisetag bis 10:00 Uhr ger\u00e4umt werden.<\/p>\n<p>Es ist nicht m\u00f6glich, einen Parkplatz im Voraus zu reservieren, aber es stehen gen\u00fcgend Pl\u00e4tze f\u00fcr alle unsere G\u00e4ste zur Verf\u00fcgung (ein Parkplatz pro Zimmer).<\/p>\n<\/div><\/div><\/div><\/div><\/div><div class=\"w-tabs-section has_text_color\" id=\"1579081590000-c9640bc3-0d35\" style=\"background:var(--color-content-primary);color:#ffffff;\"><button class=\"w-tabs-section-header\" aria-controls=\"content-1579081590000-c9640bc3-0d35\" aria-expanded=\"false\"><p class=\"w-tabs-section-title\">5-Wie weit ist das Hotel entfernt von&#8230;?<\/p><div class=\"w-tabs-section-control\"><\/div><\/button><div  class=\"w-tabs-section-content\" id=\"content-1579081590000-c9640bc3-0d35\"><div class=\"w-tabs-section-content-h i-cf\"><div class=\"wpb_text_column\"><div class=\"wpb_wrapper\"><ul>\n<li><strong>Meer<\/strong>: Wir liegen direkt am Strand \ud83d\ude42<\/li>\n<li><strong>Cesenatico<\/strong> <strong>(Altstadt)<\/strong>: 3 km<\/li>\n<li><strong>Gatteo Mare<\/strong>: 1,5 km<\/li>\n<li><strong>Rimini<\/strong>: 20 km<\/li>\n<li><strong>Ravenna<\/strong>: 35 km<\/li>\n<li><strong>San Marino<\/strong>: 40 km<\/li>\n<li><strong>Forl\u00ec<\/strong>: 45 km<\/li>\n<li><strong>Bologna<\/strong>: 110 km<\/li>\n<\/ul>\n<\/div><\/div><\/div><\/div><\/div><div class=\"w-tabs-section has_text_color\" id=\"1579081699322-fd3b56b1-f47a\" style=\"background:#d4d4d4;color:#442b3d;\"><button class=\"w-tabs-section-header\" aria-controls=\"content-1579081699322-fd3b56b1-f47a\" aria-expanded=\"false\"><p class=\"w-tabs-section-title\">6-Was passiert, wenn ich meine Buchung storniere?<\/p><div class=\"w-tabs-section-control\"><\/div><\/button><div  class=\"w-tabs-section-content\" id=\"content-1579081699322-fd3b56b1-f47a\"><div class=\"w-tabs-section-content-h i-cf\"><div class=\"wpb_text_column\"><div class=\"wpb_wrapper\"><p>Um die Buchung zu best\u00e4tigen, ist eine Vorauszahlung erforderlich. Um den Bed\u00fcrfnissen der G\u00e4ste entgegenzukommen, die am ehesten von unvorhergesehenen Ereignissen und Hindernissen betroffen sind, bietet unser Hotel die M\u00f6glichkeit, eine interne Versicherung abzuschlie\u00dfen, damit Sie nicht die gesamte oder einen Teil der geleisteten Vorauszahlung verlieren. F\u00fcr Details und Informationen wenden Sie sich bitte direkt an das Hotel.<\/p>\n<\/div><\/div><\/div><\/div><\/div><div class=\"w-tabs-section has_text_color\" id=\"1579082835219-86c02af4-60ea\" style=\"background:var(--color-content-primary);color:#ffffff;\"><button class=\"w-tabs-section-header\" aria-controls=\"content-1579082835219-86c02af4-60ea\" aria-expanded=\"false\"><p class=\"w-tabs-section-title\">7-Welche Dienstleistungen sind im Zimmer verf\u00fcgbar?<\/p><div class=\"w-tabs-section-control\"><\/div><\/button><div  class=\"w-tabs-section-content\" id=\"content-1579082835219-86c02af4-60ea\"><div class=\"w-tabs-section-content-h i-cf\"><div class=\"wpb_text_column\"><div class=\"wpb_wrapper\"><ul>\n<li>Balkon mit Meer- oder Poolblick<\/li>\n<li>Privates Badezimmer mit Duschkabine<\/li>\n<li>Safe<\/li>\n<li>Telefon<\/li>\n<li>LCD-Fernseher<\/li>\n<li>Klimaanlage<\/li>\n<li>Haartrockner<\/li>\n<li>WLAN<\/li>\n<li>Minibar<\/li>\n<\/ul>\n<\/div><\/div><\/div><\/div><\/div><div class=\"w-tabs-section has_text_color\" id=\"1579082577328-e4b1e7db-c364\" style=\"background:#d4d4d4;color:#442b3d;\"><button class=\"w-tabs-section-header\" aria-controls=\"content-1579082577328-e4b1e7db-c364\" aria-expanded=\"false\"><p class=\"w-tabs-section-title\">8-Sind Haustiere erlaubt?<\/p><div class=\"w-tabs-section-control\"><\/div><\/button><div  class=\"w-tabs-section-content\" id=\"content-1579082577328-e4b1e7db-c364\"><div class=\"w-tabs-section-content-h i-cf\"><div class=\"wpb_text_column\"><div class=\"wpb_wrapper\"><p>Haustiere sind im Hotel willkommen, d\u00fcrfen jedoch nicht in den Speisesaal und den Poolbereich mitgenommen werden. Sie k\u00f6nnen jedoch gemeinsam mit Ihren Haustieren an den Tischen der Bar neben dem Eingang des Restaurants speisen. Am Strand Bagno Stella gibt es einen Hundebereich, in dem Sie Ihren vierbeinigen Freund mitnehmen und unter dem Sonnenschirm lassen k\u00f6nnen. Die Pl\u00e4tze sind begrenzt, wir empfehlen daher dringend eine Voranmeldung. Hunde sind am Strand entlang der K\u00fcste zu folgenden Zeiten erlaubt: von 6:00 bis 8:30 Uhr und von 18:30 bis 22:00 Uhr.<\/p>\n<\/div><\/div><\/div><\/div><\/div><\/div><\/div><\/div><\/div><div class=\"wpb_column vc_column_container\"><div class=\"vc_column-inner\"><div class=\"w-tabs style_default switch_click accordion has_scrolling\" style=\"--sections-title-size:18px\"><div class=\"w-tabs-sections titles-align_none icon_plus cpos_left\"><div class=\"w-tabs-section has_text_color\" id=\"1579082193646-0a57d1fa-cc46\" style=\"background:var(--color-content-primary);color:#ffffff;\"><button class=\"w-tabs-section-header\" aria-controls=\"content-1579082193646-0a57d1fa-cc46\" aria-expanded=\"false\"><p class=\"w-tabs-section-title\">9-Gibt es Men\u00fcs f\u00fcr Z\u00f6liakiebetroffene\/Menschen mit Lebensmittelunvertr\u00e4glichkeiten \/ Vegetarier \/ Veganer?<\/p><div class=\"w-tabs-section-control\"><\/div><\/button><div  class=\"w-tabs-section-content\" id=\"content-1579082193646-0a57d1fa-cc46\"><div class=\"w-tabs-section-content-h i-cf\"><div class=\"wpb_text_column\"><div class=\"wpb_wrapper\"><p>Ja, unser Personal steht Ihnen gerne zur Verf\u00fcgung, um alle Ihre Ern\u00e4hrungsbed\u00fcrfnisse zu erf\u00fcllen. Zur besseren Organisation bitten wir Sie, uns diese vor Ihrer Ankunft mitzuteilen. Bitte beachten Sie, dass unsere K\u00fcche keinen separaten Bereich f\u00fcr die Zubereitung glutenfreier Gerichte hat, aber unser K\u00fcchenpersonal achtet sehr sorgf\u00e4ltig auf die Desinfektion aller Utensilien.<\/p>\n<\/div><\/div><\/div><\/div><\/div><div class=\"w-tabs-section has_text_color\" id=\"1579082193690-78d2a7c3-1f2c\" style=\"background:#d4d4d4;color:#222222;\"><button class=\"w-tabs-section-header\" aria-controls=\"content-1579082193690-78d2a7c3-1f2c\" aria-expanded=\"false\"><p class=\"w-tabs-section-title\">10-Ist es m\u00f6glich, mit dem Bus oder dem Zug anzureisen? Wie weit ist der Bahnhof vom Hotel entfernt?<\/p><div class=\"w-tabs-section-control\"><\/div><\/button><div  class=\"w-tabs-section-content\" id=\"content-1579082193690-78d2a7c3-1f2c\"><div class=\"w-tabs-section-content-h i-cf\"><div class=\"wpb_text_column\"><div class=\"wpb_wrapper\"><p>Das Hotel befindet sich gegen\u00fcber der Bushaltestelle Valverde (\u201ePiazzale Michelangelo\u201d). Wir arbeiten mit verschiedene Busunternehmen in Deutschland, \u00d6sterreich und in der Schweiz; deshalb k\u00f6nnen wir Ihnen eine Packet mit Bus + Hotel besorgen<\/p>\n<p>Wenn Sie mit dem Zug anreisen m\u00f6chten, sind die n\u00e4chstgelegenen Bahnh\u00f6fe Gatteo Mare (1,5 km) und Cesenatico (4 km).<\/p>\n<\/div><\/div><\/div><\/div><\/div><div class=\"w-tabs-section has_text_color\" id=\"1579082193736-62a38b59-3446\" style=\"background:var(--color-content-primary);color:#ffffff;\"><button class=\"w-tabs-section-header\" aria-controls=\"content-1579082193736-62a38b59-3446\" aria-expanded=\"false\"><p class=\"w-tabs-section-title\">11-Sind die Zimmer f\u00fcr Menschen mit Behinderungen zug\u00e4nglich?<\/p><div class=\"w-tabs-section-control\"><\/div><\/button><div  class=\"w-tabs-section-content\" id=\"content-1579082193736-62a38b59-3446\"><div class=\"w-tabs-section-content-h i-cf\"><div class=\"wpb_text_column\"><div class=\"wpb_wrapper\"><p>Ja, unser Hotel verf\u00fcgt auch \u00fcber Zimmer, die f\u00fcr Menschen mit Behinderungen zug\u00e4nglich sind. Das Hotel ist barrierefrei und verf\u00fcgt \u00fcber einen Aufzug.<\/p>\n<\/div><\/div><\/div><\/div><\/div><div class=\"w-tabs-section has_text_color\" id=\"1579082193782-d0faf3a0-a1f5\" style=\"background:#d4d4d4;color:#442b3d;\"><button class=\"w-tabs-section-header\" aria-controls=\"content-1579082193782-d0faf3a0-a1f5\" aria-expanded=\"false\"><p class=\"w-tabs-section-title\">12-Ist es m\u00f6glich, das Zimmer am Abreisetag zu behalten?<\/p><div class=\"w-tabs-section-control\"><\/div><\/button><div  class=\"w-tabs-section-content\" id=\"content-1579082193782-d0faf3a0-a1f5\"><div class=\"w-tabs-section-content-h i-cf\"><div class=\"wpb_text_column\"><div class=\"wpb_wrapper\"><p>Normalerweise m\u00fcssen die Zimmer bis 10:00 Uhr ger\u00e4umt sein. Auf Anfrage und je nach Verf\u00fcgbarkeit ist es m\u00f6glich, das Zimmer bis zum Abend des Abreisetages zu behalten. Der Preis f\u00fcr diesen Service muss bei der Anfrage vereinbart werden. Um unangenehme Unannehmlichkeiten zu vermeiden, empfehlen wir Ihnen, Ihre Pr\u00e4ferenz rechtzeitig im Voraus anzugeben.<\/p>\n<\/div><\/div><\/div><\/div><\/div><div class=\"w-tabs-section has_text_color\" id=\"1579082193832-841602b8-9244\" style=\"background:var(--color-content-primary);color:#ffffff;\"><button class=\"w-tabs-section-header\" aria-controls=\"content-1579082193832-841602b8-9244\" aria-expanded=\"false\"><p class=\"w-tabs-section-title\">13-Bietet das Hotel einen Fahrradverleih an?<\/p><div class=\"w-tabs-section-control\"><\/div><\/button><div  class=\"w-tabs-section-content\" id=\"content-1579082193832-841602b8-9244\"><div class=\"w-tabs-section-content-h i-cf\"><div class=\"wpb_text_column\"><div class=\"wpb_wrapper\"><p>Das Hotel stellt kostenlos City-Bikes zur Verf\u00fcgung, von denen einige mit Kindersitzen ausgestattet sind und andere von Kindern genutzt werden k\u00f6nnen. Es ist auch m\u00f6glich, E-Bikes und Sportfahrr\u00e4der zu mieten, wobei die Preise zu vereinbaren sind.<\/p>\n<\/div><\/div><\/div><\/div><\/div><div class=\"w-tabs-section has_text_color\" id=\"1579082193879-66ae652e-1e32\" style=\"background:#d4d4d4;color:#442b3d;\"><button class=\"w-tabs-section-header\" aria-controls=\"content-1579082193879-66ae652e-1e32\" aria-expanded=\"false\"><p class=\"w-tabs-section-title\">14-K\u00f6nnen Transfers vom und zum Hotel organisiert werden?<\/p><div class=\"w-tabs-section-control\"><\/div><\/button><div  class=\"w-tabs-section-content\" id=\"content-1579082193879-66ae652e-1e32\"><div class=\"w-tabs-section-content-h i-cf\"><div class=\"wpb_text_column\"><div class=\"wpb_wrapper\"><p>Wir k\u00f6nnen gegen Aufpreis Transfers von und zu Flugh\u00e4fen, Bahnh\u00f6fen und Busbahnh\u00f6fen organisieren. Um diesen Service zu organisieren, teilen Sie uns dies bitte bei der Buchung mit und geben Sie uns Ihre Ankunfts- und Abfahrtszeiten bekannt.<\/p>\n<\/div><\/div><\/div><\/div><\/div><div class=\"w-tabs-section has_text_color\" id=\"1579082193929-7341707c-396e\" style=\"background:var(--color-content-primary);color:#ffffff;\"><button class=\"w-tabs-section-header\" aria-controls=\"content-1579082193929-7341707c-396e\" aria-expanded=\"false\"><p class=\"w-tabs-section-title\">15-Wie kann ich meinen Aufenthalt bezahlen?<\/p><div class=\"w-tabs-section-control\"><\/div><\/button><div  class=\"w-tabs-section-content\" id=\"content-1579082193929-7341707c-396e\"><div class=\"w-tabs-section-content-h i-cf\"><div class=\"wpb_text_column\"><div class=\"wpb_wrapper\"><p>Vor Ihrer Ankunft ist eine Anzahlung erforderlich. Der Restbetrag f\u00fcr Ihren Aufenthalt kann am Abend vor Ihrer Abreise direkt im Hotel in bar, per Scheck, Debitkarte, Bankkarte, (Sofort-)\u00dcberweisung oder Kreditkarte bezahlt werden.<\/p>\n<\/div><\/div><\/div><\/div><\/div><div class=\"w-tabs-section has_text_color\" id=\"1579082861629-559a98c0-e8a9\" style=\"background:#d4d4d4;color:#442b3d;\"><button class=\"w-tabs-section-header\" aria-controls=\"content-1579082861629-559a98c0-e8a9\" aria-expanded=\"false\"><p class=\"w-tabs-section-title\">16-Ist der Strand im Preis inbegriffen?<\/p><div class=\"w-tabs-section-control\"><\/div><\/button><div  class=\"w-tabs-section-content\" id=\"content-1579082861629-559a98c0-e8a9\"><div class=\"w-tabs-section-content-h i-cf\"><div class=\"wpb_text_column\"><div class=\"wpb_wrapper\"><p>Ja, unser All-inclusive-Paket umfasst einen Sonnenschirm und zwei Liegen pro Zimmer vom Tag der Ankunft bis zum Tag vor der Abreise ab der 5. Reihe nach unten.<\/p>\n<p>Wenn Sie einen Platz in den ersten vier Reihen reservieren m\u00f6chten, k\u00f6nnen Sie dies im Voraus mitteilen und einen t\u00e4glichen Aufpreis zahlen.<\/p>\n<\/div><\/div><\/div><\/div><\/div><\/div><\/div><\/div><\/div><\/div><\/div><\/section>\n","protected":false},"excerpt":{"rendered":"FaqInformation 1-Wie sind die Check-in- und Check-out-Zeiten?Der Check-in ist ab 7:00 Uhr morgens m\u00f6glich. Beim Check-in erhalten Sie die Gutscheine f\u00fcr den Strand und die Strandt\u00fccher. Die Zimmer sind ab 12:00 Uhr verf\u00fcgbar. In der Zwischenzeit k\u00f6nnen Sie Ihr Gep\u00e4ck kostenlos in unserer Gep\u00e4ckaufbewahrung abgeben und an den Strand gehen. Am Tag Ihrer Abreise muss...","protected":false},"author":1,"featured_media":0,"parent":0,"menu_order":0,"comment_status":"closed","ping_status":"closed","template":"","meta":{"footnotes":""},"class_list":["post-2178","page","type-page","status-publish","hentry"],"yoast_head":"<!-- This site is optimized with the Yoast SEO plugin v26.4 - https:\/\/yoast.com\/wordpress\/plugins\/seo\/ -->\n<title>FAQ-Hotel Royal Cesenatico<\/title>\n<meta name=\"robots\" content=\"index, follow, max-snippet:-1, max-image-preview:large, max-video-preview:-1\" \/>\n<link rel=\"canonical\" href=\"https:\/\/www.hroyal.it\/de\/faq-hotel-royal-cesenatico.html\" \/>\n<meta property=\"og:locale\" content=\"de_DE\" \/>\n<meta property=\"og:type\" content=\"article\" \/>\n<meta property=\"og:title\" content=\"FAQ-Hotel Royal Cesenatico\" \/>\n<meta property=\"og:url\" content=\"https:\/\/www.hroyal.it\/de\/faq-hotel-royal-cesenatico.html\" \/>\n<meta property=\"og:site_name\" content=\"Hotel Royal Cesenatico\" \/>\n<meta property=\"article:publisher\" content=\"https:\/\/it-it.facebook.com\/hroyalcesenatico\/\" \/>\n<meta property=\"article:modified_time\" content=\"2026-01-26T08:22:48+00:00\" \/>\n<meta name=\"twitter:card\" content=\"summary_large_image\" \/>\n<meta name=\"twitter:label1\" content=\"Gesch\u00e4tzte Lesezeit\" \/>\n\t<meta name=\"twitter:data1\" content=\"6\u00a0Minuten\" \/>\n<script type=\"application\/ld+json\" class=\"yoast-schema-graph\">{\"@context\":\"https:\/\/schema.org\",\"@graph\":[{\"@type\":\"WebPage\",\"@id\":\"https:\/\/www.hroyal.it\/de\/faq-hotel-royal-cesenatico.html\",\"url\":\"https:\/\/www.hroyal.it\/de\/faq-hotel-royal-cesenatico.html\",\"name\":\"FAQ-Hotel Royal Cesenatico\",\"isPartOf\":{\"@id\":\"https:\/\/www.hroyal.it\/it\/#website\"},\"datePublished\":\"2022-09-24T16:17:13+00:00\",\"dateModified\":\"2026-01-26T08:22:48+00:00\",\"breadcrumb\":{\"@id\":\"https:\/\/www.hroyal.it\/de\/faq-hotel-royal-cesenatico.html#breadcrumb\"},\"inLanguage\":\"de\",\"potentialAction\":[{\"@type\":\"ReadAction\",\"target\":[\"https:\/\/www.hroyal.it\/de\/faq-hotel-royal-cesenatico.html\"]}]},{\"@type\":\"BreadcrumbList\",\"@id\":\"https:\/\/www.hroyal.it\/de\/faq-hotel-royal-cesenatico.html#breadcrumb\",\"itemListElement\":[{\"@type\":\"ListItem\",\"position\":1,\"name\":\"Home\",\"item\":\"https:\/\/www.hroyal.it\/de\"},{\"@type\":\"ListItem\",\"position\":2,\"name\":\"FAQ-Hotel Royal Cesenatico\"}]},{\"@type\":\"WebSite\",\"@id\":\"https:\/\/www.hroyal.it\/it\/#website\",\"url\":\"https:\/\/www.hroyal.it\/it\/\",\"name\":\"Hotel Royal Cesenatico\",\"description\":\"**** Royal Cesenatico : Hotel 4 stelle All inclusive sul Mare Cesenatico con Piscina e Spiaggia privata\",\"publisher\":{\"@id\":\"https:\/\/www.hroyal.it\/it\/#organization\"},\"alternateName\":\"Hotel Royal 4 stelle sul lungomare di Cesenatico\",\"potentialAction\":[{\"@type\":\"SearchAction\",\"target\":{\"@type\":\"EntryPoint\",\"urlTemplate\":\"https:\/\/www.hroyal.it\/it\/?s={search_term_string}\"},\"query-input\":{\"@type\":\"PropertyValueSpecification\",\"valueRequired\":true,\"valueName\":\"search_term_string\"}}],\"inLanguage\":\"de\"},{\"@type\":\"Organization\",\"@id\":\"https:\/\/www.hroyal.it\/it\/#organization\",\"name\":\"Hotel Royal Cesenatico\",\"url\":\"https:\/\/www.hroyal.it\/it\/\",\"logo\":{\"@type\":\"ImageObject\",\"inLanguage\":\"de\",\"@id\":\"https:\/\/www.hroyal.it\/it\/#\/schema\/logo\/image\/\",\"url\":\"https:\/\/www.hroyal.it\/wp-content\/uploads\/2022\/08\/logo-royal2-1.png\",\"contentUrl\":\"https:\/\/www.hroyal.it\/wp-content\/uploads\/2022\/08\/logo-royal2-1.png\",\"width\":262,\"height\":91,\"caption\":\"Hotel Royal Cesenatico\"},\"image\":{\"@id\":\"https:\/\/www.hroyal.it\/it\/#\/schema\/logo\/image\/\"},\"sameAs\":[\"https:\/\/it-it.facebook.com\/hroyalcesenatico\/\",\"https:\/\/www.instagram.com\/hotelroyalcesenatico\/\"]}]}<\/script>\n<!-- \/ Yoast SEO plugin. -->","yoast_head_json":{"title":"FAQ-Hotel Royal Cesenatico","robots":{"index":"index","follow":"follow","max-snippet":"max-snippet:-1","max-image-preview":"max-image-preview:large","max-video-preview":"max-video-preview:-1"},"canonical":"https:\/\/www.hroyal.it\/de\/faq-hotel-royal-cesenatico.html","og_locale":"de_DE","og_type":"article","og_title":"FAQ-Hotel Royal Cesenatico","og_url":"https:\/\/www.hroyal.it\/de\/faq-hotel-royal-cesenatico.html","og_site_name":"Hotel Royal Cesenatico","article_publisher":"https:\/\/it-it.facebook.com\/hroyalcesenatico\/","article_modified_time":"2026-01-26T08:22:48+00:00","twitter_card":"summary_large_image","twitter_misc":{"Gesch\u00e4tzte Lesezeit":"6\u00a0Minuten"},"schema":{"@context":"https:\/\/schema.org","@graph":[{"@type":"WebPage","@id":"https:\/\/www.hroyal.it\/de\/faq-hotel-royal-cesenatico.html","url":"https:\/\/www.hroyal.it\/de\/faq-hotel-royal-cesenatico.html","name":"FAQ-Hotel Royal Cesenatico","isPartOf":{"@id":"https:\/\/www.hroyal.it\/it\/#website"},"datePublished":"2022-09-24T16:17:13+00:00","dateModified":"2026-01-26T08:22:48+00:00","breadcrumb":{"@id":"https:\/\/www.hroyal.it\/de\/faq-hotel-royal-cesenatico.html#breadcrumb"},"inLanguage":"de","potentialAction":[{"@type":"ReadAction","target":["https:\/\/www.hroyal.it\/de\/faq-hotel-royal-cesenatico.html"]}]},{"@type":"BreadcrumbList","@id":"https:\/\/www.hroyal.it\/de\/faq-hotel-royal-cesenatico.html#breadcrumb","itemListElement":[{"@type":"ListItem","position":1,"name":"Home","item":"https:\/\/www.hroyal.it\/de"},{"@type":"ListItem","position":2,"name":"FAQ-Hotel Royal Cesenatico"}]},{"@type":"WebSite","@id":"https:\/\/www.hroyal.it\/it\/#website","url":"https:\/\/www.hroyal.it\/it\/","name":"Hotel Royal Cesenatico","description":"**** Royal Cesenatico : Hotel 4 stelle All inclusive sul Mare Cesenatico con Piscina e Spiaggia privata","publisher":{"@id":"https:\/\/www.hroyal.it\/it\/#organization"},"alternateName":"Hotel Royal 4 stelle sul lungomare di Cesenatico","potentialAction":[{"@type":"SearchAction","target":{"@type":"EntryPoint","urlTemplate":"https:\/\/www.hroyal.it\/it\/?s={search_term_string}"},"query-input":{"@type":"PropertyValueSpecification","valueRequired":true,"valueName":"search_term_string"}}],"inLanguage":"de"},{"@type":"Organization","@id":"https:\/\/www.hroyal.it\/it\/#organization","name":"Hotel Royal Cesenatico","url":"https:\/\/www.hroyal.it\/it\/","logo":{"@type":"ImageObject","inLanguage":"de","@id":"https:\/\/www.hroyal.it\/it\/#\/schema\/logo\/image\/","url":"https:\/\/www.hroyal.it\/wp-content\/uploads\/2022\/08\/logo-royal2-1.png","contentUrl":"https:\/\/www.hroyal.it\/wp-content\/uploads\/2022\/08\/logo-royal2-1.png","width":262,"height":91,"caption":"Hotel Royal Cesenatico"},"image":{"@id":"https:\/\/www.hroyal.it\/it\/#\/schema\/logo\/image\/"},"sameAs":["https:\/\/it-it.facebook.com\/hroyalcesenatico\/","https:\/\/www.instagram.com\/hotelroyalcesenatico\/"]}]}},"_links":{"self":[{"href":"https:\/\/www.hroyal.it\/de\/wp-json\/wp\/v2\/pages\/2178","targetHints":{"allow":["GET"]}}],"collection":[{"href":"https:\/\/www.hroyal.it\/de\/wp-json\/wp\/v2\/pages"}],"about":[{"href":"https:\/\/www.hroyal.it\/de\/wp-json\/wp\/v2\/types\/page"}],"author":[{"embeddable":true,"href":"https:\/\/www.hroyal.it\/de\/wp-json\/wp\/v2\/users\/1"}],"replies":[{"embeddable":true,"href":"https:\/\/www.hroyal.it\/de\/wp-json\/wp\/v2\/comments?post=2178"}],"version-history":[{"count":9,"href":"https:\/\/www.hroyal.it\/de\/wp-json\/wp\/v2\/pages\/2178\/revisions"}],"predecessor-version":[{"id":4502,"href":"https:\/\/www.hroyal.it\/de\/wp-json\/wp\/v2\/pages\/2178\/revisions\/4502"}],"wp:attachment":[{"href":"https:\/\/www.hroyal.it\/de\/wp-json\/wp\/v2\/media?parent=2178"}],"curies":[{"name":"wp","href":"https:\/\/api.w.org\/{rel}","templated":true}]}}