{"id":2184,"date":"2022-09-24T16:29:58","date_gmt":"2022-09-24T16:29:58","guid":{"rendered":"https:\/\/ufficio80.xyz\/royal\/?page_id=2184"},"modified":"2022-11-22T10:52:10","modified_gmt":"2022-11-22T10:52:10","slug":"ein-urlaub-in-italien-mit-entspannung-und-sicherheit","status":"publish","type":"page","link":"https:\/\/www.hroyal.it\/de\/ein-urlaub-in-italien-mit-entspannung-und-sicherheit.html","title":{"rendered":"Ein Urlaub in Italien mit Entspannung und Sicherheit"},"content":{"rendered":"<section class=\"l-section wpb_row us_custom_294d3202 height_auto\"><div class=\"l-section-h i-cf\"><div class=\"g-cols vc_row via_grid cols_1 laptops-cols_inherit tablets-cols_inherit mobiles-cols_1 valign_top type_default stacking_default\"><div class=\"wpb_column vc_column_container\"><div class=\"vc_column-inner\"><\/div><\/div><\/div><\/div><\/section><section class=\"l-section wpb_row height_auto\"><div class=\"l-section-h i-cf\"><div class=\"g-cols vc_row via_grid cols_1 laptops-cols_inherit tablets-cols_inherit mobiles-cols_1 valign_top type_default stacking_default\"><div class=\"wpb_column vc_column_container\"><div class=\"vc_column-inner\"><div class=\"w-image align_center\"><div class=\"w-image-h\"><img decoding=\"async\" width=\"2048\" height=\"746\" src=\"https:\/\/www.hroyal.it\/wp-content\/uploads\/2022\/09\/sfondoRelax.jpg\" class=\"attachment-full size-full\" alt=\"\" loading=\"lazy\" srcset=\"https:\/\/www.hroyal.it\/wp-content\/uploads\/2022\/09\/sfondoRelax.jpg 2048w, https:\/\/www.hroyal.it\/wp-content\/uploads\/2022\/09\/sfondoRelax-300x109.jpg 300w, https:\/\/www.hroyal.it\/wp-content\/uploads\/2022\/09\/sfondoRelax-1024x373.jpg 1024w, https:\/\/www.hroyal.it\/wp-content\/uploads\/2022\/09\/sfondoRelax-24x9.jpg 24w, https:\/\/www.hroyal.it\/wp-content\/uploads\/2022\/09\/sfondoRelax-36x13.jpg 36w, https:\/\/www.hroyal.it\/wp-content\/uploads\/2022\/09\/sfondoRelax-48x17.jpg 48w\" sizes=\"auto, (max-width: 2048px) 100vw, 2048px\" \/><\/div><\/div><div class=\"w-separator size_small\"><\/div><div class=\"wpb_text_column\"><div class=\"wpb_wrapper\"><p style=\"text-align: center;\"><span style=\"font-size: 24pt;\">Ein entspannter und sicherer Urlaub im Hotel Royal****<\/span><\/p>\n<p>Wir verpflichten uns, Ihnen einen hochwertigen, friedlichen und sicheren Aufenthalt zu garantieren, indem wir alle neuen Hygiene- und Gesundheitsma\u00dfnahmen einhalten, die von den Institutionen und den Gesundheitsbeh\u00f6rden vorgesehen sind (<a href=\"https:\/\/www.federalberghi.it\/comunicati\/hotel-al-tempo-del-covid-protocollo-nazionale-accoglienza-sicura.aspx#.XseZb2gzbmE\" target=\"_blank\" rel=\"noopener noreferrer\">Protokoll \u201eSicherer Empfang\u201c \u2013 Federalberghi<\/a>).<\/p>\n<\/div><\/div><div class=\"w-separator size_small\"><\/div><div class=\"g-cols wpb_row via_grid cols_1-2 laptops-cols_inherit tablets-cols_inherit mobiles-cols_1 valign_middle type_default stacking_default\" style=\"--columns-gap:3rem;\"><div class=\"wpb_column vc_column_container\"><div class=\"vc_column-inner\"><div class=\"wpb_text_column us_custom_7ac23286\"><div class=\"wpb_wrapper\"><div style=\"text-align: center;\"><span style=\"font-size: 18pt;\"><b>Selbstverst\u00e4ndlich stehen alle Dienstleistungen des Hotel Royal**** zur Verf\u00fcgung<\/b><\/span><\/div>\n<\/div><\/div><\/div><\/div><div class=\"wpb_column vc_column_container\"><div class=\"vc_column-inner\"><div class=\"w-image align_center\"><div class=\"w-image-h\"><img decoding=\"async\" width=\"1024\" height=\"358\" src=\"https:\/\/www.hroyal.it\/wp-content\/uploads\/2022\/11\/servize-royal-de-1024x358-1.jpg\" class=\"attachment-large size-large\" alt=\"\" loading=\"lazy\" srcset=\"https:\/\/www.hroyal.it\/wp-content\/uploads\/2022\/11\/servize-royal-de-1024x358-1.jpg 1024w, https:\/\/www.hroyal.it\/wp-content\/uploads\/2022\/11\/servize-royal-de-1024x358-1-300x105.jpg 300w, https:\/\/www.hroyal.it\/wp-content\/uploads\/2022\/11\/servize-royal-de-1024x358-1-24x8.jpg 24w, https:\/\/www.hroyal.it\/wp-content\/uploads\/2022\/11\/servize-royal-de-1024x358-1-36x13.jpg 36w, https:\/\/www.hroyal.it\/wp-content\/uploads\/2022\/11\/servize-royal-de-1024x358-1-48x17.jpg 48w\" sizes=\"auto, (max-width: 1024px) 100vw, 1024px\" \/><\/div><\/div><\/div><\/div><\/div><div class=\"w-separator size_small\"><\/div><div class=\"wpb_text_column\"><div class=\"wpb_wrapper\"><p>Nachstehend \u00a0die wichtigsten spezifischen \u00a0Vorsichtsma\u00dfnahmen , die wir anwenden werden, damit Sie Ihren wohlverdienten Urlaub \u201esorglos\u201c genie\u00dfen k\u00f6nnen.<\/p>\n<ul>\n<li>Alle unsere Mitarbeiter erhalten \u00a0eine\u00a0 Ausstattung sowie eine spezielle \u201eAnti-Covid 19\u201c\u00a0 Neben der Freundlichkeit erwartet Sie auch Bewusstsein und Kompetenz.<\/li>\n<li>Die Hygienestandards werden auf das h\u00f6chste Niveau gebracht, sei es in den Gemeinschaftsr\u00e4umen, wie Hotelhalle, Bar, Restaurant, Pool, Toiletten, Veranda und Bagno Royal\/Stella, sowie auch in den Zimmern.<\/li>\n<\/ul>\n<p>In den Gemeinschaftsr\u00e4umen werden wir alle Anpassungen vornehmen, um die vorgeschriebenen Abst\u00e4nde einzuhalten.Es werden an\u00a0 allen neuralgischen Stellen Desinfektionsgel-Spender installiert.<\/p>\n<ul>\n<li>Die Reinigung erfolgt mindestens dreimal am Tag mit Sterilisationsprodukten. Die komplette Desinfektion aller Kontaktfl\u00e4chen wird t\u00e4glich durchgef\u00fchrt.<\/li>\n<\/ul>\n<\/div><\/div><div class=\"w-separator size_small\"><\/div><div class=\"w-image align_center\"><div class=\"w-image-h\"><img decoding=\"async\" width=\"1024\" height=\"267\" src=\"https:\/\/www.hroyal.it\/wp-content\/uploads\/2022\/09\/staff-no-covid-1536x400-1024x267-1.jpg\" class=\"attachment-large size-large\" alt=\"\" loading=\"lazy\" srcset=\"https:\/\/www.hroyal.it\/wp-content\/uploads\/2022\/09\/staff-no-covid-1536x400-1024x267-1.jpg 1024w, https:\/\/www.hroyal.it\/wp-content\/uploads\/2022\/09\/staff-no-covid-1536x400-1024x267-1-300x78.jpg 300w, https:\/\/www.hroyal.it\/wp-content\/uploads\/2022\/09\/staff-no-covid-1536x400-1024x267-1-24x6.jpg 24w, https:\/\/www.hroyal.it\/wp-content\/uploads\/2022\/09\/staff-no-covid-1536x400-1024x267-1-36x9.jpg 36w, https:\/\/www.hroyal.it\/wp-content\/uploads\/2022\/09\/staff-no-covid-1536x400-1024x267-1-48x13.jpg 48w\" sizes=\"auto, (max-width: 1024px) 100vw, 1024px\" \/><\/div><\/div><div class=\"w-separator size_small\"><\/div><div class=\"wpb_text_column\"><div class=\"wpb_wrapper\"><ul>\n<li>Die Zimmer werden , vor der Schl\u00fcssel\u00fcbergabe, mit einem speziellen zertifizierten Verfahren, vollst\u00e4ndig desinfiziert. Die Zimmer werden mit einem Begr\u00fc\u00dfungsset mit Desinfektionsgel, Schutzmaske und Wegwerfhandschuhen ausgestattet.<\/li>\n<li>Wir werden die potentiellen Ansammlungen an der Rezeption und an der Bar beschr\u00e4nken, indem , wir den Vorgang f\u00fcr das ein- und auschecken f\u00f6rdern, den Tischservice an der Hotel- und Strandbar verst\u00e4rken und die notwendige Temperaturkontrolle f\u00fcr Neuanreisende, Lieferanten und Mitarbeiter beschleunigen.<\/li>\n<li>Das Royal **** Restaurant verl\u00e4ngert die \u00d6ffnungszeiten. Der Tischservice und die B\u00fcffet-Betreuung\u00a0 wird verst\u00e4rkt, um die gewohnte Qualit\u00e4t aufrechtzuerhalten.<\/li>\n<li>Die Animationsaktivit\u00e4ten werden auf innovative Weise neu definiert und in kleinen Gruppen durchgef\u00fchrt, so dass auch dieses Jahr keiner unserer G\u00e4ste den Spa\u00df und die Freude vermissen.<\/li>\n<li>Meerwasser und Sand sind sichere Elemente (wie vom Nationalen Gesundheitsinstitut best\u00e4tigt). Es gibt keine Einschr\u00e4nkungen bez\u00fcglich des normalen Strandleben\/Baden. Im Bagno Royal\/Stella finden Sie die Sonnenschirme mit den vorgeschriebenen Abst\u00e4nden. Der Zugang zur Bar wird nat\u00fcrlich auch durch den erh\u00f6hten Service an den Au\u00dfentischen reguliert und eingeschr\u00e4nkt.<\/li>\n<\/ul>\n<p>Die zwischenmenschliche Distanz ist nur vorgesehen f\u00fcr diejenigen, die nicht zur selben Familie geh\u00f6ren und nicht das selbe Hotelzimmer belegen. Die Verwendung der Schutzmaske ist nicht obligatorisch, au\u00dfer in den Situationen, wo die interpersonelle Distanzierung schwierig ist (wie Bar, Gesch\u00e4fte, \u00f6ffentliche Verkehrsmittel, Toiletten usw.)<\/p>\n<p>Wir freuen uns, Sie mit einem L\u00e4cheln bei uns willkommen zu hei\u00dfen und Ihnen unbeschwerte Tage voller Entspannung mit dem Motto \u201eDolce Vita\u201c zu schenken, damit Sie sich wohl und sicher f\u00fchlen, wie zu Hause.<\/p>\n<p>&nbsp;<\/p>\n<p><strong>Es wird wieder\u00a0 ein wundersch\u00f6ner Sommer sein\u2026 wenn auch Sie da sind!!<\/strong><\/p>\n<p>Elmo Maraldi, Andrea Fattori\u00a0 und Danilo Meneghello<\/p>\n<\/div><\/div><div class=\"w-separator size_medium\"><\/div><\/div><\/div><\/div><\/div><\/section>\n","protected":false},"excerpt":{"rendered":"Ein entspannter und sicherer Urlaub im Hotel Royal**** Wir verpflichten uns, Ihnen einen hochwertigen, friedlichen und sicheren Aufenthalt zu garantieren, indem wir alle neuen Hygiene- und Gesundheitsma\u00dfnahmen einhalten, die von den Institutionen und den Gesundheitsbeh\u00f6rden vorgesehen sind (Protokoll \u201eSicherer Empfang\u201c \u2013 Federalberghi). Selbstverst\u00e4ndlich stehen alle Dienstleistungen des Hotel Royal**** zur Verf\u00fcgung Nachstehend \u00a0die wichtigsten spezifischen...","protected":false},"author":1,"featured_media":0,"parent":0,"menu_order":0,"comment_status":"closed","ping_status":"closed","template":"","meta":{"footnotes":""},"class_list":["post-2184","page","type-page","status-publish","hentry"],"yoast_head":"<!-- This site is optimized with the Yoast SEO plugin v26.4 - https:\/\/yoast.com\/wordpress\/plugins\/seo\/ -->\n<title>Ein Urlaub in Italien mit Entspannung und Sicherheit<\/title>\n<meta name=\"robots\" content=\"index, follow, max-snippet:-1, max-image-preview:large, max-video-preview:-1\" \/>\n<link rel=\"canonical\" href=\"https:\/\/www.hroyal.it\/it\/vacanze-in-sicurezza-a-cesenatico.html\" \/>\n<meta property=\"og:locale\" content=\"de_DE\" \/>\n<meta property=\"og:type\" content=\"article\" \/>\n<meta property=\"og:title\" content=\"Ein Urlaub in Italien mit Entspannung und Sicherheit\" \/>\n<meta property=\"og:url\" content=\"https:\/\/www.hroyal.it\/it\/vacanze-in-sicurezza-a-cesenatico.html\" \/>\n<meta property=\"og:site_name\" content=\"Hotel Royal Cesenatico\" \/>\n<meta property=\"article:publisher\" content=\"https:\/\/it-it.facebook.com\/hroyalcesenatico\/\" \/>\n<meta property=\"article:modified_time\" content=\"2022-11-22T10:52:10+00:00\" \/>\n<meta name=\"twitter:card\" content=\"summary_large_image\" \/>\n<meta name=\"twitter:label1\" content=\"Gesch\u00e4tzte Lesezeit\" \/>\n\t<meta name=\"twitter:data1\" content=\"3\u00a0Minuten\" \/>\n<script type=\"application\/ld+json\" class=\"yoast-schema-graph\">{\"@context\":\"https:\/\/schema.org\",\"@graph\":[{\"@type\":\"WebPage\",\"@id\":\"https:\/\/www.hroyal.it\/it\/vacanze-in-sicurezza-a-cesenatico.html\",\"url\":\"https:\/\/www.hroyal.it\/it\/vacanze-in-sicurezza-a-cesenatico.html\",\"name\":\"Ein Urlaub in Italien mit Entspannung und Sicherheit\",\"isPartOf\":{\"@id\":\"https:\/\/www.hroyal.it\/it\/#website\"},\"datePublished\":\"2022-09-24T16:29:58+00:00\",\"dateModified\":\"2022-11-22T10:52:10+00:00\",\"breadcrumb\":{\"@id\":\"https:\/\/www.hroyal.it\/it\/vacanze-in-sicurezza-a-cesenatico.html#breadcrumb\"},\"inLanguage\":\"de\",\"potentialAction\":[{\"@type\":\"ReadAction\",\"target\":[\"https:\/\/www.hroyal.it\/it\/vacanze-in-sicurezza-a-cesenatico.html\"]}]},{\"@type\":\"BreadcrumbList\",\"@id\":\"https:\/\/www.hroyal.it\/it\/vacanze-in-sicurezza-a-cesenatico.html#breadcrumb\",\"itemListElement\":[{\"@type\":\"ListItem\",\"position\":1,\"name\":\"Home\",\"item\":\"https:\/\/www.hroyal.it\/de\"},{\"@type\":\"ListItem\",\"position\":2,\"name\":\"Ein Urlaub in Italien mit Entspannung und Sicherheit\"}]},{\"@type\":\"WebSite\",\"@id\":\"https:\/\/www.hroyal.it\/it\/#website\",\"url\":\"https:\/\/www.hroyal.it\/it\/\",\"name\":\"Hotel Royal Cesenatico\",\"description\":\"**** Royal Cesenatico : Hotel 4 stelle All inclusive sul Mare Cesenatico con Piscina e Spiaggia privata\",\"publisher\":{\"@id\":\"https:\/\/www.hroyal.it\/it\/#organization\"},\"alternateName\":\"Hotel Royal 4 stelle sul lungomare di Cesenatico\",\"potentialAction\":[{\"@type\":\"SearchAction\",\"target\":{\"@type\":\"EntryPoint\",\"urlTemplate\":\"https:\/\/www.hroyal.it\/it\/?s={search_term_string}\"},\"query-input\":{\"@type\":\"PropertyValueSpecification\",\"valueRequired\":true,\"valueName\":\"search_term_string\"}}],\"inLanguage\":\"de\"},{\"@type\":\"Organization\",\"@id\":\"https:\/\/www.hroyal.it\/it\/#organization\",\"name\":\"Hotel Royal Cesenatico\",\"url\":\"https:\/\/www.hroyal.it\/it\/\",\"logo\":{\"@type\":\"ImageObject\",\"inLanguage\":\"de\",\"@id\":\"https:\/\/www.hroyal.it\/it\/#\/schema\/logo\/image\/\",\"url\":\"https:\/\/www.hroyal.it\/wp-content\/uploads\/2022\/08\/logo-royal2-1.png\",\"contentUrl\":\"https:\/\/www.hroyal.it\/wp-content\/uploads\/2022\/08\/logo-royal2-1.png\",\"width\":262,\"height\":91,\"caption\":\"Hotel Royal Cesenatico\"},\"image\":{\"@id\":\"https:\/\/www.hroyal.it\/it\/#\/schema\/logo\/image\/\"},\"sameAs\":[\"https:\/\/it-it.facebook.com\/hroyalcesenatico\/\",\"https:\/\/www.instagram.com\/hotelroyalcesenatico\/\"]}]}<\/script>\n<!-- \/ Yoast SEO plugin. -->","yoast_head_json":{"title":"Ein Urlaub in Italien mit Entspannung und Sicherheit","robots":{"index":"index","follow":"follow","max-snippet":"max-snippet:-1","max-image-preview":"max-image-preview:large","max-video-preview":"max-video-preview:-1"},"canonical":"https:\/\/www.hroyal.it\/it\/vacanze-in-sicurezza-a-cesenatico.html","og_locale":"de_DE","og_type":"article","og_title":"Ein Urlaub in Italien mit Entspannung und Sicherheit","og_url":"https:\/\/www.hroyal.it\/it\/vacanze-in-sicurezza-a-cesenatico.html","og_site_name":"Hotel Royal Cesenatico","article_publisher":"https:\/\/it-it.facebook.com\/hroyalcesenatico\/","article_modified_time":"2022-11-22T10:52:10+00:00","twitter_card":"summary_large_image","twitter_misc":{"Gesch\u00e4tzte Lesezeit":"3\u00a0Minuten"},"schema":{"@context":"https:\/\/schema.org","@graph":[{"@type":"WebPage","@id":"https:\/\/www.hroyal.it\/it\/vacanze-in-sicurezza-a-cesenatico.html","url":"https:\/\/www.hroyal.it\/it\/vacanze-in-sicurezza-a-cesenatico.html","name":"Ein Urlaub in Italien mit Entspannung und Sicherheit","isPartOf":{"@id":"https:\/\/www.hroyal.it\/it\/#website"},"datePublished":"2022-09-24T16:29:58+00:00","dateModified":"2022-11-22T10:52:10+00:00","breadcrumb":{"@id":"https:\/\/www.hroyal.it\/it\/vacanze-in-sicurezza-a-cesenatico.html#breadcrumb"},"inLanguage":"de","potentialAction":[{"@type":"ReadAction","target":["https:\/\/www.hroyal.it\/it\/vacanze-in-sicurezza-a-cesenatico.html"]}]},{"@type":"BreadcrumbList","@id":"https:\/\/www.hroyal.it\/it\/vacanze-in-sicurezza-a-cesenatico.html#breadcrumb","itemListElement":[{"@type":"ListItem","position":1,"name":"Home","item":"https:\/\/www.hroyal.it\/de"},{"@type":"ListItem","position":2,"name":"Ein Urlaub in Italien mit Entspannung und Sicherheit"}]},{"@type":"WebSite","@id":"https:\/\/www.hroyal.it\/it\/#website","url":"https:\/\/www.hroyal.it\/it\/","name":"Hotel Royal Cesenatico","description":"**** Royal Cesenatico : Hotel 4 stelle All inclusive sul Mare Cesenatico con Piscina e Spiaggia privata","publisher":{"@id":"https:\/\/www.hroyal.it\/it\/#organization"},"alternateName":"Hotel Royal 4 stelle sul lungomare di Cesenatico","potentialAction":[{"@type":"SearchAction","target":{"@type":"EntryPoint","urlTemplate":"https:\/\/www.hroyal.it\/it\/?s={search_term_string}"},"query-input":{"@type":"PropertyValueSpecification","valueRequired":true,"valueName":"search_term_string"}}],"inLanguage":"de"},{"@type":"Organization","@id":"https:\/\/www.hroyal.it\/it\/#organization","name":"Hotel Royal Cesenatico","url":"https:\/\/www.hroyal.it\/it\/","logo":{"@type":"ImageObject","inLanguage":"de","@id":"https:\/\/www.hroyal.it\/it\/#\/schema\/logo\/image\/","url":"https:\/\/www.hroyal.it\/wp-content\/uploads\/2022\/08\/logo-royal2-1.png","contentUrl":"https:\/\/www.hroyal.it\/wp-content\/uploads\/2022\/08\/logo-royal2-1.png","width":262,"height":91,"caption":"Hotel Royal Cesenatico"},"image":{"@id":"https:\/\/www.hroyal.it\/it\/#\/schema\/logo\/image\/"},"sameAs":["https:\/\/it-it.facebook.com\/hroyalcesenatico\/","https:\/\/www.instagram.com\/hotelroyalcesenatico\/"]}]}},"_links":{"self":[{"href":"https:\/\/www.hroyal.it\/de\/wp-json\/wp\/v2\/pages\/2184","targetHints":{"allow":["GET"]}}],"collection":[{"href":"https:\/\/www.hroyal.it\/de\/wp-json\/wp\/v2\/pages"}],"about":[{"href":"https:\/\/www.hroyal.it\/de\/wp-json\/wp\/v2\/types\/page"}],"author":[{"embeddable":true,"href":"https:\/\/www.hroyal.it\/de\/wp-json\/wp\/v2\/users\/1"}],"replies":[{"embeddable":true,"href":"https:\/\/www.hroyal.it\/de\/wp-json\/wp\/v2\/comments?post=2184"}],"version-history":[{"count":4,"href":"https:\/\/www.hroyal.it\/de\/wp-json\/wp\/v2\/pages\/2184\/revisions"}],"predecessor-version":[{"id":2191,"href":"https:\/\/www.hroyal.it\/de\/wp-json\/wp\/v2\/pages\/2184\/revisions\/2191"}],"wp:attachment":[{"href":"https:\/\/www.hroyal.it\/de\/wp-json\/wp\/v2\/media?parent=2184"}],"curies":[{"name":"wp","href":"https:\/\/api.w.org\/{rel}","templated":true}]}}