{"id":2219,"date":"2022-10-09T13:31:57","date_gmt":"2022-10-09T13:31:57","guid":{"rendered":"https:\/\/ufficio80.xyz\/royal\/?page_id=2219"},"modified":"2022-12-02T14:28:04","modified_gmt":"2022-12-02T14:28:04","slug":"sehenswuerdigkeiten-romagna","status":"publish","type":"page","link":"https:\/\/www.hroyal.it\/de\/sehenswuerdigkeiten-romagna.html","title":{"rendered":"Sehensw\u00fcrdigkeiten in der Romagna"},"content":{"rendered":"<section class=\"l-section wpb_row height_medium color_primary with_img with_shape\"><div class=\"l-section-img\" role=\"img\" aria-label=\"Bild\" data-img-width=\"2560\" data-img-height=\"1195\" style=\"background-image: url(https:\/\/www.hroyal.it\/wp-content\/uploads\/2022\/10\/panoramica-romagna-scaled.jpg);\"><\/div><div class=\"l-section-overlay\" style=\"background:rgba(26,26,26,0.35)\"><\/div><div class=\"l-section-shape type_wave pos_bottom on_front hor_flip\" style=\"height:5vmax;color:#ffffff\"><svg xmlns=\"http:\/\/www.w3.org\/2000\/svg\" viewBox=\"0 4 64 4\" preserveAspectRatio=\"none\" width=\"100%\" height=\"100%\">\r\n\t<path fill=\"currentColor\" d=\"M64 6 C32 0 32 12 0 6 L0 8 L64 8 Z\"\/>\r\n<\/svg><\/div><div class=\"l-section-h i-cf\"><div class=\"g-cols vc_row via_grid cols_1 laptops-cols_inherit tablets-cols_inherit mobiles-cols_1 valign_top type_default stacking_default\"><div class=\"wpb_column vc_column_container\"><div class=\"vc_column-inner\"><h1 class=\"w-text\"><span class=\"w-text-h\"><span class=\"w-text-value\">Romagna<\/span><\/span><\/h1><div class=\"wpb_text_column us_custom_a6d9f5b5\"><div class=\"wpb_wrapper\"><h5>Hotel<br \/>\nRoyal Cesenatico<\/h5>\n<\/div><\/div><div class=\"w-btn-wrapper align_left\"><a class=\"w-btn us-btn-style_3\" href=\"https:\/\/www.hroyal.it\/de\/anfrage.html\"><span class=\"w-btn-label\">Anfrage<\/span><\/a><\/div><div class=\"w-separator size_custom\" style=\"height:8vmax\"><\/div><\/div><\/div><\/div><\/div><\/section><section class=\"l-section wpb_row us_custom_4fb9e5a3 height_small\"><div class=\"l-section-h i-cf\"><div class=\"g-cols vc_row via_grid cols_1 laptops-cols_inherit tablets-cols_inherit mobiles-cols_1 valign_top type_default stacking_default\"><div class=\"wpb_column vc_column_container\"><div class=\"vc_column-inner\"><div class=\"wpb_text_column\"><div class=\"wpb_wrapper\"><h1 style=\"text-align: center;\">Romagna<\/h1>\n<p style=\"text-align: center;\">Land der Freundlichkeit und der guten K\u00fcche, bietet die\u00a0Region Romagna\u00a0viel mehr als man sich in einem Urlaub erwarten kann.<br \/>\nHinter der farbenpr\u00e4chtigen Adriak\u00fcste mit ihren breiten Str\u00e4nden und jede Sorte Unterhaltungsm\u00f6glichkeit liegt das h\u00fcgelige Hinterland, mit seinen Obstplantagen, kleinen Feldern, Weing\u00e4rten, Olivenb\u00e4umen und ganz vielen pittoresken D\u00f6rfern mit einem einzartigen Artmut.<\/p>\n<\/div><\/div><\/div><\/div><\/div><\/div><\/section><section class=\"l-section wpb_row height_medium with_shape\"><div class=\"l-section-shape type_wave pos_top\" style=\"height:5vh;color:#ffffff\"><svg xmlns=\"http:\/\/www.w3.org\/2000\/svg\" viewBox=\"0 4 64 4\" preserveAspectRatio=\"none\" width=\"100%\" height=\"100%\">\r\n\t<path fill=\"currentColor\" d=\"M64 6 C32 0 32 12 0 6 L0 8 L64 8 Z\"\/>\r\n<\/svg><\/div><div class=\"l-section-h i-cf\"><div class=\"g-cols vc_row via_grid cols_1 laptops-cols_inherit tablets-cols_inherit mobiles-cols_1 valign_top type_default stacking_default\"><div class=\"wpb_column vc_column_container\"><div class=\"vc_column-inner\"><div class=\"w-separator size_medium\"><\/div><div class=\"w-image align_center meta_modern\"><div class=\"w-image-h\"><img decoding=\"async\" width=\"1150\" height=\"763\" src=\"https:\/\/www.hroyal.it\/wp-content\/uploads\/2022\/10\/San-Marino-1.jpg\" class=\"attachment-full size-full\" alt=\"\" loading=\"lazy\" srcset=\"https:\/\/www.hroyal.it\/wp-content\/uploads\/2022\/10\/San-Marino-1.jpg 1150w, https:\/\/www.hroyal.it\/wp-content\/uploads\/2022\/10\/San-Marino-1-300x199.jpg 300w, https:\/\/www.hroyal.it\/wp-content\/uploads\/2022\/10\/San-Marino-1-1024x679.jpg 1024w, https:\/\/www.hroyal.it\/wp-content\/uploads\/2022\/10\/San-Marino-1-24x16.jpg 24w, https:\/\/www.hroyal.it\/wp-content\/uploads\/2022\/10\/San-Marino-1-36x24.jpg 36w, https:\/\/www.hroyal.it\/wp-content\/uploads\/2022\/10\/San-Marino-1-48x32.jpg 48w\" sizes=\"auto, (max-width: 1150px) 100vw, 1150px\" \/><div class=\"w-image-meta\"><div class=\"w-image-title\">San Marino<\/div><\/div><\/div><\/div><div class=\"w-separator size_small\"><\/div><div class=\"wpb_text_column\"><div class=\"wpb_wrapper\"><p style=\"text-align: center;\"><strong>San Marino<\/strong>\u00a0erhebt sich auf einem Felsen, der die tiefer liegende Ebene und die Adriak\u00fcste \u00fcberblickt, und ist die \u00e4lteste und eigenartigste Republik der Welt.<\/p>\n<\/div><\/div><div class=\"w-separator size_large\"><\/div><div class=\"w-image align_center meta_modern\"><div class=\"w-image-h\"><img decoding=\"async\" width=\"1150\" height=\"613\" src=\"https:\/\/www.hroyal.it\/wp-content\/uploads\/2022\/10\/San-Leo.jpg\" class=\"attachment-full size-full\" alt=\"\" loading=\"lazy\" srcset=\"https:\/\/www.hroyal.it\/wp-content\/uploads\/2022\/10\/San-Leo.jpg 1150w, https:\/\/www.hroyal.it\/wp-content\/uploads\/2022\/10\/San-Leo-300x160.jpg 300w, https:\/\/www.hroyal.it\/wp-content\/uploads\/2022\/10\/San-Leo-1024x546.jpg 1024w, https:\/\/www.hroyal.it\/wp-content\/uploads\/2022\/10\/San-Leo-24x13.jpg 24w, https:\/\/www.hroyal.it\/wp-content\/uploads\/2022\/10\/San-Leo-36x19.jpg 36w, https:\/\/www.hroyal.it\/wp-content\/uploads\/2022\/10\/San-Leo-48x26.jpg 48w\" sizes=\"auto, (max-width: 1150px) 100vw, 1150px\" \/><div class=\"w-image-meta\"><div class=\"w-image-title\">San Leo<\/div><\/div><\/div><\/div><div class=\"w-separator size_small\"><\/div><div class=\"wpb_text_column\"><div class=\"wpb_wrapper\"><p style=\"text-align: center;\">Das Dorf von\u00a0<strong>San Leo\u00a0<\/strong>mit seiner grossartigen Festung war der Schauplatz f\u00fcr mehr als tausend Jahre b\u00fcrgerlicher und milit\u00e4rischer Schl\u00e4chten. Seine Festung wurde dann w\u00e4hrend der p\u00e4pstilchen Herrschaft in einem Gef\u00e4ngnis umgebaut.<\/p>\n<\/div><\/div><div class=\"w-separator size_large\"><\/div><div class=\"w-image align_center meta_modern\"><div class=\"w-image-h\"><img decoding=\"async\" width=\"1150\" height=\"767\" src=\"https:\/\/www.hroyal.it\/wp-content\/uploads\/2022\/10\/gradara.jpg\" class=\"attachment-full size-full\" alt=\"\" loading=\"lazy\" srcset=\"https:\/\/www.hroyal.it\/wp-content\/uploads\/2022\/10\/gradara.jpg 1150w, https:\/\/www.hroyal.it\/wp-content\/uploads\/2022\/10\/gradara-300x200.jpg 300w, https:\/\/www.hroyal.it\/wp-content\/uploads\/2022\/10\/gradara-1024x683.jpg 1024w, https:\/\/www.hroyal.it\/wp-content\/uploads\/2022\/10\/gradara-24x16.jpg 24w, https:\/\/www.hroyal.it\/wp-content\/uploads\/2022\/10\/gradara-36x24.jpg 36w, https:\/\/www.hroyal.it\/wp-content\/uploads\/2022\/10\/gradara-48x32.jpg 48w\" sizes=\"auto, (max-width: 1150px) 100vw, 1150px\" \/><div class=\"w-image-meta\"><div class=\"w-image-title\">gradara<\/div><\/div><\/div><\/div><div class=\"w-separator size_small\"><\/div><div class=\"wpb_text_column\"><div class=\"wpb_wrapper\"><p style=\"text-align: center;\"><strong>Gradara<\/strong>\u00a0beh\u00e4lt unversehrt den Glanz des alten Dorfes mit der hohen Ringmauer und dem Schloss, wo die Trag\u00f6die, von Paolo und Francesca stattfand, und die Dante Alighieri in se\u00ecner \u201eG\u00f6ttliche Kom\u00f6die\u201c besungen hat.<\/p>\n<\/div><\/div><div class=\"w-separator size_large\"><\/div><div class=\"w-image align_center meta_modern\"><div class=\"w-image-h\"><img decoding=\"async\" width=\"1150\" height=\"491\" src=\"https:\/\/www.hroyal.it\/wp-content\/uploads\/2022\/10\/Ravenna.jpg\" class=\"attachment-full size-full\" alt=\"\" loading=\"lazy\" srcset=\"https:\/\/www.hroyal.it\/wp-content\/uploads\/2022\/10\/Ravenna.jpg 1150w, https:\/\/www.hroyal.it\/wp-content\/uploads\/2022\/10\/Ravenna-300x128.jpg 300w, https:\/\/www.hroyal.it\/wp-content\/uploads\/2022\/10\/Ravenna-1024x437.jpg 1024w, https:\/\/www.hroyal.it\/wp-content\/uploads\/2022\/10\/Ravenna-24x10.jpg 24w, https:\/\/www.hroyal.it\/wp-content\/uploads\/2022\/10\/Ravenna-36x15.jpg 36w, https:\/\/www.hroyal.it\/wp-content\/uploads\/2022\/10\/Ravenna-48x20.jpg 48w\" sizes=\"auto, (max-width: 1150px) 100vw, 1150px\" \/><div class=\"w-image-meta\"><div class=\"w-image-title\">Ravenna<\/div><\/div><\/div><\/div><div class=\"w-separator size_small\"><\/div><div class=\"wpb_text_column\"><div class=\"wpb_wrapper\"><p style=\"text-align: center;\"><strong>Ravenna<\/strong>, vor mehr als tausend Jahre v. Chr. gegr\u00fcndet, ist wegen seiner geschichtilichen Vergangenheit, und seiner Kunstsch\u00e4tze eine der bedeutendsten St\u00e4dte Italiens. Die Bauwerke in byzantinischem und gotischem Stil zeugen noch heute von der ruhmreichen Vergangeinheit Ravennas. Die einzigartigen Mosaikarbeiten, das Grabmal Dantes, des ber\u00fchmsten Dichters Italiens, geben dem Besucher ein Bild davon wie verschiedene Stilepochen in harmonischer Einheit verbunden sind.<\/p>\n<\/div><\/div><div class=\"w-separator size_large\"><\/div><div class=\"g-cols wpb_row via_grid cols_2 laptops-cols_inherit tablets-cols_inherit mobiles-cols_1 valign_top type_default stacking_default\" style=\"--columns-gap:3rem;\"><div class=\"wpb_column vc_column_container\"><div class=\"vc_column-inner\"><div class=\"w-image align_center meta_modern\"><div class=\"w-image-h\"><img decoding=\"async\" width=\"1024\" height=\"699\" src=\"https:\/\/www.hroyal.it\/wp-content\/uploads\/2022\/10\/Rimini.jpg\" class=\"attachment-large size-large\" alt=\"\" loading=\"lazy\" srcset=\"https:\/\/www.hroyal.it\/wp-content\/uploads\/2022\/10\/Rimini.jpg 1024w, https:\/\/www.hroyal.it\/wp-content\/uploads\/2022\/10\/Rimini-300x205.jpg 300w, https:\/\/www.hroyal.it\/wp-content\/uploads\/2022\/10\/Rimini-24x16.jpg 24w, https:\/\/www.hroyal.it\/wp-content\/uploads\/2022\/10\/Rimini-36x25.jpg 36w, https:\/\/www.hroyal.it\/wp-content\/uploads\/2022\/10\/Rimini-48x33.jpg 48w\" sizes=\"auto, (max-width: 1024px) 100vw, 1024px\" \/><div class=\"w-image-meta\"><div class=\"w-image-title\">Rimini<\/div><\/div><\/div><\/div><\/div><\/div><div class=\"wpb_column vc_column_container\"><div class=\"vc_column-inner\"><div class=\"w-image align_center meta_modern\"><div class=\"w-image-h\"><img decoding=\"async\" width=\"1024\" height=\"699\" src=\"https:\/\/www.hroyal.it\/wp-content\/uploads\/2022\/10\/Cesena.jpg\" class=\"attachment-large size-large\" alt=\"\" loading=\"lazy\" srcset=\"https:\/\/www.hroyal.it\/wp-content\/uploads\/2022\/10\/Cesena.jpg 1024w, https:\/\/www.hroyal.it\/wp-content\/uploads\/2022\/10\/Cesena-300x205.jpg 300w, https:\/\/www.hroyal.it\/wp-content\/uploads\/2022\/10\/Cesena-24x16.jpg 24w, https:\/\/www.hroyal.it\/wp-content\/uploads\/2022\/10\/Cesena-36x25.jpg 36w, https:\/\/www.hroyal.it\/wp-content\/uploads\/2022\/10\/Cesena-48x33.jpg 48w\" sizes=\"auto, (max-width: 1024px) 100vw, 1024px\" \/><div class=\"w-image-meta\"><div class=\"w-image-title\">Cesena<\/div><\/div><\/div><\/div><\/div><\/div><\/div><\/div><\/div><\/div><\/div><\/section>\n","protected":false},"excerpt":{"rendered":"RomagnaHotel Royal Cesenatico AnfrageRomagna Land der Freundlichkeit und der guten K\u00fcche, bietet die\u00a0Region Romagna\u00a0viel mehr als man sich in einem Urlaub erwarten kann. Hinter der farbenpr\u00e4chtigen Adriak\u00fcste mit ihren breiten Str\u00e4nden und jede Sorte Unterhaltungsm\u00f6glichkeit liegt das h\u00fcgelige Hinterland, mit seinen Obstplantagen, kleinen Feldern, Weing\u00e4rten, Olivenb\u00e4umen und ganz vielen pittoresken D\u00f6rfern mit einem einzartigen Artmut....","protected":false},"author":1,"featured_media":0,"parent":0,"menu_order":0,"comment_status":"closed","ping_status":"closed","template":"","meta":{"footnotes":""},"class_list":["post-2219","page","type-page","status-publish","hentry"],"yoast_head":"<!-- This site is optimized with the Yoast SEO plugin v26.4 - https:\/\/yoast.com\/wordpress\/plugins\/seo\/ -->\n<title>Sehensw\u00fcrdigkeiten in der Romagna<\/title>\n<meta name=\"description\" content=\"Romagna, Land der Freundlichkeit und der guten K\u00fcche: San Marino, San Leo, Gradara, Ravenna, Rimini, Cesena.\" \/>\n<meta name=\"robots\" content=\"index, follow, max-snippet:-1, max-image-preview:large, max-video-preview:-1\" \/>\n<link rel=\"canonical\" href=\"https:\/\/www.hroyal.it\/de\/sehenswuerdigkeiten-romagna.html\" \/>\n<meta property=\"og:locale\" content=\"de_DE\" \/>\n<meta property=\"og:type\" content=\"article\" \/>\n<meta property=\"og:title\" content=\"Sehensw\u00fcrdigkeiten in der Romagna\" \/>\n<meta property=\"og:description\" content=\"Romagna, Land der Freundlichkeit und der guten K\u00fcche: San Marino, San Leo, Gradara, Ravenna, Rimini, Cesena.\" \/>\n<meta property=\"og:url\" content=\"https:\/\/www.hroyal.it\/de\/sehenswuerdigkeiten-romagna.html\" \/>\n<meta property=\"og:site_name\" content=\"Hotel Royal Cesenatico\" \/>\n<meta property=\"article:publisher\" content=\"https:\/\/it-it.facebook.com\/hroyalcesenatico\/\" \/>\n<meta property=\"article:modified_time\" content=\"2022-12-02T14:28:04+00:00\" \/>\n<meta name=\"twitter:card\" content=\"summary_large_image\" \/>\n<meta name=\"twitter:label1\" content=\"Gesch\u00e4tzte Lesezeit\" \/>\n\t<meta name=\"twitter:data1\" content=\"2\u00a0Minuten\" \/>\n<script type=\"application\/ld+json\" class=\"yoast-schema-graph\">{\"@context\":\"https:\/\/schema.org\",\"@graph\":[{\"@type\":\"WebPage\",\"@id\":\"https:\/\/www.hroyal.it\/de\/sehenswuerdigkeiten-romagna.html\",\"url\":\"https:\/\/www.hroyal.it\/de\/sehenswuerdigkeiten-romagna.html\",\"name\":\"Sehensw\u00fcrdigkeiten in der Romagna\",\"isPartOf\":{\"@id\":\"https:\/\/www.hroyal.it\/it\/#website\"},\"datePublished\":\"2022-10-09T13:31:57+00:00\",\"dateModified\":\"2022-12-02T14:28:04+00:00\",\"description\":\"Romagna, Land der Freundlichkeit und der guten K\u00fcche: San Marino, San Leo, Gradara, Ravenna, Rimini, Cesena.\",\"breadcrumb\":{\"@id\":\"https:\/\/www.hroyal.it\/de\/sehenswuerdigkeiten-romagna.html#breadcrumb\"},\"inLanguage\":\"de\",\"potentialAction\":[{\"@type\":\"ReadAction\",\"target\":[\"https:\/\/www.hroyal.it\/de\/sehenswuerdigkeiten-romagna.html\"]}]},{\"@type\":\"BreadcrumbList\",\"@id\":\"https:\/\/www.hroyal.it\/de\/sehenswuerdigkeiten-romagna.html#breadcrumb\",\"itemListElement\":[{\"@type\":\"ListItem\",\"position\":1,\"name\":\"Home\",\"item\":\"https:\/\/www.hroyal.it\/de\"},{\"@type\":\"ListItem\",\"position\":2,\"name\":\"Sehensw\u00fcrdigkeiten in der Romagna\"}]},{\"@type\":\"WebSite\",\"@id\":\"https:\/\/www.hroyal.it\/it\/#website\",\"url\":\"https:\/\/www.hroyal.it\/it\/\",\"name\":\"Hotel Royal Cesenatico\",\"description\":\"**** Royal Cesenatico : Hotel 4 stelle All inclusive sul Mare Cesenatico con Piscina e Spiaggia privata\",\"publisher\":{\"@id\":\"https:\/\/www.hroyal.it\/it\/#organization\"},\"alternateName\":\"Hotel Royal 4 stelle sul lungomare di Cesenatico\",\"potentialAction\":[{\"@type\":\"SearchAction\",\"target\":{\"@type\":\"EntryPoint\",\"urlTemplate\":\"https:\/\/www.hroyal.it\/it\/?s={search_term_string}\"},\"query-input\":{\"@type\":\"PropertyValueSpecification\",\"valueRequired\":true,\"valueName\":\"search_term_string\"}}],\"inLanguage\":\"de\"},{\"@type\":\"Organization\",\"@id\":\"https:\/\/www.hroyal.it\/it\/#organization\",\"name\":\"Hotel Royal Cesenatico\",\"url\":\"https:\/\/www.hroyal.it\/it\/\",\"logo\":{\"@type\":\"ImageObject\",\"inLanguage\":\"de\",\"@id\":\"https:\/\/www.hroyal.it\/it\/#\/schema\/logo\/image\/\",\"url\":\"https:\/\/www.hroyal.it\/wp-content\/uploads\/2022\/08\/logo-royal2-1.png\",\"contentUrl\":\"https:\/\/www.hroyal.it\/wp-content\/uploads\/2022\/08\/logo-royal2-1.png\",\"width\":262,\"height\":91,\"caption\":\"Hotel Royal Cesenatico\"},\"image\":{\"@id\":\"https:\/\/www.hroyal.it\/it\/#\/schema\/logo\/image\/\"},\"sameAs\":[\"https:\/\/it-it.facebook.com\/hroyalcesenatico\/\",\"https:\/\/www.instagram.com\/hotelroyalcesenatico\/\"]}]}<\/script>\n<!-- \/ Yoast SEO plugin. -->","yoast_head_json":{"title":"Sehensw\u00fcrdigkeiten in der Romagna","description":"Romagna, Land der Freundlichkeit und der guten K\u00fcche: San Marino, San Leo, Gradara, Ravenna, Rimini, Cesena.","robots":{"index":"index","follow":"follow","max-snippet":"max-snippet:-1","max-image-preview":"max-image-preview:large","max-video-preview":"max-video-preview:-1"},"canonical":"https:\/\/www.hroyal.it\/de\/sehenswuerdigkeiten-romagna.html","og_locale":"de_DE","og_type":"article","og_title":"Sehensw\u00fcrdigkeiten in der Romagna","og_description":"Romagna, Land der Freundlichkeit und der guten K\u00fcche: San Marino, San Leo, Gradara, Ravenna, Rimini, Cesena.","og_url":"https:\/\/www.hroyal.it\/de\/sehenswuerdigkeiten-romagna.html","og_site_name":"Hotel Royal Cesenatico","article_publisher":"https:\/\/it-it.facebook.com\/hroyalcesenatico\/","article_modified_time":"2022-12-02T14:28:04+00:00","twitter_card":"summary_large_image","twitter_misc":{"Gesch\u00e4tzte Lesezeit":"2\u00a0Minuten"},"schema":{"@context":"https:\/\/schema.org","@graph":[{"@type":"WebPage","@id":"https:\/\/www.hroyal.it\/de\/sehenswuerdigkeiten-romagna.html","url":"https:\/\/www.hroyal.it\/de\/sehenswuerdigkeiten-romagna.html","name":"Sehensw\u00fcrdigkeiten in der Romagna","isPartOf":{"@id":"https:\/\/www.hroyal.it\/it\/#website"},"datePublished":"2022-10-09T13:31:57+00:00","dateModified":"2022-12-02T14:28:04+00:00","description":"Romagna, Land der Freundlichkeit und der guten K\u00fcche: San Marino, San Leo, Gradara, Ravenna, Rimini, Cesena.","breadcrumb":{"@id":"https:\/\/www.hroyal.it\/de\/sehenswuerdigkeiten-romagna.html#breadcrumb"},"inLanguage":"de","potentialAction":[{"@type":"ReadAction","target":["https:\/\/www.hroyal.it\/de\/sehenswuerdigkeiten-romagna.html"]}]},{"@type":"BreadcrumbList","@id":"https:\/\/www.hroyal.it\/de\/sehenswuerdigkeiten-romagna.html#breadcrumb","itemListElement":[{"@type":"ListItem","position":1,"name":"Home","item":"https:\/\/www.hroyal.it\/de"},{"@type":"ListItem","position":2,"name":"Sehensw\u00fcrdigkeiten in der Romagna"}]},{"@type":"WebSite","@id":"https:\/\/www.hroyal.it\/it\/#website","url":"https:\/\/www.hroyal.it\/it\/","name":"Hotel Royal Cesenatico","description":"**** Royal Cesenatico : Hotel 4 stelle All inclusive sul Mare Cesenatico con Piscina e Spiaggia privata","publisher":{"@id":"https:\/\/www.hroyal.it\/it\/#organization"},"alternateName":"Hotel Royal 4 stelle sul lungomare di Cesenatico","potentialAction":[{"@type":"SearchAction","target":{"@type":"EntryPoint","urlTemplate":"https:\/\/www.hroyal.it\/it\/?s={search_term_string}"},"query-input":{"@type":"PropertyValueSpecification","valueRequired":true,"valueName":"search_term_string"}}],"inLanguage":"de"},{"@type":"Organization","@id":"https:\/\/www.hroyal.it\/it\/#organization","name":"Hotel Royal Cesenatico","url":"https:\/\/www.hroyal.it\/it\/","logo":{"@type":"ImageObject","inLanguage":"de","@id":"https:\/\/www.hroyal.it\/it\/#\/schema\/logo\/image\/","url":"https:\/\/www.hroyal.it\/wp-content\/uploads\/2022\/08\/logo-royal2-1.png","contentUrl":"https:\/\/www.hroyal.it\/wp-content\/uploads\/2022\/08\/logo-royal2-1.png","width":262,"height":91,"caption":"Hotel Royal Cesenatico"},"image":{"@id":"https:\/\/www.hroyal.it\/it\/#\/schema\/logo\/image\/"},"sameAs":["https:\/\/it-it.facebook.com\/hroyalcesenatico\/","https:\/\/www.instagram.com\/hotelroyalcesenatico\/"]}]}},"_links":{"self":[{"href":"https:\/\/www.hroyal.it\/de\/wp-json\/wp\/v2\/pages\/2219","targetHints":{"allow":["GET"]}}],"collection":[{"href":"https:\/\/www.hroyal.it\/de\/wp-json\/wp\/v2\/pages"}],"about":[{"href":"https:\/\/www.hroyal.it\/de\/wp-json\/wp\/v2\/types\/page"}],"author":[{"embeddable":true,"href":"https:\/\/www.hroyal.it\/de\/wp-json\/wp\/v2\/users\/1"}],"replies":[{"embeddable":true,"href":"https:\/\/www.hroyal.it\/de\/wp-json\/wp\/v2\/comments?post=2219"}],"version-history":[{"count":6,"href":"https:\/\/www.hroyal.it\/de\/wp-json\/wp\/v2\/pages\/2219\/revisions"}],"predecessor-version":[{"id":2438,"href":"https:\/\/www.hroyal.it\/de\/wp-json\/wp\/v2\/pages\/2219\/revisions\/2438"}],"wp:attachment":[{"href":"https:\/\/www.hroyal.it\/de\/wp-json\/wp\/v2\/media?parent=2219"}],"curies":[{"name":"wp","href":"https:\/\/api.w.org\/{rel}","templated":true}]}}