{"id":2264,"date":"2022-10-10T13:57:02","date_gmt":"2022-10-10T13:57:02","guid":{"rendered":"https:\/\/ufficio80.xyz\/royal\/?page_id=2264"},"modified":"2022-11-23T08:00:02","modified_gmt":"2022-11-23T08:00:02","slug":"kindehotel-cesenatico-angebote","status":"publish","type":"page","link":"https:\/\/www.hroyal.it\/de\/kindehotel-cesenatico-angebote.html","title":{"rendered":"Kinderhotel Cesenatico, Familienangebote mit Kindern Kostenlos"},"content":{"rendered":"<section class=\"l-section wpb_row height_medium color_primary with_img with_shape\"><div class=\"l-section-img\" role=\"img\" aria-label=\"Bild\" data-img-width=\"2560\" data-img-height=\"1195\" style=\"background-image: url(https:\/\/www.hroyal.it\/wp-content\/uploads\/2022\/10\/bimbi-gratis-1-scaled.jpg);\"><\/div><div class=\"l-section-overlay\" style=\"background:rgba(26,26,26,0.35)\"><\/div><div class=\"l-section-shape type_wave pos_bottom\" style=\"height:8vmax;color:\"><svg xmlns=\"http:\/\/www.w3.org\/2000\/svg\" viewBox=\"0 4 64 4\" preserveAspectRatio=\"none\" width=\"100%\" height=\"100%\">\r\n\t<path fill=\"currentColor\" d=\"M64 6 C32 0 32 12 0 6 L0 8 L64 8 Z\"\/>\r\n<\/svg><\/div><div class=\"l-section-h i-cf\"><div class=\"g-cols vc_row via_grid cols_1 laptops-cols_inherit tablets-cols_inherit mobiles-cols_1 valign_top type_default stacking_default\"><div class=\"wpb_column vc_column_container\"><div class=\"vc_column-inner\"><h1 class=\"w-text\"><span class=\"w-text-h\"><span class=\"w-text-value\">Kinder<br \/>\nErm\u00e4\u00dfigungen<\/span><\/span><\/h1><div class=\"wpb_text_column\"><div class=\"wpb_wrapper\"><h5>Ihr Urlaub in<br \/>\nder Romagna<\/h5>\n<\/div><\/div><div class=\"w-separator size_custom\" style=\"height:8vmax\"><\/div><\/div><\/div><\/div><\/div><\/section><section class=\"l-section wpb_row height_medium\"><div class=\"l-section-h i-cf\"><div class=\"g-cols vc_row via_grid cols_1 laptops-cols_inherit tablets-cols_inherit mobiles-cols_1 valign_top type_default stacking_default\"><div class=\"wpb_column vc_column_container\"><div class=\"vc_column-inner\"><div class=\"w-actionbox color_primary controls_right\"><div class=\"w-actionbox-text\"><h3 class=\"w-actionbox-title\">F\u00fcr Kinder: kostenlose Aufenthalte oder mit Super Erm\u00e4\u00dfigungen.<\/h3><\/div><div class=\"w-actionbox-controls\"><a class=\"w-btn us-btn-style_3\" href=\"https:\/\/www.hroyal.it\/de\/anfrage.html\"><span class=\"w-btn-label\">Anfrage<\/span><\/a><\/div><\/div><\/div><\/div><\/div><\/div><\/section><section class=\"l-section wpb_row us_custom_f08e73dd height_auto width_full with_shape\"><div class=\"l-section-shape type_wave pos_top\" style=\"height:10vh;\"><svg xmlns=\"http:\/\/www.w3.org\/2000\/svg\" viewBox=\"0 4 64 4\" preserveAspectRatio=\"none\" width=\"100%\" height=\"100%\">\r\n\t<path fill=\"currentColor\" d=\"M64 6 C32 0 32 12 0 6 L0 8 L64 8 Z\"\/>\r\n<\/svg><\/div><div class=\"l-section-h i-cf\"><div class=\"g-cols vc_row via_grid cols_1 laptops-cols_inherit tablets-cols_inherit mobiles-cols_1 valign_top type_default stacking_default\"><div class=\"wpb_column vc_column_container\"><div class=\"vc_column-inner\"><div class=\"w-grid us_carousel type_carousel layout_gallery_default preload_style_spinner items_4\" id=\"us_grid_1\" style=\"--items:4;--gap:5px;\"><style>.layout_gallery_default .w-grid-item-h{}<\/style><div class=\"w-grid-list owl-carousel valign_stretch dotstyle_circle navstyle_circle arrows-ver-pos_middle arrows-hor-pos_on_sides_inside arrows-disabled_hide owl-responsive-2000 with_arrows\" style=\"--transition-duration:350ms;--arrows-size:1.5rem;--arrows-hor-offset:calc(0px - 5px);--arrows-gap:10px;\">\t<article class=\"w-grid-item post-1223 attachment type-attachment status-inherit hentry\" data-id=\"1223\">\r\n\t\t<div class=\"w-grid-item-h\">\r\n\t\t\t\t\t\t<div class=\"w-post-elm post_image usg_post_image_1 stretched\"><img loading=\"lazy\" decoding=\"async\" width=\"1024\" height=\"695\" src=\"https:\/\/www.hroyal.it\/wp-content\/uploads\/2022\/10\/giochi-in-spiaggia-cesenatico-4.jpg\" class=\"attachment-large size-large\" alt=\"\" srcset=\"https:\/\/www.hroyal.it\/wp-content\/uploads\/2022\/10\/giochi-in-spiaggia-cesenatico-4.jpg 1024w, https:\/\/www.hroyal.it\/wp-content\/uploads\/2022\/10\/giochi-in-spiaggia-cesenatico-4-300x204.jpg 300w, https:\/\/www.hroyal.it\/wp-content\/uploads\/2022\/10\/giochi-in-spiaggia-cesenatico-4-24x16.jpg 24w, https:\/\/www.hroyal.it\/wp-content\/uploads\/2022\/10\/giochi-in-spiaggia-cesenatico-4-36x24.jpg 36w, https:\/\/www.hroyal.it\/wp-content\/uploads\/2022\/10\/giochi-in-spiaggia-cesenatico-4-48x33.jpg 48w\" sizes=\"auto, (max-width: 1024px) 100vw, 1024px\" \/><\/div>\t\t<\/div>\r\n\t\t\t<\/article>\r\n\t<article class=\"w-grid-item post-1211 attachment type-attachment status-inherit hentry\" data-id=\"1211\">\r\n\t\t<div class=\"w-grid-item-h\">\r\n\t\t\t\t\t\t<div class=\"w-post-elm post_image usg_post_image_1 stretched\"><img loading=\"lazy\" decoding=\"async\" width=\"1024\" height=\"695\" src=\"https:\/\/www.hroyal.it\/wp-content\/uploads\/2022\/10\/giochi-in-spiaggia-cesenatico-7.jpg\" class=\"attachment-large size-large\" alt=\"\" srcset=\"https:\/\/www.hroyal.it\/wp-content\/uploads\/2022\/10\/giochi-in-spiaggia-cesenatico-7.jpg 1024w, https:\/\/www.hroyal.it\/wp-content\/uploads\/2022\/10\/giochi-in-spiaggia-cesenatico-7-300x204.jpg 300w, https:\/\/www.hroyal.it\/wp-content\/uploads\/2022\/10\/giochi-in-spiaggia-cesenatico-7-24x16.jpg 24w, https:\/\/www.hroyal.it\/wp-content\/uploads\/2022\/10\/giochi-in-spiaggia-cesenatico-7-36x24.jpg 36w, https:\/\/www.hroyal.it\/wp-content\/uploads\/2022\/10\/giochi-in-spiaggia-cesenatico-7-48x33.jpg 48w\" sizes=\"auto, (max-width: 1024px) 100vw, 1024px\" \/><\/div>\t\t<\/div>\r\n\t\t\t<\/article>\r\n\t<article class=\"w-grid-item post-1214 attachment type-attachment status-inherit hentry\" data-id=\"1214\">\r\n\t\t<div class=\"w-grid-item-h\">\r\n\t\t\t\t\t\t<div class=\"w-post-elm post_image usg_post_image_1 stretched\"><img loading=\"lazy\" decoding=\"async\" width=\"1024\" height=\"695\" src=\"https:\/\/www.hroyal.it\/wp-content\/uploads\/2022\/10\/giochi-in-spiaggia-cesenatico-1.jpg\" class=\"attachment-large size-large\" alt=\"\" srcset=\"https:\/\/www.hroyal.it\/wp-content\/uploads\/2022\/10\/giochi-in-spiaggia-cesenatico-1.jpg 1024w, https:\/\/www.hroyal.it\/wp-content\/uploads\/2022\/10\/giochi-in-spiaggia-cesenatico-1-300x204.jpg 300w, https:\/\/www.hroyal.it\/wp-content\/uploads\/2022\/10\/giochi-in-spiaggia-cesenatico-1-24x16.jpg 24w, https:\/\/www.hroyal.it\/wp-content\/uploads\/2022\/10\/giochi-in-spiaggia-cesenatico-1-36x24.jpg 36w, https:\/\/www.hroyal.it\/wp-content\/uploads\/2022\/10\/giochi-in-spiaggia-cesenatico-1-48x33.jpg 48w\" sizes=\"auto, (max-width: 1024px) 100vw, 1024px\" \/><\/div>\t\t<\/div>\r\n\t\t\t<\/article>\r\n\t<article class=\"w-grid-item post-1217 attachment type-attachment status-inherit hentry\" data-id=\"1217\">\r\n\t\t<div class=\"w-grid-item-h\">\r\n\t\t\t\t\t\t<div class=\"w-post-elm post_image usg_post_image_1 stretched\"><img loading=\"lazy\" decoding=\"async\" width=\"1024\" height=\"695\" src=\"https:\/\/www.hroyal.it\/wp-content\/uploads\/2022\/10\/giochi-in-spiaggia-cesenatico-2.jpg\" class=\"attachment-large size-large\" alt=\"\" srcset=\"https:\/\/www.hroyal.it\/wp-content\/uploads\/2022\/10\/giochi-in-spiaggia-cesenatico-2.jpg 1024w, https:\/\/www.hroyal.it\/wp-content\/uploads\/2022\/10\/giochi-in-spiaggia-cesenatico-2-300x204.jpg 300w, https:\/\/www.hroyal.it\/wp-content\/uploads\/2022\/10\/giochi-in-spiaggia-cesenatico-2-24x16.jpg 24w, https:\/\/www.hroyal.it\/wp-content\/uploads\/2022\/10\/giochi-in-spiaggia-cesenatico-2-36x24.jpg 36w, https:\/\/www.hroyal.it\/wp-content\/uploads\/2022\/10\/giochi-in-spiaggia-cesenatico-2-48x33.jpg 48w\" sizes=\"auto, (max-width: 1024px) 100vw, 1024px\" \/><\/div>\t\t<\/div>\r\n\t\t\t<\/article>\r\n\t<article class=\"w-grid-item post-1220 attachment type-attachment status-inherit hentry\" data-id=\"1220\">\r\n\t\t<div class=\"w-grid-item-h\">\r\n\t\t\t\t\t\t<div class=\"w-post-elm post_image usg_post_image_1 stretched\"><img loading=\"lazy\" decoding=\"async\" width=\"1024\" height=\"695\" src=\"https:\/\/www.hroyal.it\/wp-content\/uploads\/2022\/10\/giochi-in-spiaggia-cesenatico-3.jpg\" class=\"attachment-large size-large\" alt=\"\" srcset=\"https:\/\/www.hroyal.it\/wp-content\/uploads\/2022\/10\/giochi-in-spiaggia-cesenatico-3.jpg 1024w, https:\/\/www.hroyal.it\/wp-content\/uploads\/2022\/10\/giochi-in-spiaggia-cesenatico-3-300x204.jpg 300w, https:\/\/www.hroyal.it\/wp-content\/uploads\/2022\/10\/giochi-in-spiaggia-cesenatico-3-24x16.jpg 24w, https:\/\/www.hroyal.it\/wp-content\/uploads\/2022\/10\/giochi-in-spiaggia-cesenatico-3-36x24.jpg 36w, https:\/\/www.hroyal.it\/wp-content\/uploads\/2022\/10\/giochi-in-spiaggia-cesenatico-3-48x33.jpg 48w\" sizes=\"auto, (max-width: 1024px) 100vw, 1024px\" \/><\/div>\t\t<\/div>\r\n\t\t\t<\/article>\r\n\t<article class=\"w-grid-item post-1226 attachment type-attachment status-inherit hentry\" data-id=\"1226\">\r\n\t\t<div class=\"w-grid-item-h\">\r\n\t\t\t\t\t\t<div class=\"w-post-elm post_image usg_post_image_1 stretched\"><img loading=\"lazy\" decoding=\"async\" width=\"1024\" height=\"695\" src=\"https:\/\/www.hroyal.it\/wp-content\/uploads\/2022\/10\/giochi-in-spiaggia-cesenatico-5.jpg\" class=\"attachment-large size-large\" alt=\"\" srcset=\"https:\/\/www.hroyal.it\/wp-content\/uploads\/2022\/10\/giochi-in-spiaggia-cesenatico-5.jpg 1024w, https:\/\/www.hroyal.it\/wp-content\/uploads\/2022\/10\/giochi-in-spiaggia-cesenatico-5-300x204.jpg 300w, https:\/\/www.hroyal.it\/wp-content\/uploads\/2022\/10\/giochi-in-spiaggia-cesenatico-5-24x16.jpg 24w, https:\/\/www.hroyal.it\/wp-content\/uploads\/2022\/10\/giochi-in-spiaggia-cesenatico-5-36x24.jpg 36w, https:\/\/www.hroyal.it\/wp-content\/uploads\/2022\/10\/giochi-in-spiaggia-cesenatico-5-48x33.jpg 48w\" sizes=\"auto, (max-width: 1024px) 100vw, 1024px\" \/><\/div>\t\t<\/div>\r\n\t\t\t<\/article>\r\n\t<article class=\"w-grid-item post-1229 attachment type-attachment status-inherit hentry\" data-id=\"1229\">\r\n\t\t<div class=\"w-grid-item-h\">\r\n\t\t\t\t\t\t<div class=\"w-post-elm post_image usg_post_image_1 stretched\"><img loading=\"lazy\" decoding=\"async\" width=\"1024\" height=\"695\" src=\"https:\/\/www.hroyal.it\/wp-content\/uploads\/2022\/10\/giochi-in-spiaggia-cesenatico-6.jpg\" class=\"attachment-large size-large\" alt=\"\" srcset=\"https:\/\/www.hroyal.it\/wp-content\/uploads\/2022\/10\/giochi-in-spiaggia-cesenatico-6.jpg 1024w, https:\/\/www.hroyal.it\/wp-content\/uploads\/2022\/10\/giochi-in-spiaggia-cesenatico-6-300x204.jpg 300w, https:\/\/www.hroyal.it\/wp-content\/uploads\/2022\/10\/giochi-in-spiaggia-cesenatico-6-24x16.jpg 24w, https:\/\/www.hroyal.it\/wp-content\/uploads\/2022\/10\/giochi-in-spiaggia-cesenatico-6-36x24.jpg 36w, https:\/\/www.hroyal.it\/wp-content\/uploads\/2022\/10\/giochi-in-spiaggia-cesenatico-6-48x33.jpg 48w\" sizes=\"auto, (max-width: 1024px) 100vw, 1024px\" \/><\/div>\t\t<\/div>\r\n\t\t\t<\/article>\r\n<\/div><div class=\"w-grid-carousel-json hidden\" onclick='return {&quot;carousel_settings&quot;:{&quot;aria_labels&quot;:{&quot;prev&quot;:&quot;Zur\\u00fcck&quot;,&quot;next&quot;:&quot;Weiter&quot;},&quot;autoplayContinual&quot;:false,&quot;autoplayHoverPause&quot;:false,&quot;autoplayTimeout&quot;:3000,&quot;autoWidth&quot;:false,&quot;smartSpeed&quot;:350,&quot;margin&quot;:0,&quot;mouseDrag&quot;:true,&quot;rtl&quot;:false,&quot;slideBy&quot;:&quot;page&quot;,&quot;touchDrag&quot;:true,&quot;slideTransition&quot;:&quot;&quot;,&quot;responsive&quot;:{&quot;0&quot;:{&quot;autoHeight&quot;:false,&quot;autoplay&quot;:true,&quot;autoWidth&quot;:false,&quot;center&quot;:false,&quot;dots&quot;:false,&quot;items&quot;:1,&quot;loop&quot;:true,&quot;nav&quot;:false,&quot;stagePadding&quot;:0,&quot;slideBy&quot;:&quot;1&quot;},&quot;630&quot;:{&quot;autoHeight&quot;:false,&quot;autoplay&quot;:true,&quot;autoWidth&quot;:false,&quot;center&quot;:false,&quot;dots&quot;:false,&quot;items&quot;:2,&quot;loop&quot;:true,&quot;nav&quot;:true,&quot;stagePadding&quot;:0,&quot;slideBy&quot;:&quot;1&quot;},&quot;1025&quot;:{&quot;autoHeight&quot;:false,&quot;autoplay&quot;:true,&quot;autoWidth&quot;:false,&quot;center&quot;:false,&quot;dots&quot;:false,&quot;items&quot;:3,&quot;loop&quot;:true,&quot;nav&quot;:true,&quot;stagePadding&quot;:0,&quot;slideBy&quot;:&quot;1&quot;},&quot;1500&quot;:{&quot;items&quot;:4,&quot;autoplay&quot;:false,&quot;center&quot;:false,&quot;dots&quot;:false,&quot;nav&quot;:true,&quot;autoHeight&quot;:false,&quot;autoWidth&quot;:false,&quot;loop&quot;:true,&quot;stagePadding&quot;:0}}}}'><\/div><\/div><\/div><\/div><\/div><\/div><\/section><section class=\"l-section wpb_row height_small width_full\"><div class=\"l-section-h i-cf\"><div class=\"g-cols vc_row via_grid cols_2-1 laptops-cols_inherit tablets-cols_1 mobiles-cols_1 valign_middle type_default stacking_default\" style=\"--columns-gap:0rem;\"><div class=\"wpb_column vc_column_container us_custom_66385c1b\"><div class=\"vc_column-inner\"><div class=\"g-cols wpb_row via_grid cols_1 laptops-cols_inherit tablets-cols_inherit mobiles-cols_1 valign_middle type_default stacking_default\" style=\"--columns-gap:3rem;\"><div class=\"wpb_column vc_column_container\"><div class=\"vc_column-inner\"><div class=\"w-separator size_medium\"><\/div><div class=\"wpb_text_column\"><div class=\"wpb_wrapper\"><h2 style=\"text-align: center;\">Kinderleistungen<\/h2>\n<\/div><\/div><div class=\"w-separator size_medium\"><\/div><div class=\"w-tabs us_custom_e01ef84c layout_ver navwidth_30 navpos_left style_trendy switch_click has_scrolling remove_indents\" style=\"--sections-title-size:1.6rem\"><div class=\"w-tabs-list items_3 align_none\" style=\"font-weight:600;line-height:1rem;\"><div class=\"w-tabs-list-h\"><button class=\"w-tabs-item active with_icon\" aria-controls=\"content-h651\" aria-expanded=\"false\"><i class=\"fas fa-utensils\"><\/i><span class=\"w-tabs-item-title\">Im Restaurant<\/span><\/button><button class=\"w-tabs-item with_icon\" aria-controls=\"content-g734\" aria-expanded=\"false\"><i class=\"fas fa-hotel\"><\/i><span class=\"w-tabs-item-title\">Im Hotel<\/span><\/button><button class=\"w-tabs-item with_icon\" aria-controls=\"content-t810\" aria-expanded=\"false\"><i class=\"fas fa-bed\"><\/i><span class=\"w-tabs-item-title\">Im Zimmer<\/span><\/button><\/div><\/div><div class=\"w-tabs-sections titles-align_none icon_chevron cpos_right\"><div class=\"w-tabs-section active\" id=\"h651\"><button class=\"w-tabs-section-header active with_icon\" aria-controls=\"content-h651\" aria-expanded=\"true\"><i class=\"fas fa-utensils\"><\/i><h3 class=\"w-tabs-section-title\">Im Restaurant<\/h3><div class=\"w-tabs-section-control\"><\/div><\/button><div  class=\"w-tabs-section-content\" id=\"content-h651\"><div class=\"w-tabs-section-content-h i-cf\"><div class=\"wpb_text_column us_custom_d89e4085\"><div class=\"wpb_wrapper\"><ul>\n<li>Flexible Speisezeiten: Mittagessen ab 11:00 Uhr und Abendessen ab 18:30 Uhr<\/li>\n<li>Personalisierte Men\u00fcs<\/li>\n<li>Nur frische Produkte f\u00fcr unsere Kinder:<\/li>\n<\/ul>\n<p><em>Breie, Gem\u00fcse- und Fleischbr\u00fchen, passierte Gem\u00fcsesuppe, Nudeln mit verschiedenen Saucen, Fleich- und Fischhauptspeisen und Obstmixgetr\u00e4nke<\/em><\/p>\n<ul>\n<li>Nachmittags-Snack mit Nutella, Zuckerwatte und Wassermelone Party<\/li>\n<li>Geburtstagskuchen<\/li>\n<li>Kinderhochst\u00fchle<\/li>\n<\/ul>\n<\/div><\/div><\/div><\/div><\/div><div class=\"w-tabs-section\" id=\"g734\"><button class=\"w-tabs-section-header with_icon\" aria-controls=\"content-g734\" aria-expanded=\"false\"><i class=\"fas fa-hotel\"><\/i><h3 class=\"w-tabs-section-title\">Im Hotel<\/h3><div class=\"w-tabs-section-control\"><\/div><\/button><div  class=\"w-tabs-section-content us_custom_29f9693d\" id=\"content-g734\"><div class=\"w-tabs-section-content-h i-cf\"><div class=\"wpb_text_column us_custom_d89e4085\"><div class=\"wpb_wrapper\"><ul>\n<li>Animationsprogramm<\/li>\n<li>K\u00fchlschrank zur freien Verf\u00fcgung<\/li>\n<li>Buggys<\/li>\n<li>Schwimmbad<\/li>\n<li>Kleine Kinder-Apotheke<\/li>\n<\/ul>\n<\/div><\/div><\/div><\/div><\/div><div class=\"w-tabs-section\" id=\"t810\"><button class=\"w-tabs-section-header with_icon\" aria-controls=\"content-t810\" aria-expanded=\"false\"><i class=\"fas fa-bed\"><\/i><h3 class=\"w-tabs-section-title\">Im Zimmer<\/h3><div class=\"w-tabs-section-control\"><\/div><\/button><div  class=\"w-tabs-section-content\" id=\"content-t810\"><div class=\"w-tabs-section-content-h i-cf\"><div class=\"wpb_text_column us_custom_d89e4085\"><div class=\"wpb_wrapper\"><ul>\n<li>Kinderbett oder Kinderschutz f\u00fcr das Bett<\/li>\n<li>Badewannen<\/li>\n<li>WC Verringerung<\/li>\n<li>Kleine Hocker<\/li>\n<li>Flaschenw\u00e4rmer<\/li>\n<li>Babyphone<\/li>\n<\/ul>\n<\/div><\/div><\/div><\/div><\/div><\/div><\/div><\/div><\/div><\/div><div class=\"w-separator size_medium\"><\/div><div class=\"w-actionbox color_primary controls_right\"><div class=\"w-actionbox-text\"><p class=\"w-actionbox-title\" style=\"font-size:24px\">F\u00fcr Kinder: kostenlose Aufenthalte oder mit Super Erm\u00e4\u00dfigungen.<\/p><\/div><div class=\"w-actionbox-controls\"><a class=\"w-btn us-btn-style_3\" href=\"https:\/\/www.hroyal.it\/de\/anfrage.html\"><span class=\"w-btn-label\">Anfrage<\/span><\/a><\/div><\/div><div class=\"wpb_column vc_column_container\"><div class=\"vc_column-inner\"><\/div><\/div><\/div><\/div><div class=\"wpb_column vc_column_container us_custom_1778d0e6 hide_on_tablets hide_on_mobiles has_bg_color\"><div class=\"vc_column-inner\"><\/div><\/div><\/div><\/div><\/section>\n","protected":false},"excerpt":{"rendered":"","protected":false},"author":1,"featured_media":0,"parent":0,"menu_order":0,"comment_status":"closed","ping_status":"closed","template":"","meta":{"footnotes":""},"class_list":["post-2264","page","type-page","status-publish","hentry"],"yoast_head":"<!-- This site is optimized with the Yoast SEO plugin v26.4 - https:\/\/yoast.com\/wordpress\/plugins\/seo\/ -->\n<title>Kinderhotel Cesenatico, Familienangebote mit Kindern Kostenlos<\/title>\n<meta name=\"robots\" content=\"index, follow, max-snippet:-1, max-image-preview:large, max-video-preview:-1\" \/>\n<link rel=\"canonical\" href=\"https:\/\/www.hroyal.it\/it\/hotel-bambini-gratis-cesenatico-hotel-per-famiglie.html\" \/>\n<meta property=\"og:locale\" content=\"de_DE\" \/>\n<meta property=\"og:type\" content=\"article\" \/>\n<meta property=\"og:title\" content=\"Kinderhotel Cesenatico, Familienangebote mit Kindern Kostenlos\" \/>\n<meta property=\"og:url\" content=\"https:\/\/www.hroyal.it\/it\/hotel-bambini-gratis-cesenatico-hotel-per-famiglie.html\" \/>\n<meta property=\"og:site_name\" content=\"Hotel Royal Cesenatico\" \/>\n<meta property=\"article:publisher\" content=\"https:\/\/it-it.facebook.com\/hroyalcesenatico\/\" \/>\n<meta property=\"article:modified_time\" content=\"2022-11-23T08:00:02+00:00\" \/>\n<meta name=\"twitter:card\" content=\"summary_large_image\" \/>\n<meta name=\"twitter:label1\" content=\"Gesch\u00e4tzte Lesezeit\" \/>\n\t<meta name=\"twitter:data1\" content=\"4\u00a0Minuten\" \/>\n<script type=\"application\/ld+json\" class=\"yoast-schema-graph\">{\"@context\":\"https:\/\/schema.org\",\"@graph\":[{\"@type\":\"WebPage\",\"@id\":\"https:\/\/www.hroyal.it\/it\/hotel-bambini-gratis-cesenatico-hotel-per-famiglie.html\",\"url\":\"https:\/\/www.hroyal.it\/it\/hotel-bambini-gratis-cesenatico-hotel-per-famiglie.html\",\"name\":\"Kinderhotel Cesenatico, Familienangebote mit Kindern Kostenlos\",\"isPartOf\":{\"@id\":\"https:\/\/www.hroyal.it\/it\/#website\"},\"datePublished\":\"2022-10-10T13:57:02+00:00\",\"dateModified\":\"2022-11-23T08:00:02+00:00\",\"breadcrumb\":{\"@id\":\"https:\/\/www.hroyal.it\/it\/hotel-bambini-gratis-cesenatico-hotel-per-famiglie.html#breadcrumb\"},\"inLanguage\":\"de\",\"potentialAction\":[{\"@type\":\"ReadAction\",\"target\":[\"https:\/\/www.hroyal.it\/it\/hotel-bambini-gratis-cesenatico-hotel-per-famiglie.html\"]}]},{\"@type\":\"BreadcrumbList\",\"@id\":\"https:\/\/www.hroyal.it\/it\/hotel-bambini-gratis-cesenatico-hotel-per-famiglie.html#breadcrumb\",\"itemListElement\":[{\"@type\":\"ListItem\",\"position\":1,\"name\":\"Home\",\"item\":\"https:\/\/www.hroyal.it\/de\"},{\"@type\":\"ListItem\",\"position\":2,\"name\":\"Kinderhotel Cesenatico, Familienangebote mit Kindern Kostenlos\"}]},{\"@type\":\"WebSite\",\"@id\":\"https:\/\/www.hroyal.it\/it\/#website\",\"url\":\"https:\/\/www.hroyal.it\/it\/\",\"name\":\"Hotel Royal Cesenatico\",\"description\":\"**** Royal Cesenatico : Hotel 4 stelle All inclusive sul Mare Cesenatico con Piscina e Spiaggia privata\",\"publisher\":{\"@id\":\"https:\/\/www.hroyal.it\/it\/#organization\"},\"alternateName\":\"Hotel Royal 4 stelle sul lungomare di Cesenatico\",\"potentialAction\":[{\"@type\":\"SearchAction\",\"target\":{\"@type\":\"EntryPoint\",\"urlTemplate\":\"https:\/\/www.hroyal.it\/it\/?s={search_term_string}\"},\"query-input\":{\"@type\":\"PropertyValueSpecification\",\"valueRequired\":true,\"valueName\":\"search_term_string\"}}],\"inLanguage\":\"de\"},{\"@type\":\"Organization\",\"@id\":\"https:\/\/www.hroyal.it\/it\/#organization\",\"name\":\"Hotel Royal Cesenatico\",\"url\":\"https:\/\/www.hroyal.it\/it\/\",\"logo\":{\"@type\":\"ImageObject\",\"inLanguage\":\"de\",\"@id\":\"https:\/\/www.hroyal.it\/it\/#\/schema\/logo\/image\/\",\"url\":\"https:\/\/www.hroyal.it\/wp-content\/uploads\/2022\/08\/logo-royal2-1.png\",\"contentUrl\":\"https:\/\/www.hroyal.it\/wp-content\/uploads\/2022\/08\/logo-royal2-1.png\",\"width\":262,\"height\":91,\"caption\":\"Hotel Royal Cesenatico\"},\"image\":{\"@id\":\"https:\/\/www.hroyal.it\/it\/#\/schema\/logo\/image\/\"},\"sameAs\":[\"https:\/\/it-it.facebook.com\/hroyalcesenatico\/\",\"https:\/\/www.instagram.com\/hotelroyalcesenatico\/\"]}]}<\/script>\n<!-- \/ Yoast SEO plugin. -->","yoast_head_json":{"title":"Kinderhotel Cesenatico, Familienangebote mit Kindern Kostenlos","robots":{"index":"index","follow":"follow","max-snippet":"max-snippet:-1","max-image-preview":"max-image-preview:large","max-video-preview":"max-video-preview:-1"},"canonical":"https:\/\/www.hroyal.it\/it\/hotel-bambini-gratis-cesenatico-hotel-per-famiglie.html","og_locale":"de_DE","og_type":"article","og_title":"Kinderhotel Cesenatico, Familienangebote mit Kindern Kostenlos","og_url":"https:\/\/www.hroyal.it\/it\/hotel-bambini-gratis-cesenatico-hotel-per-famiglie.html","og_site_name":"Hotel Royal Cesenatico","article_publisher":"https:\/\/it-it.facebook.com\/hroyalcesenatico\/","article_modified_time":"2022-11-23T08:00:02+00:00","twitter_card":"summary_large_image","twitter_misc":{"Gesch\u00e4tzte Lesezeit":"4\u00a0Minuten"},"schema":{"@context":"https:\/\/schema.org","@graph":[{"@type":"WebPage","@id":"https:\/\/www.hroyal.it\/it\/hotel-bambini-gratis-cesenatico-hotel-per-famiglie.html","url":"https:\/\/www.hroyal.it\/it\/hotel-bambini-gratis-cesenatico-hotel-per-famiglie.html","name":"Kinderhotel Cesenatico, Familienangebote mit Kindern Kostenlos","isPartOf":{"@id":"https:\/\/www.hroyal.it\/it\/#website"},"datePublished":"2022-10-10T13:57:02+00:00","dateModified":"2022-11-23T08:00:02+00:00","breadcrumb":{"@id":"https:\/\/www.hroyal.it\/it\/hotel-bambini-gratis-cesenatico-hotel-per-famiglie.html#breadcrumb"},"inLanguage":"de","potentialAction":[{"@type":"ReadAction","target":["https:\/\/www.hroyal.it\/it\/hotel-bambini-gratis-cesenatico-hotel-per-famiglie.html"]}]},{"@type":"BreadcrumbList","@id":"https:\/\/www.hroyal.it\/it\/hotel-bambini-gratis-cesenatico-hotel-per-famiglie.html#breadcrumb","itemListElement":[{"@type":"ListItem","position":1,"name":"Home","item":"https:\/\/www.hroyal.it\/de"},{"@type":"ListItem","position":2,"name":"Kinderhotel Cesenatico, Familienangebote mit Kindern Kostenlos"}]},{"@type":"WebSite","@id":"https:\/\/www.hroyal.it\/it\/#website","url":"https:\/\/www.hroyal.it\/it\/","name":"Hotel Royal Cesenatico","description":"**** Royal Cesenatico : Hotel 4 stelle All inclusive sul Mare Cesenatico con Piscina e Spiaggia privata","publisher":{"@id":"https:\/\/www.hroyal.it\/it\/#organization"},"alternateName":"Hotel Royal 4 stelle sul lungomare di Cesenatico","potentialAction":[{"@type":"SearchAction","target":{"@type":"EntryPoint","urlTemplate":"https:\/\/www.hroyal.it\/it\/?s={search_term_string}"},"query-input":{"@type":"PropertyValueSpecification","valueRequired":true,"valueName":"search_term_string"}}],"inLanguage":"de"},{"@type":"Organization","@id":"https:\/\/www.hroyal.it\/it\/#organization","name":"Hotel Royal Cesenatico","url":"https:\/\/www.hroyal.it\/it\/","logo":{"@type":"ImageObject","inLanguage":"de","@id":"https:\/\/www.hroyal.it\/it\/#\/schema\/logo\/image\/","url":"https:\/\/www.hroyal.it\/wp-content\/uploads\/2022\/08\/logo-royal2-1.png","contentUrl":"https:\/\/www.hroyal.it\/wp-content\/uploads\/2022\/08\/logo-royal2-1.png","width":262,"height":91,"caption":"Hotel Royal Cesenatico"},"image":{"@id":"https:\/\/www.hroyal.it\/it\/#\/schema\/logo\/image\/"},"sameAs":["https:\/\/it-it.facebook.com\/hroyalcesenatico\/","https:\/\/www.instagram.com\/hotelroyalcesenatico\/"]}]}},"_links":{"self":[{"href":"https:\/\/www.hroyal.it\/de\/wp-json\/wp\/v2\/pages\/2264","targetHints":{"allow":["GET"]}}],"collection":[{"href":"https:\/\/www.hroyal.it\/de\/wp-json\/wp\/v2\/pages"}],"about":[{"href":"https:\/\/www.hroyal.it\/de\/wp-json\/wp\/v2\/types\/page"}],"author":[{"embeddable":true,"href":"https:\/\/www.hroyal.it\/de\/wp-json\/wp\/v2\/users\/1"}],"replies":[{"embeddable":true,"href":"https:\/\/www.hroyal.it\/de\/wp-json\/wp\/v2\/comments?post=2264"}],"version-history":[{"count":6,"href":"https:\/\/www.hroyal.it\/de\/wp-json\/wp\/v2\/pages\/2264\/revisions"}],"predecessor-version":[{"id":2435,"href":"https:\/\/www.hroyal.it\/de\/wp-json\/wp\/v2\/pages\/2264\/revisions\/2435"}],"wp:attachment":[{"href":"https:\/\/www.hroyal.it\/de\/wp-json\/wp\/v2\/media?parent=2264"}],"curies":[{"name":"wp","href":"https:\/\/api.w.org\/{rel}","templated":true}]}}