{"id":2271,"date":"2022-10-10T13:39:04","date_gmt":"2022-10-10T13:39:04","guid":{"rendered":"https:\/\/ufficio80.xyz\/royal\/?page_id=2271"},"modified":"2023-12-15T11:33:44","modified_gmt":"2023-12-15T11:33:44","slug":"spezielle-urlaubspreise-in-cesenatico","status":"publish","type":"page","link":"https:\/\/www.hroyal.it\/de\/spezielle-urlaubspreise-in-cesenatico.html","title":{"rendered":"Urlaubspreise in Cesenatico, Sparecke 5%"},"content":{"rendered":"<section class=\"l-section wpb_row height_medium color_primary with_img with_shape\"><div class=\"l-section-img\" role=\"img\" aria-label=\"Bild\" data-img-width=\"2560\" data-img-height=\"1195\" style=\"background-image: url(https:\/\/www.hroyal.it\/wp-content\/uploads\/2022\/10\/angolo-del-risparmio2-scaled.jpg);\"><\/div><div class=\"l-section-overlay\" style=\"background:rgba(26,26,26,0.35)\"><\/div><div class=\"l-section-shape type_wave pos_bottom\" style=\"height:8vmax;color:\"><svg xmlns=\"http:\/\/www.w3.org\/2000\/svg\" viewBox=\"0 4 64 4\" preserveAspectRatio=\"none\" width=\"100%\" height=\"100%\">\r\n\t<path fill=\"currentColor\" d=\"M64 6 C32 0 32 12 0 6 L0 8 L64 8 Z\"\/>\r\n<\/svg><\/div><div class=\"l-section-h i-cf\"><div class=\"g-cols vc_row via_grid cols_1 laptops-cols_inherit tablets-cols_inherit mobiles-cols_1 valign_top type_default stacking_default\"><div class=\"wpb_column vc_column_container\"><div class=\"vc_column-inner\"><h1 class=\"w-text\"><span class=\"w-text-h\"><span class=\"w-text-value\">Unsere<br \/>\nSparecke<\/span><\/span><\/h1><div class=\"wpb_text_column\"><div class=\"wpb_wrapper\"><h5>Ihr Urlaub in<br \/>\nder Romagna<\/h5>\n<\/div><\/div><div class=\"w-separator size_custom\" style=\"height:8vmax\"><\/div><\/div><\/div><\/div><\/div><\/section><section class=\"l-section wpb_row height_medium\"><div class=\"l-section-h i-cf\"><div class=\"g-cols vc_row via_grid cols_2 laptops-cols_inherit tablets-cols_inherit mobiles-cols_1 valign_middle type_default stacking_default\"><div class=\"wpb_column vc_column_container\"><div class=\"vc_column-inner\"><div class=\"w-image us_custom_43dd625e align_none\"><div class=\"w-image-h\"><img decoding=\"async\" width=\"800\" height=\"800\" src=\"https:\/\/www.hroyal.it\/wp-content\/uploads\/2022\/10\/angolo-de-risparmio.jpg\" class=\"attachment-large size-large\" alt=\"\" loading=\"lazy\" srcset=\"https:\/\/www.hroyal.it\/wp-content\/uploads\/2022\/10\/angolo-de-risparmio.jpg 800w, https:\/\/www.hroyal.it\/wp-content\/uploads\/2022\/10\/angolo-de-risparmio-300x300.jpg 300w, https:\/\/www.hroyal.it\/wp-content\/uploads\/2022\/10\/angolo-de-risparmio-150x150.jpg 150w, https:\/\/www.hroyal.it\/wp-content\/uploads\/2022\/10\/angolo-de-risparmio-24x24.jpg 24w, https:\/\/www.hroyal.it\/wp-content\/uploads\/2022\/10\/angolo-de-risparmio-36x36.jpg 36w, https:\/\/www.hroyal.it\/wp-content\/uploads\/2022\/10\/angolo-de-risparmio-48x48.jpg 48w\" sizes=\"auto, (max-width: 800px) 100vw, 800px\" \/><\/div><\/div><\/div><\/div><div class=\"wpb_column vc_column_container\"><div class=\"vc_column-inner\"><div class=\"wpb_text_column\"><div class=\"wpb_wrapper\"><h2>Unsere Sparecke<\/h2>\n<p>F\u00fcr einen Mindestaufenthalt von<strong>\u00a014-Tagen:<br \/>\n-5%\u00a0Erm\u00e4\u00dfigung<\/strong><\/p>\n<hr \/>\n<p>F\u00fcr einen Mindestaufenthalt von\u00a0<strong>21-Tagen:<br \/>\n-5% Erm\u00e4\u00dfigung + Bargutschein von \u20ac 25.00pro Zimmer<\/strong><\/p>\n<hr \/>\n<p>Erm\u00e4\u00dfigungen nur g\u00fcltig, wenn der gebuchte Aufenthalt eingehalten wird.<\/p>\n<\/div><\/div><div class=\"w-separator size_medium\"><\/div><div class=\"w-btn-wrapper align_left\"><a class=\"w-btn us-btn-style_1\" href=\"https:\/\/www.hroyal.it\/de\/anfrage.html\"><span class=\"w-btn-label\">Anfrage<\/span><\/a><\/div><\/div><\/div><\/div><\/div><\/section><section class=\"l-section wpb_row us_custom_f08e73dd height_auto width_full with_shape\"><div class=\"l-section-shape type_wave pos_top\" style=\"height:10vh;\"><svg xmlns=\"http:\/\/www.w3.org\/2000\/svg\" viewBox=\"0 4 64 4\" preserveAspectRatio=\"none\" width=\"100%\" height=\"100%\">\r\n\t<path fill=\"currentColor\" d=\"M64 6 C32 0 32 12 0 6 L0 8 L64 8 Z\"\/>\r\n<\/svg><\/div><div class=\"l-section-h i-cf\"><div class=\"g-cols vc_row via_grid cols_1 laptops-cols_inherit tablets-cols_inherit mobiles-cols_1 valign_top type_default stacking_default\"><div class=\"wpb_column vc_column_container\"><div class=\"vc_column-inner\"><div class=\"w-grid us_carousel type_carousel layout_gallery_default preload_style_spinner items_4\" id=\"us_grid_1\" style=\"--items:4;--gap:5px;\"><style>.layout_gallery_default .w-grid-item-h{}<\/style><div class=\"w-grid-list owl-carousel valign_stretch dotstyle_circle navstyle_circle arrows-ver-pos_middle arrows-hor-pos_on_sides_outside arrows-disabled_hide owl-responsive-2000 center_item with_arrows\" style=\"--transition-duration:350ms;--arrows-size:1.5rem;--arrows-hor-offset:calc(0px + 5px);--arrows-gap:10px;\">\t<article class=\"w-grid-item post-448 attachment type-attachment status-inherit hentry\" data-id=\"448\">\r\n\t\t<div class=\"w-grid-item-h\">\r\n\t\t\t\t\t\t<div class=\"w-post-elm post_image usg_post_image_1 stretched\"><img loading=\"lazy\" decoding=\"async\" width=\"752\" height=\"1024\" src=\"https:\/\/www.hroyal.it\/wp-content\/uploads\/2022\/08\/ristorante-roya-752x1024.jpg\" class=\"attachment-large size-large\" alt=\"\" srcset=\"https:\/\/www.hroyal.it\/wp-content\/uploads\/2022\/08\/ristorante-roya-752x1024.jpg 752w, https:\/\/www.hroyal.it\/wp-content\/uploads\/2022\/08\/ristorante-roya-220x300.jpg 220w, https:\/\/www.hroyal.it\/wp-content\/uploads\/2022\/08\/ristorante-roya-18x24.jpg 18w, https:\/\/www.hroyal.it\/wp-content\/uploads\/2022\/08\/ristorante-roya-26x36.jpg 26w, https:\/\/www.hroyal.it\/wp-content\/uploads\/2022\/08\/ristorante-roya-35x48.jpg 35w, https:\/\/www.hroyal.it\/wp-content\/uploads\/2022\/08\/ristorante-roya.jpg 927w\" sizes=\"auto, (max-width: 752px) 100vw, 752px\" \/><\/div>\t\t<\/div>\r\n\t\t\t<\/article>\r\n\t<article class=\"w-grid-item post-445 attachment type-attachment status-inherit hentry\" data-id=\"445\">\r\n\t\t<div class=\"w-grid-item-h\">\r\n\t\t\t\t\t\t<div class=\"w-post-elm post_image usg_post_image_1 stretched\"><img loading=\"lazy\" decoding=\"async\" width=\"752\" height=\"1024\" src=\"https:\/\/www.hroyal.it\/wp-content\/uploads\/2022\/08\/bar-royal-752x1024.jpg\" class=\"attachment-large size-large\" alt=\"\" srcset=\"https:\/\/www.hroyal.it\/wp-content\/uploads\/2022\/08\/bar-royal-752x1024.jpg 752w, https:\/\/www.hroyal.it\/wp-content\/uploads\/2022\/08\/bar-royal-220x300.jpg 220w, https:\/\/www.hroyal.it\/wp-content\/uploads\/2022\/08\/bar-royal-18x24.jpg 18w, https:\/\/www.hroyal.it\/wp-content\/uploads\/2022\/08\/bar-royal-26x36.jpg 26w, https:\/\/www.hroyal.it\/wp-content\/uploads\/2022\/08\/bar-royal-35x48.jpg 35w, https:\/\/www.hroyal.it\/wp-content\/uploads\/2022\/08\/bar-royal.jpg 927w\" sizes=\"auto, (max-width: 752px) 100vw, 752px\" \/><\/div>\t\t<\/div>\r\n\t\t\t<\/article>\r\n\t<article class=\"w-grid-item post-442 attachment type-attachment status-inherit hentry\" data-id=\"442\">\r\n\t\t<div class=\"w-grid-item-h\">\r\n\t\t\t\t\t\t<div class=\"w-post-elm post_image usg_post_image_1 stretched\"><img loading=\"lazy\" decoding=\"async\" width=\"752\" height=\"1024\" src=\"https:\/\/www.hroyal.it\/wp-content\/uploads\/2022\/08\/spiaggia-royal-4-752x1024.jpg\" class=\"attachment-large size-large\" alt=\"\" srcset=\"https:\/\/www.hroyal.it\/wp-content\/uploads\/2022\/08\/spiaggia-royal-4-752x1024.jpg 752w, https:\/\/www.hroyal.it\/wp-content\/uploads\/2022\/08\/spiaggia-royal-4-220x300.jpg 220w, https:\/\/www.hroyal.it\/wp-content\/uploads\/2022\/08\/spiaggia-royal-4-18x24.jpg 18w, https:\/\/www.hroyal.it\/wp-content\/uploads\/2022\/08\/spiaggia-royal-4-26x36.jpg 26w, https:\/\/www.hroyal.it\/wp-content\/uploads\/2022\/08\/spiaggia-royal-4-35x48.jpg 35w, https:\/\/www.hroyal.it\/wp-content\/uploads\/2022\/08\/spiaggia-royal-4.jpg 927w\" sizes=\"auto, (max-width: 752px) 100vw, 752px\" \/><\/div>\t\t<\/div>\r\n\t\t\t<\/article>\r\n\t<article class=\"w-grid-item post-439 attachment type-attachment status-inherit hentry\" data-id=\"439\">\r\n\t\t<div class=\"w-grid-item-h\">\r\n\t\t\t\t\t\t<div class=\"w-post-elm post_image usg_post_image_1 stretched\"><img loading=\"lazy\" decoding=\"async\" width=\"752\" height=\"1024\" src=\"https:\/\/www.hroyal.it\/wp-content\/uploads\/2022\/08\/spiaggia-royal-3-752x1024.jpg\" class=\"attachment-large size-large\" alt=\"\" srcset=\"https:\/\/www.hroyal.it\/wp-content\/uploads\/2022\/08\/spiaggia-royal-3-752x1024.jpg 752w, https:\/\/www.hroyal.it\/wp-content\/uploads\/2022\/08\/spiaggia-royal-3-220x300.jpg 220w, https:\/\/www.hroyal.it\/wp-content\/uploads\/2022\/08\/spiaggia-royal-3-18x24.jpg 18w, https:\/\/www.hroyal.it\/wp-content\/uploads\/2022\/08\/spiaggia-royal-3-26x36.jpg 26w, https:\/\/www.hroyal.it\/wp-content\/uploads\/2022\/08\/spiaggia-royal-3-35x48.jpg 35w, https:\/\/www.hroyal.it\/wp-content\/uploads\/2022\/08\/spiaggia-royal-3.jpg 927w\" sizes=\"auto, (max-width: 752px) 100vw, 752px\" \/><\/div>\t\t<\/div>\r\n\t\t\t<\/article>\r\n\t<article class=\"w-grid-item post-436 attachment type-attachment status-inherit hentry\" data-id=\"436\">\r\n\t\t<div class=\"w-grid-item-h\">\r\n\t\t\t\t\t\t<div class=\"w-post-elm post_image usg_post_image_1 stretched\"><img loading=\"lazy\" decoding=\"async\" width=\"752\" height=\"1024\" src=\"https:\/\/www.hroyal.it\/wp-content\/uploads\/2022\/08\/servizi-royal-2-752x1024.jpg\" class=\"attachment-large size-large\" alt=\"\" srcset=\"https:\/\/www.hroyal.it\/wp-content\/uploads\/2022\/08\/servizi-royal-2-752x1024.jpg 752w, https:\/\/www.hroyal.it\/wp-content\/uploads\/2022\/08\/servizi-royal-2-220x300.jpg 220w, https:\/\/www.hroyal.it\/wp-content\/uploads\/2022\/08\/servizi-royal-2-18x24.jpg 18w, https:\/\/www.hroyal.it\/wp-content\/uploads\/2022\/08\/servizi-royal-2-26x36.jpg 26w, https:\/\/www.hroyal.it\/wp-content\/uploads\/2022\/08\/servizi-royal-2-35x48.jpg 35w, https:\/\/www.hroyal.it\/wp-content\/uploads\/2022\/08\/servizi-royal-2.jpg 927w\" sizes=\"auto, (max-width: 752px) 100vw, 752px\" \/><\/div>\t\t<\/div>\r\n\t\t\t<\/article>\r\n\t<article class=\"w-grid-item post-433 attachment type-attachment status-inherit hentry\" data-id=\"433\">\r\n\t\t<div class=\"w-grid-item-h\">\r\n\t\t\t\t\t\t<div class=\"w-post-elm post_image usg_post_image_1 stretched\"><img loading=\"lazy\" decoding=\"async\" width=\"752\" height=\"1024\" src=\"https:\/\/www.hroyal.it\/wp-content\/uploads\/2022\/08\/servizi-royal-752x1024.jpg\" class=\"attachment-large size-large\" alt=\"\" srcset=\"https:\/\/www.hroyal.it\/wp-content\/uploads\/2022\/08\/servizi-royal-752x1024.jpg 752w, https:\/\/www.hroyal.it\/wp-content\/uploads\/2022\/08\/servizi-royal-220x300.jpg 220w, https:\/\/www.hroyal.it\/wp-content\/uploads\/2022\/08\/servizi-royal-18x24.jpg 18w, https:\/\/www.hroyal.it\/wp-content\/uploads\/2022\/08\/servizi-royal-26x36.jpg 26w, https:\/\/www.hroyal.it\/wp-content\/uploads\/2022\/08\/servizi-royal-35x48.jpg 35w, https:\/\/www.hroyal.it\/wp-content\/uploads\/2022\/08\/servizi-royal.jpg 927w\" sizes=\"auto, (max-width: 752px) 100vw, 752px\" \/><\/div>\t\t<\/div>\r\n\t\t\t<\/article>\r\n\t<article class=\"w-grid-item post-430 attachment type-attachment status-inherit hentry\" data-id=\"430\">\r\n\t\t<div class=\"w-grid-item-h\">\r\n\t\t\t\t\t\t<div class=\"w-post-elm post_image usg_post_image_1 stretched\"><img loading=\"lazy\" decoding=\"async\" width=\"752\" height=\"1024\" src=\"https:\/\/www.hroyal.it\/wp-content\/uploads\/2022\/08\/bike-royal-752x1024.jpg\" class=\"attachment-large size-large\" alt=\"\" srcset=\"https:\/\/www.hroyal.it\/wp-content\/uploads\/2022\/08\/bike-royal-752x1024.jpg 752w, https:\/\/www.hroyal.it\/wp-content\/uploads\/2022\/08\/bike-royal-220x300.jpg 220w, https:\/\/www.hroyal.it\/wp-content\/uploads\/2022\/08\/bike-royal-18x24.jpg 18w, https:\/\/www.hroyal.it\/wp-content\/uploads\/2022\/08\/bike-royal-26x36.jpg 26w, https:\/\/www.hroyal.it\/wp-content\/uploads\/2022\/08\/bike-royal-35x48.jpg 35w, https:\/\/www.hroyal.it\/wp-content\/uploads\/2022\/08\/bike-royal.jpg 927w\" sizes=\"auto, (max-width: 752px) 100vw, 752px\" \/><\/div>\t\t<\/div>\r\n\t\t\t<\/article>\r\n<\/div><div class=\"w-grid-carousel-json hidden\" onclick='return {&quot;carousel_settings&quot;:{&quot;aria_labels&quot;:{&quot;prev&quot;:&quot;Zur\\u00fcck&quot;,&quot;next&quot;:&quot;Weiter&quot;},&quot;autoplayContinual&quot;:true,&quot;autoplayHoverPause&quot;:false,&quot;autoplayTimeout&quot;:3000,&quot;autoWidth&quot;:false,&quot;smartSpeed&quot;:350,&quot;margin&quot;:0,&quot;mouseDrag&quot;:true,&quot;rtl&quot;:false,&quot;slideBy&quot;:&quot;1&quot;,&quot;touchDrag&quot;:true,&quot;slideTransition&quot;:&quot;&quot;,&quot;responsive&quot;:{&quot;0&quot;:{&quot;autoHeight&quot;:false,&quot;autoplay&quot;:true,&quot;autoWidth&quot;:false,&quot;center&quot;:true,&quot;dots&quot;:false,&quot;items&quot;:1,&quot;loop&quot;:true,&quot;nav&quot;:false,&quot;stagePadding&quot;:0,&quot;slideBy&quot;:&quot;1&quot;},&quot;630&quot;:{&quot;autoHeight&quot;:false,&quot;autoplay&quot;:true,&quot;autoWidth&quot;:false,&quot;center&quot;:true,&quot;dots&quot;:false,&quot;items&quot;:2,&quot;loop&quot;:true,&quot;nav&quot;:true,&quot;stagePadding&quot;:0,&quot;slideBy&quot;:&quot;1&quot;},&quot;1025&quot;:{&quot;autoHeight&quot;:false,&quot;autoplay&quot;:true,&quot;autoWidth&quot;:false,&quot;center&quot;:true,&quot;dots&quot;:false,&quot;items&quot;:3,&quot;loop&quot;:true,&quot;nav&quot;:true,&quot;stagePadding&quot;:0,&quot;slideBy&quot;:&quot;1&quot;},&quot;1500&quot;:{&quot;items&quot;:4,&quot;autoplay&quot;:true,&quot;center&quot;:true,&quot;dots&quot;:false,&quot;nav&quot;:true,&quot;autoHeight&quot;:false,&quot;autoWidth&quot;:false,&quot;loop&quot;:true,&quot;stagePadding&quot;:0}}}}'><\/div><\/div><\/div><\/div><\/div><\/div><\/section>\n","protected":false},"excerpt":{"rendered":"","protected":false},"author":1,"featured_media":0,"parent":0,"menu_order":0,"comment_status":"closed","ping_status":"closed","template":"","meta":{"footnotes":""},"class_list":["post-2271","page","type-page","status-publish","hentry"],"yoast_head":"<!-- This site is optimized with the Yoast SEO plugin v26.4 - https:\/\/yoast.com\/wordpress\/plugins\/seo\/ -->\n<title>Urlaubspreise in Cesenatico, Sparecke 5%<\/title>\n<meta name=\"robots\" content=\"index, follow, max-snippet:-1, max-image-preview:large, max-video-preview:-1\" \/>\n<link rel=\"canonical\" href=\"https:\/\/www.hroyal.it\/de\/spezielle-urlaubspreise-in-cesenatico.html\" \/>\n<meta property=\"og:locale\" content=\"de_DE\" \/>\n<meta property=\"og:type\" content=\"article\" \/>\n<meta property=\"og:title\" content=\"Urlaubspreise in Cesenatico, Sparecke 5%\" \/>\n<meta property=\"og:url\" content=\"https:\/\/www.hroyal.it\/de\/spezielle-urlaubspreise-in-cesenatico.html\" \/>\n<meta property=\"og:site_name\" content=\"Hotel Royal Cesenatico\" \/>\n<meta property=\"article:publisher\" content=\"https:\/\/it-it.facebook.com\/hroyalcesenatico\/\" \/>\n<meta property=\"article:modified_time\" content=\"2023-12-15T11:33:44+00:00\" \/>\n<meta name=\"twitter:card\" content=\"summary_large_image\" \/>\n<meta name=\"twitter:label1\" content=\"Gesch\u00e4tzte Lesezeit\" \/>\n\t<meta name=\"twitter:data1\" content=\"1\u00a0Minute\" \/>\n<script type=\"application\/ld+json\" class=\"yoast-schema-graph\">{\"@context\":\"https:\/\/schema.org\",\"@graph\":[{\"@type\":\"WebPage\",\"@id\":\"https:\/\/www.hroyal.it\/de\/spezielle-urlaubspreise-in-cesenatico.html\",\"url\":\"https:\/\/www.hroyal.it\/de\/spezielle-urlaubspreise-in-cesenatico.html\",\"name\":\"Urlaubspreise in Cesenatico, Sparecke 5%\",\"isPartOf\":{\"@id\":\"https:\/\/www.hroyal.it\/it\/#website\"},\"datePublished\":\"2022-10-10T13:39:04+00:00\",\"dateModified\":\"2023-12-15T11:33:44+00:00\",\"breadcrumb\":{\"@id\":\"https:\/\/www.hroyal.it\/de\/spezielle-urlaubspreise-in-cesenatico.html#breadcrumb\"},\"inLanguage\":\"de\",\"potentialAction\":[{\"@type\":\"ReadAction\",\"target\":[\"https:\/\/www.hroyal.it\/de\/spezielle-urlaubspreise-in-cesenatico.html\"]}]},{\"@type\":\"BreadcrumbList\",\"@id\":\"https:\/\/www.hroyal.it\/de\/spezielle-urlaubspreise-in-cesenatico.html#breadcrumb\",\"itemListElement\":[{\"@type\":\"ListItem\",\"position\":1,\"name\":\"Home\",\"item\":\"https:\/\/www.hroyal.it\/de\"},{\"@type\":\"ListItem\",\"position\":2,\"name\":\"Urlaubspreise in Cesenatico, Sparecke 5%\"}]},{\"@type\":\"WebSite\",\"@id\":\"https:\/\/www.hroyal.it\/it\/#website\",\"url\":\"https:\/\/www.hroyal.it\/it\/\",\"name\":\"Hotel Royal Cesenatico\",\"description\":\"**** Royal Cesenatico : Hotel 4 stelle All inclusive sul Mare Cesenatico con Piscina e Spiaggia privata\",\"publisher\":{\"@id\":\"https:\/\/www.hroyal.it\/it\/#organization\"},\"alternateName\":\"Hotel Royal 4 stelle sul lungomare di Cesenatico\",\"potentialAction\":[{\"@type\":\"SearchAction\",\"target\":{\"@type\":\"EntryPoint\",\"urlTemplate\":\"https:\/\/www.hroyal.it\/it\/?s={search_term_string}\"},\"query-input\":{\"@type\":\"PropertyValueSpecification\",\"valueRequired\":true,\"valueName\":\"search_term_string\"}}],\"inLanguage\":\"de\"},{\"@type\":\"Organization\",\"@id\":\"https:\/\/www.hroyal.it\/it\/#organization\",\"name\":\"Hotel Royal Cesenatico\",\"url\":\"https:\/\/www.hroyal.it\/it\/\",\"logo\":{\"@type\":\"ImageObject\",\"inLanguage\":\"de\",\"@id\":\"https:\/\/www.hroyal.it\/it\/#\/schema\/logo\/image\/\",\"url\":\"https:\/\/www.hroyal.it\/wp-content\/uploads\/2022\/08\/logo-royal2-1.png\",\"contentUrl\":\"https:\/\/www.hroyal.it\/wp-content\/uploads\/2022\/08\/logo-royal2-1.png\",\"width\":262,\"height\":91,\"caption\":\"Hotel Royal Cesenatico\"},\"image\":{\"@id\":\"https:\/\/www.hroyal.it\/it\/#\/schema\/logo\/image\/\"},\"sameAs\":[\"https:\/\/it-it.facebook.com\/hroyalcesenatico\/\",\"https:\/\/www.instagram.com\/hotelroyalcesenatico\/\"]}]}<\/script>\n<!-- \/ Yoast SEO plugin. -->","yoast_head_json":{"title":"Urlaubspreise in Cesenatico, Sparecke 5%","robots":{"index":"index","follow":"follow","max-snippet":"max-snippet:-1","max-image-preview":"max-image-preview:large","max-video-preview":"max-video-preview:-1"},"canonical":"https:\/\/www.hroyal.it\/de\/spezielle-urlaubspreise-in-cesenatico.html","og_locale":"de_DE","og_type":"article","og_title":"Urlaubspreise in Cesenatico, Sparecke 5%","og_url":"https:\/\/www.hroyal.it\/de\/spezielle-urlaubspreise-in-cesenatico.html","og_site_name":"Hotel Royal Cesenatico","article_publisher":"https:\/\/it-it.facebook.com\/hroyalcesenatico\/","article_modified_time":"2023-12-15T11:33:44+00:00","twitter_card":"summary_large_image","twitter_misc":{"Gesch\u00e4tzte Lesezeit":"1\u00a0Minute"},"schema":{"@context":"https:\/\/schema.org","@graph":[{"@type":"WebPage","@id":"https:\/\/www.hroyal.it\/de\/spezielle-urlaubspreise-in-cesenatico.html","url":"https:\/\/www.hroyal.it\/de\/spezielle-urlaubspreise-in-cesenatico.html","name":"Urlaubspreise in Cesenatico, Sparecke 5%","isPartOf":{"@id":"https:\/\/www.hroyal.it\/it\/#website"},"datePublished":"2022-10-10T13:39:04+00:00","dateModified":"2023-12-15T11:33:44+00:00","breadcrumb":{"@id":"https:\/\/www.hroyal.it\/de\/spezielle-urlaubspreise-in-cesenatico.html#breadcrumb"},"inLanguage":"de","potentialAction":[{"@type":"ReadAction","target":["https:\/\/www.hroyal.it\/de\/spezielle-urlaubspreise-in-cesenatico.html"]}]},{"@type":"BreadcrumbList","@id":"https:\/\/www.hroyal.it\/de\/spezielle-urlaubspreise-in-cesenatico.html#breadcrumb","itemListElement":[{"@type":"ListItem","position":1,"name":"Home","item":"https:\/\/www.hroyal.it\/de"},{"@type":"ListItem","position":2,"name":"Urlaubspreise in Cesenatico, Sparecke 5%"}]},{"@type":"WebSite","@id":"https:\/\/www.hroyal.it\/it\/#website","url":"https:\/\/www.hroyal.it\/it\/","name":"Hotel Royal Cesenatico","description":"**** Royal Cesenatico : Hotel 4 stelle All inclusive sul Mare Cesenatico con Piscina e Spiaggia privata","publisher":{"@id":"https:\/\/www.hroyal.it\/it\/#organization"},"alternateName":"Hotel Royal 4 stelle sul lungomare di Cesenatico","potentialAction":[{"@type":"SearchAction","target":{"@type":"EntryPoint","urlTemplate":"https:\/\/www.hroyal.it\/it\/?s={search_term_string}"},"query-input":{"@type":"PropertyValueSpecification","valueRequired":true,"valueName":"search_term_string"}}],"inLanguage":"de"},{"@type":"Organization","@id":"https:\/\/www.hroyal.it\/it\/#organization","name":"Hotel Royal Cesenatico","url":"https:\/\/www.hroyal.it\/it\/","logo":{"@type":"ImageObject","inLanguage":"de","@id":"https:\/\/www.hroyal.it\/it\/#\/schema\/logo\/image\/","url":"https:\/\/www.hroyal.it\/wp-content\/uploads\/2022\/08\/logo-royal2-1.png","contentUrl":"https:\/\/www.hroyal.it\/wp-content\/uploads\/2022\/08\/logo-royal2-1.png","width":262,"height":91,"caption":"Hotel Royal Cesenatico"},"image":{"@id":"https:\/\/www.hroyal.it\/it\/#\/schema\/logo\/image\/"},"sameAs":["https:\/\/it-it.facebook.com\/hroyalcesenatico\/","https:\/\/www.instagram.com\/hotelroyalcesenatico\/"]}]}},"_links":{"self":[{"href":"https:\/\/www.hroyal.it\/de\/wp-json\/wp\/v2\/pages\/2271","targetHints":{"allow":["GET"]}}],"collection":[{"href":"https:\/\/www.hroyal.it\/de\/wp-json\/wp\/v2\/pages"}],"about":[{"href":"https:\/\/www.hroyal.it\/de\/wp-json\/wp\/v2\/types\/page"}],"author":[{"embeddable":true,"href":"https:\/\/www.hroyal.it\/de\/wp-json\/wp\/v2\/users\/1"}],"replies":[{"embeddable":true,"href":"https:\/\/www.hroyal.it\/de\/wp-json\/wp\/v2\/comments?post=2271"}],"version-history":[{"count":7,"href":"https:\/\/www.hroyal.it\/de\/wp-json\/wp\/v2\/pages\/2271\/revisions"}],"predecessor-version":[{"id":3909,"href":"https:\/\/www.hroyal.it\/de\/wp-json\/wp\/v2\/pages\/2271\/revisions\/3909"}],"wp:attachment":[{"href":"https:\/\/www.hroyal.it\/de\/wp-json\/wp\/v2\/media?parent=2271"}],"curies":[{"name":"wp","href":"https:\/\/api.w.org\/{rel}","templated":true}]}}