{"id":1984,"date":"2022-09-24T15:00:59","date_gmt":"2022-09-24T15:00:59","guid":{"rendered":"https:\/\/ufficio80.xyz\/royal\/?page_id=1984"},"modified":"2023-12-15T11:21:44","modified_gmt":"2023-12-15T11:21:44","slug":"hotel-4-etoiles-piscine-cesenatico","status":"publish","type":"page","link":"https:\/\/www.hroyal.it\/fr\/hotel-4-etoiles-piscine-cesenatico.html","title":{"rendered":"Hotel 4 etoiles avec Piscine \u00e0 Cesenatico"},"content":{"rendered":"<section class=\"l-section wpb_row height_medium color_primary with_img with_shape\"><div class=\"l-section-img\" role=\"img\" aria-label=\"Image\" data-img-width=\"2560\" data-img-height=\"1195\" style=\"background-image: url(https:\/\/www.hroyal.it\/wp-content\/uploads\/2022\/09\/piscina-2-scaled.jpg);\"><\/div><div class=\"l-section-overlay\" style=\"background:rgba(26,26,26,0.35)\"><\/div><div class=\"l-section-shape type_wave pos_bottom\" style=\"height:8vmax;color:\"><svg xmlns=\"http:\/\/www.w3.org\/2000\/svg\" viewBox=\"0 4 64 4\" preserveAspectRatio=\"none\" width=\"100%\" height=\"100%\">\r\n\t<path fill=\"currentColor\" d=\"M64 6 C32 0 32 12 0 6 L0 8 L64 8 Z\"\/>\r\n<\/svg><\/div><div class=\"l-section-h i-cf\"><div class=\"g-cols vc_row via_grid cols_1 laptops-cols_inherit tablets-cols_inherit mobiles-cols_1 valign_top type_default stacking_default\"><div class=\"wpb_column vc_column_container\"><div class=\"vc_column-inner\"><h1 class=\"w-text\"><span class=\"w-text-h\"><span class=\"w-text-value\">Hotel<br \/>\navec Piscine<br \/>\n\u00e0 Cesenatico<\/span><\/span><\/h1><div class=\"wpb_text_column\"><div class=\"wpb_wrapper\"><h5>Vos vacances au<br \/>\nc\u0153ur de la Romagne<\/h5>\n<\/div><\/div><div class=\"w-separator size_custom\" style=\"height:8vmax\"><\/div><\/div><\/div><\/div><\/div><\/section><section class=\"l-section wpb_row height_auto width_full with_shape\"><div class=\"l-section-shape type_wave pos_bottom on_front hor_flip\" style=\"height:5vh;\"><svg xmlns=\"http:\/\/www.w3.org\/2000\/svg\" viewBox=\"0 4 64 4\" preserveAspectRatio=\"none\" width=\"100%\" height=\"100%\">\r\n\t<path fill=\"currentColor\" d=\"M64 6 C32 0 32 12 0 6 L0 8 L64 8 Z\"\/>\r\n<\/svg><\/div><div class=\"l-section-h i-cf\"><div class=\"g-cols vc_row via_grid cols_2-1 laptops-cols_inherit tablets-cols_1 mobiles-cols_1 valign_top type_default stacking_default\" style=\"--columns-gap:0rem;\"><div class=\"wpb_column vc_column_container us_custom_66385c1b\"><div class=\"vc_column-inner\"><div class=\"wpb_column vc_column_container\"><div class=\"vc_column-inner\"><\/div><\/div><div class=\"g-cols wpb_row via_grid cols_2 laptops-cols_inherit tablets-cols_inherit mobiles-cols_1 valign_middle type_default stacking_default\" style=\"--columns-gap:3rem;\"><div class=\"wpb_column vc_column_container\"><div class=\"vc_column-inner\">\n\t\t\t<!-- START video Spot (piscina) REVOLUTION SLIDER 6.7.38 --><p class=\"rs-p-wp-fix\"><\/p>\n\t\t\t<rs-module-wrap id=\"rev_slider_18_1_wrapper\" data-source=\"gallery\" style=\"visibility:hidden;background:transparent;padding:0;margin:0px auto;margin-top:0;margin-bottom:0;\">\n\t\t\t\t<rs-module id=\"rev_slider_18_1\" style=\"\" data-version=\"6.7.38\">\n\t\t\t\t\t<rs-slides style=\"overflow: hidden; position: absolute;\">\n\t\t\t\t\t\t<rs-slide style=\"position: absolute;\" data-key=\"rs-24\" data-title=\"Slide\" data-anim=\"adpr:false;\" data-in=\"o:0;\" data-out=\"a:false;\">\n\t\t\t\t\t\t\t<img decoding=\"async\" src=\"\/\/www.hroyal.it\/wp-content\/plugins\/revslider\/sr6\/assets\/assets\/dummy.png\" alt=\"\" title=\"Hotel 4 etoiles avec Piscine \u00e0 Cesenatico\" class=\"rev-slidebg tp-rs-img rs-lazyload\" data-lazyload=\"\/\/www.hroyal.it\/wp-content\/plugins\/revslider\/sr6\/assets\/assets\/transparent.png\" data-no-retina>\n\t\t\t\t\t\t\t<rs-bgvideo \n\t\t\t\t\t\t\t\tdata-video=\"w:100%;h:100%;nse:false;l:true;ptimer:false;vfc:true;\"\n\t\t\t\t\t\t\t\tdata-mp4=\"\/\/www.hroyal.it\/wp-content\/uploads\/2022\/09\/Royal-spot-piscina.mp4\"\n\t\t\t\t\t\t\t><\/rs-bgvideo>\n<!---->\t\t\t\t\t<\/rs-slide>\n\t\t\t\t\t<\/rs-slides>\n\t\t\t\t<\/rs-module>\n\t\t\t\t<script>\n\t\t\t\t\tsetREVStartSize({c: 'rev_slider_18_1',rl:[1240,1024,778,480],el:[900],gw:[900],gh:[900],type:'standard',justify:'',layout:'fullwidth',mh:\"0\"});if (window.RS_MODULES!==undefined && window.RS_MODULES.modules!==undefined && window.RS_MODULES.modules[\"revslider181\"]!==undefined) {window.RS_MODULES.modules[\"revslider181\"].once = false;window.revapi18 = undefined;if (window.RS_MODULES.checkMinimal!==undefined) window.RS_MODULES.checkMinimal()}\n\t\t\t\t<\/script>\n\t\t\t<\/rs-module-wrap>\n\t\t\t<!-- END REVOLUTION SLIDER -->\n<\/div><\/div><div class=\"wpb_column vc_column_container\"><div class=\"vc_column-inner\"><div class=\"wpb_text_column\"><div class=\"wpb_wrapper\"><h5 style=\"text-align: center;\">D\u00e9tente au bord de la piscine!<\/h5>\n<p style=\"text-align: center;\">Un plongeon dans la piscine ou confortablement\u00a0 allong\u00e9 sur nos transats, un bon bain relaxant dans notre Jacuzzi et puis un verre bien m\u00e9rit\u00e9 dans notre bar&#8230;<\/p>\n<p style=\"text-align: center;\">La piscine de l&rsquo;H\u00f4tel Royal, chaque jour vous offre des diff\u00e9rentes emotions.<\/p>\n<\/div><\/div><div class=\"w-separator size_medium\"><\/div><div class=\"w-btn-wrapper align_center\"><a class=\"w-btn us-btn-style_1\" href=\"https:\/\/www.hroyal.it\/fr\/demande.html\"><span class=\"w-btn-label\">Demande<\/span><\/a><\/div><div class=\"w-separator size_medium\"><\/div><\/div><\/div><\/div><\/div><\/div><div class=\"wpb_column vc_column_container us_custom_7f734309 hide_on_tablets hide_on_mobiles has_bg_color\"><div class=\"vc_column-inner\"><\/div><\/div><\/div><\/div><\/section><section class=\"l-section wpb_row height_auto width_full with_shape\"><div class=\"l-section-shape type_wave pos_top on_front\" style=\"height:5vh;\"><svg xmlns=\"http:\/\/www.w3.org\/2000\/svg\" viewBox=\"0 4 64 4\" preserveAspectRatio=\"none\" width=\"100%\" height=\"100%\">\r\n\t<path fill=\"currentColor\" d=\"M64 6 C32 0 32 12 0 6 L0 8 L64 8 Z\"\/>\r\n<\/svg><\/div><div class=\"l-section-h i-cf\"><div class=\"g-cols vc_row via_grid cols_1 laptops-cols_inherit tablets-cols_inherit mobiles-cols_1 valign_top type_default stacking_default\"><div class=\"wpb_column vc_column_container\"><div class=\"vc_column-inner\"><div class=\"w-image align_center\"><div class=\"w-image-h\"><img decoding=\"async\" width=\"2560\" height=\"1195\" src=\"https:\/\/www.hroyal.it\/wp-content\/uploads\/2022\/09\/piscina3-scaled.jpg\" class=\"attachment-full size-full\" alt=\"\" loading=\"lazy\" srcset=\"https:\/\/www.hroyal.it\/wp-content\/uploads\/2022\/09\/piscina3-scaled.jpg 2560w, https:\/\/www.hroyal.it\/wp-content\/uploads\/2022\/09\/piscina3-300x140.jpg 300w, https:\/\/www.hroyal.it\/wp-content\/uploads\/2022\/09\/piscina3-1024x478.jpg 1024w, https:\/\/www.hroyal.it\/wp-content\/uploads\/2022\/09\/piscina3-24x11.jpg 24w, https:\/\/www.hroyal.it\/wp-content\/uploads\/2022\/09\/piscina3-36x17.jpg 36w, https:\/\/www.hroyal.it\/wp-content\/uploads\/2022\/09\/piscina3-48x22.jpg 48w\" sizes=\"auto, (max-width: 2560px) 100vw, 2560px\" \/><\/div><\/div><\/div><\/div><\/div><\/div><\/section><section class=\"l-section wpb_row us_custom_66b22059 height_auto\"><div class=\"l-section-h i-cf\"><div class=\"g-cols vc_row via_grid cols_4 laptops-cols_inherit tablets-cols_inherit mobiles-cols_1 valign_top type_default stacking_default\"><div class=\"wpb_column vc_column_container\"><div class=\"vc_column-inner\"><div class=\"w-btn-wrapper align_center\"><a class=\"w-btn us-btn-style_3\" href=\"https:\/\/www.hroyal.it\/fr\/chambres-4-etoiles-cesenatico.html\"><span class=\"w-btn-label\">Nos chambres<\/span><\/a><\/div><\/div><\/div><div class=\"wpb_column vc_column_container\"><div class=\"vc_column-inner\"><div class=\"w-btn-wrapper align_center\"><a class=\"w-btn us-btn-style_3\" href=\"https:\/\/www.hroyal.it\/fr\/restaurant-4-etoiles-cesenatico-avec-vur-sur-la-mer-adriatique.html\"><span class=\"w-btn-label\">Le Restaurant<\/span><\/a><\/div><\/div><\/div><div class=\"wpb_column vc_column_container\"><div class=\"vc_column-inner\"><div class=\"w-btn-wrapper align_center\"><a class=\"w-btn us-btn-style_3\" href=\"https:\/\/www.hroyal.it\/fr\/hotel-4-etoiles-piscine-cesenatico.html\"><span class=\"w-btn-label\">Piscine<\/span><\/a><\/div><\/div><\/div><div class=\"wpb_column vc_column_container\"><div class=\"vc_column-inner\"><div class=\"w-btn-wrapper align_center\"><a class=\"w-btn us-btn-style_3\" href=\"https:\/\/www.hroyal.it\/fr\/bar-hotel-cesenatico.html\"><span class=\"w-btn-label\">Bar<\/span><\/a><\/div><\/div><\/div><\/div><\/div><\/section>\n","protected":false},"excerpt":{"rendered":"Hotel avec Piscine \u00e0 CesenaticoVos vacances au c\u0153ur de la Romagne D\u00e9tente au bord de la piscine! Un plongeon dans la piscine ou confortablement\u00a0 allong\u00e9 sur nos transats, un bon bain relaxant dans notre Jacuzzi et puis un verre bien m\u00e9rit\u00e9 dans notre bar&#8230; La piscine de l&rsquo;H\u00f4tel Royal, chaque jour vous offre des diff\u00e9rentes...","protected":false},"author":1,"featured_media":0,"parent":0,"menu_order":0,"comment_status":"closed","ping_status":"closed","template":"","meta":{"footnotes":""},"class_list":["post-1984","page","type-page","status-publish","hentry"],"yoast_head":"<!-- This site is optimized with the Yoast SEO plugin v26.4 - https:\/\/yoast.com\/wordpress\/plugins\/seo\/ -->\n<title>Hotel 4 etoiles avec Piscine \u00e0 Cesenatico<\/title>\n<meta name=\"description\" content=\"Hotel 4 etoiles avec Piscine et jacuzzi \u00e0 Cesenatico. drinks dans notre Bar.\" \/>\n<meta name=\"robots\" content=\"index, follow, max-snippet:-1, max-image-preview:large, max-video-preview:-1\" \/>\n<link rel=\"canonical\" href=\"https:\/\/www.hroyal.it\/it\/hotel-cesenatico-piscina-spiaggia-privata.html\" \/>\n<meta property=\"og:locale\" content=\"fr_FR\" \/>\n<meta property=\"og:type\" content=\"article\" \/>\n<meta property=\"og:title\" content=\"Hotel 4 etoiles avec Piscine \u00e0 Cesenatico\" \/>\n<meta property=\"og:description\" content=\"Hotel 4 etoiles avec Piscine et jacuzzi \u00e0 Cesenatico. drinks dans notre Bar.\" \/>\n<meta property=\"og:url\" content=\"https:\/\/www.hroyal.it\/it\/hotel-cesenatico-piscina-spiaggia-privata.html\" \/>\n<meta property=\"og:site_name\" content=\"Hotel Royal Cesenatico\" \/>\n<meta property=\"article:publisher\" content=\"https:\/\/it-it.facebook.com\/hroyalcesenatico\/\" \/>\n<meta property=\"article:modified_time\" content=\"2023-12-15T11:21:44+00:00\" \/>\n<meta name=\"twitter:card\" content=\"summary_large_image\" \/>\n<meta name=\"twitter:label1\" content=\"Dur\u00e9e de lecture estim\u00e9e\" \/>\n\t<meta name=\"twitter:data1\" content=\"1 minute\" \/>\n<script type=\"application\/ld+json\" class=\"yoast-schema-graph\">{\"@context\":\"https:\/\/schema.org\",\"@graph\":[{\"@type\":\"WebPage\",\"@id\":\"https:\/\/www.hroyal.it\/it\/hotel-cesenatico-piscina-spiaggia-privata.html\",\"url\":\"https:\/\/www.hroyal.it\/it\/hotel-cesenatico-piscina-spiaggia-privata.html\",\"name\":\"Hotel 4 etoiles avec Piscine \u00e0 Cesenatico\",\"isPartOf\":{\"@id\":\"https:\/\/www.hroyal.it\/it\/#website\"},\"datePublished\":\"2022-09-24T15:00:59+00:00\",\"dateModified\":\"2023-12-15T11:21:44+00:00\",\"description\":\"Hotel 4 etoiles avec Piscine et jacuzzi \u00e0 Cesenatico. drinks dans notre Bar.\",\"breadcrumb\":{\"@id\":\"https:\/\/www.hroyal.it\/it\/hotel-cesenatico-piscina-spiaggia-privata.html#breadcrumb\"},\"inLanguage\":\"fr-FR\",\"potentialAction\":[{\"@type\":\"ReadAction\",\"target\":[\"https:\/\/www.hroyal.it\/it\/hotel-cesenatico-piscina-spiaggia-privata.html\"]}]},{\"@type\":\"BreadcrumbList\",\"@id\":\"https:\/\/www.hroyal.it\/it\/hotel-cesenatico-piscina-spiaggia-privata.html#breadcrumb\",\"itemListElement\":[{\"@type\":\"ListItem\",\"position\":1,\"name\":\"Home\",\"item\":\"https:\/\/www.hroyal.it\/fr\"},{\"@type\":\"ListItem\",\"position\":2,\"name\":\"Hotel 4 etoiles avec Piscine \u00e0 Cesenatico\"}]},{\"@type\":\"WebSite\",\"@id\":\"https:\/\/www.hroyal.it\/it\/#website\",\"url\":\"https:\/\/www.hroyal.it\/it\/\",\"name\":\"Hotel Royal Cesenatico\",\"description\":\"**** Royal Cesenatico : Hotel 4 stelle All inclusive sul Mare Cesenatico con Piscina e Spiaggia privata\",\"publisher\":{\"@id\":\"https:\/\/www.hroyal.it\/it\/#organization\"},\"alternateName\":\"Hotel Royal 4 stelle sul lungomare di Cesenatico\",\"potentialAction\":[{\"@type\":\"SearchAction\",\"target\":{\"@type\":\"EntryPoint\",\"urlTemplate\":\"https:\/\/www.hroyal.it\/it\/?s={search_term_string}\"},\"query-input\":{\"@type\":\"PropertyValueSpecification\",\"valueRequired\":true,\"valueName\":\"search_term_string\"}}],\"inLanguage\":\"fr-FR\"},{\"@type\":\"Organization\",\"@id\":\"https:\/\/www.hroyal.it\/it\/#organization\",\"name\":\"Hotel Royal Cesenatico\",\"url\":\"https:\/\/www.hroyal.it\/it\/\",\"logo\":{\"@type\":\"ImageObject\",\"inLanguage\":\"fr-FR\",\"@id\":\"https:\/\/www.hroyal.it\/it\/#\/schema\/logo\/image\/\",\"url\":\"https:\/\/www.hroyal.it\/wp-content\/uploads\/2022\/08\/logo-royal2-1.png\",\"contentUrl\":\"https:\/\/www.hroyal.it\/wp-content\/uploads\/2022\/08\/logo-royal2-1.png\",\"width\":262,\"height\":91,\"caption\":\"Hotel Royal Cesenatico\"},\"image\":{\"@id\":\"https:\/\/www.hroyal.it\/it\/#\/schema\/logo\/image\/\"},\"sameAs\":[\"https:\/\/it-it.facebook.com\/hroyalcesenatico\/\",\"https:\/\/www.instagram.com\/hotelroyalcesenatico\/\"]}]}<\/script>\n<!-- \/ Yoast SEO plugin. -->","yoast_head_json":{"title":"Hotel 4 etoiles avec Piscine \u00e0 Cesenatico","description":"Hotel 4 etoiles avec Piscine et jacuzzi \u00e0 Cesenatico. drinks dans notre Bar.","robots":{"index":"index","follow":"follow","max-snippet":"max-snippet:-1","max-image-preview":"max-image-preview:large","max-video-preview":"max-video-preview:-1"},"canonical":"https:\/\/www.hroyal.it\/it\/hotel-cesenatico-piscina-spiaggia-privata.html","og_locale":"fr_FR","og_type":"article","og_title":"Hotel 4 etoiles avec Piscine \u00e0 Cesenatico","og_description":"Hotel 4 etoiles avec Piscine et jacuzzi \u00e0 Cesenatico. drinks dans notre Bar.","og_url":"https:\/\/www.hroyal.it\/it\/hotel-cesenatico-piscina-spiaggia-privata.html","og_site_name":"Hotel Royal Cesenatico","article_publisher":"https:\/\/it-it.facebook.com\/hroyalcesenatico\/","article_modified_time":"2023-12-15T11:21:44+00:00","twitter_card":"summary_large_image","twitter_misc":{"Dur\u00e9e de lecture estim\u00e9e":"1 minute"},"schema":{"@context":"https:\/\/schema.org","@graph":[{"@type":"WebPage","@id":"https:\/\/www.hroyal.it\/it\/hotel-cesenatico-piscina-spiaggia-privata.html","url":"https:\/\/www.hroyal.it\/it\/hotel-cesenatico-piscina-spiaggia-privata.html","name":"Hotel 4 etoiles avec Piscine \u00e0 Cesenatico","isPartOf":{"@id":"https:\/\/www.hroyal.it\/it\/#website"},"datePublished":"2022-09-24T15:00:59+00:00","dateModified":"2023-12-15T11:21:44+00:00","description":"Hotel 4 etoiles avec Piscine et jacuzzi \u00e0 Cesenatico. drinks dans notre Bar.","breadcrumb":{"@id":"https:\/\/www.hroyal.it\/it\/hotel-cesenatico-piscina-spiaggia-privata.html#breadcrumb"},"inLanguage":"fr-FR","potentialAction":[{"@type":"ReadAction","target":["https:\/\/www.hroyal.it\/it\/hotel-cesenatico-piscina-spiaggia-privata.html"]}]},{"@type":"BreadcrumbList","@id":"https:\/\/www.hroyal.it\/it\/hotel-cesenatico-piscina-spiaggia-privata.html#breadcrumb","itemListElement":[{"@type":"ListItem","position":1,"name":"Home","item":"https:\/\/www.hroyal.it\/fr"},{"@type":"ListItem","position":2,"name":"Hotel 4 etoiles avec Piscine \u00e0 Cesenatico"}]},{"@type":"WebSite","@id":"https:\/\/www.hroyal.it\/it\/#website","url":"https:\/\/www.hroyal.it\/it\/","name":"Hotel Royal Cesenatico","description":"**** Royal Cesenatico : Hotel 4 stelle All inclusive sul Mare Cesenatico con Piscina e Spiaggia privata","publisher":{"@id":"https:\/\/www.hroyal.it\/it\/#organization"},"alternateName":"Hotel Royal 4 stelle sul lungomare di Cesenatico","potentialAction":[{"@type":"SearchAction","target":{"@type":"EntryPoint","urlTemplate":"https:\/\/www.hroyal.it\/it\/?s={search_term_string}"},"query-input":{"@type":"PropertyValueSpecification","valueRequired":true,"valueName":"search_term_string"}}],"inLanguage":"fr-FR"},{"@type":"Organization","@id":"https:\/\/www.hroyal.it\/it\/#organization","name":"Hotel Royal Cesenatico","url":"https:\/\/www.hroyal.it\/it\/","logo":{"@type":"ImageObject","inLanguage":"fr-FR","@id":"https:\/\/www.hroyal.it\/it\/#\/schema\/logo\/image\/","url":"https:\/\/www.hroyal.it\/wp-content\/uploads\/2022\/08\/logo-royal2-1.png","contentUrl":"https:\/\/www.hroyal.it\/wp-content\/uploads\/2022\/08\/logo-royal2-1.png","width":262,"height":91,"caption":"Hotel Royal Cesenatico"},"image":{"@id":"https:\/\/www.hroyal.it\/it\/#\/schema\/logo\/image\/"},"sameAs":["https:\/\/it-it.facebook.com\/hroyalcesenatico\/","https:\/\/www.instagram.com\/hotelroyalcesenatico\/"]}]}},"_links":{"self":[{"href":"https:\/\/www.hroyal.it\/fr\/wp-json\/wp\/v2\/pages\/1984","targetHints":{"allow":["GET"]}}],"collection":[{"href":"https:\/\/www.hroyal.it\/fr\/wp-json\/wp\/v2\/pages"}],"about":[{"href":"https:\/\/www.hroyal.it\/fr\/wp-json\/wp\/v2\/types\/page"}],"author":[{"embeddable":true,"href":"https:\/\/www.hroyal.it\/fr\/wp-json\/wp\/v2\/users\/1"}],"replies":[{"embeddable":true,"href":"https:\/\/www.hroyal.it\/fr\/wp-json\/wp\/v2\/comments?post=1984"}],"version-history":[{"count":8,"href":"https:\/\/www.hroyal.it\/fr\/wp-json\/wp\/v2\/pages\/1984\/revisions"}],"predecessor-version":[{"id":3889,"href":"https:\/\/www.hroyal.it\/fr\/wp-json\/wp\/v2\/pages\/1984\/revisions\/3889"}],"wp:attachment":[{"href":"https:\/\/www.hroyal.it\/fr\/wp-json\/wp\/v2\/media?parent=1984"}],"curies":[{"name":"wp","href":"https:\/\/api.w.org\/{rel}","templated":true}]}}