{"id":2010,"date":"2022-09-24T16:29:58","date_gmt":"2022-09-24T16:29:58","guid":{"rendered":"https:\/\/ufficio80.xyz\/royal\/?page_id=2010"},"modified":"2022-12-20T10:51:03","modified_gmt":"2022-12-20T10:51:03","slug":"des-vacances-reposantes-et-sures-en-italie","status":"publish","type":"page","link":"https:\/\/www.hroyal.it\/fr\/des-vacances-reposantes-et-sures-en-italie.html","title":{"rendered":"Des vacances reposantes et s\u00fbres Cesenatico"},"content":{"rendered":"<section class=\"l-section wpb_row us_custom_294d3202 height_auto\"><div class=\"l-section-h i-cf\"><div class=\"g-cols vc_row via_grid cols_1 laptops-cols_inherit tablets-cols_inherit mobiles-cols_1 valign_top type_default stacking_default\"><div class=\"wpb_column vc_column_container\"><div class=\"vc_column-inner\"><\/div><\/div><\/div><\/div><\/section><section class=\"l-section wpb_row height_auto\"><div class=\"l-section-h i-cf\"><div class=\"g-cols vc_row via_grid cols_1 laptops-cols_inherit tablets-cols_inherit mobiles-cols_1 valign_top type_default stacking_default\"><div class=\"wpb_column vc_column_container\"><div class=\"vc_column-inner\"><div class=\"w-image align_center\"><div class=\"w-image-h\"><img decoding=\"async\" width=\"2048\" height=\"746\" src=\"https:\/\/www.hroyal.it\/wp-content\/uploads\/2022\/09\/sfondoRelax.jpg\" class=\"attachment-full size-full\" alt=\"\" loading=\"lazy\" srcset=\"https:\/\/www.hroyal.it\/wp-content\/uploads\/2022\/09\/sfondoRelax.jpg 2048w, https:\/\/www.hroyal.it\/wp-content\/uploads\/2022\/09\/sfondoRelax-300x109.jpg 300w, https:\/\/www.hroyal.it\/wp-content\/uploads\/2022\/09\/sfondoRelax-1024x373.jpg 1024w, https:\/\/www.hroyal.it\/wp-content\/uploads\/2022\/09\/sfondoRelax-24x9.jpg 24w, https:\/\/www.hroyal.it\/wp-content\/uploads\/2022\/09\/sfondoRelax-36x13.jpg 36w, https:\/\/www.hroyal.it\/wp-content\/uploads\/2022\/09\/sfondoRelax-48x17.jpg 48w\" sizes=\"auto, (max-width: 2048px) 100vw, 2048px\" \/><\/div><\/div><div class=\"w-separator size_small\"><\/div><div class=\"wpb_text_column\"><div class=\"wpb_wrapper\"><h3 style=\"text-align: center;\"><span style=\"font-size: 24pt;\">A l\u2019h\u00f4tel Royal vacances en d\u00e9tente et en s\u00e9curit\u00e9.<\/span><\/h3>\n<p>Aussi en 2021 notre engagement sera de vous garantir un s\u00e9jour de qualit\u00e9, serein et en s\u00e9curit\u00e9, en respectant touts les nouvelles mesures hygi\u00e9niques et sanitaires pr\u00e9vues par les institutions et les autorit\u00e9s sanitaires (<a href=\"https:\/\/www.federalberghi.it\/comunicati\/hotel-al-tempo-del-covid-protocollo-nazionale-accoglienza-sicura.aspx#.XseZb2gzbmE\" target=\"_blank\" rel=\"noopener noreferrer\">protocole certifi\u00e9 \u00ab accueil en s\u00e9curit\u00e9 \u00bb \u2013 Federalberghi<\/a>)<\/p>\n<\/div><\/div><div class=\"w-separator size_small\"><\/div><div class=\"g-cols wpb_row via_grid cols_1-2 laptops-cols_inherit tablets-cols_inherit mobiles-cols_1 valign_middle type_default stacking_default\" style=\"--columns-gap:3rem;\"><div class=\"wpb_column vc_column_container\"><div class=\"vc_column-inner\"><div class=\"wpb_text_column us_custom_64099b72\"><div class=\"wpb_wrapper\"><h3 style=\"text-align: center;\"><span style=\"font-size: 18pt;\">Bien s\u00fbr avec tous les services de l\u2019 h\u00f4tel Royal **** disponibles:<\/span><\/h3>\n<\/div><\/div><div class=\"w-separator size_small\"><\/div><div class=\"w-image align_center\"><div class=\"w-image-h\"><img decoding=\"async\" width=\"300\" height=\"128\" src=\"https:\/\/www.hroyal.it\/wp-content\/uploads\/2022\/11\/4-1-300x128-1.jpg\" class=\"attachment-medium size-medium\" alt=\"\" loading=\"lazy\" srcset=\"https:\/\/www.hroyal.it\/wp-content\/uploads\/2022\/11\/4-1-300x128-1.jpg 300w, https:\/\/www.hroyal.it\/wp-content\/uploads\/2022\/11\/4-1-300x128-1-24x10.jpg 24w, https:\/\/www.hroyal.it\/wp-content\/uploads\/2022\/11\/4-1-300x128-1-36x15.jpg 36w, https:\/\/www.hroyal.it\/wp-content\/uploads\/2022\/11\/4-1-300x128-1-48x20.jpg 48w\" sizes=\"auto, (max-width: 300px) 100vw, 300px\" \/><\/div><\/div><\/div><\/div><div class=\"wpb_column vc_column_container\"><div class=\"vc_column-inner\"><div class=\"w-image align_center\"><div class=\"w-image-h\"><img decoding=\"async\" width=\"1024\" height=\"358\" src=\"https:\/\/www.hroyal.it\/wp-content\/uploads\/2022\/11\/servizi-fr-1024x358-1.jpg\" class=\"attachment-large size-large\" alt=\"\" loading=\"lazy\" srcset=\"https:\/\/www.hroyal.it\/wp-content\/uploads\/2022\/11\/servizi-fr-1024x358-1.jpg 1024w, https:\/\/www.hroyal.it\/wp-content\/uploads\/2022\/11\/servizi-fr-1024x358-1-300x105.jpg 300w, https:\/\/www.hroyal.it\/wp-content\/uploads\/2022\/11\/servizi-fr-1024x358-1-24x8.jpg 24w, https:\/\/www.hroyal.it\/wp-content\/uploads\/2022\/11\/servizi-fr-1024x358-1-36x13.jpg 36w, https:\/\/www.hroyal.it\/wp-content\/uploads\/2022\/11\/servizi-fr-1024x358-1-48x17.jpg 48w\" sizes=\"auto, (max-width: 1024px) 100vw, 1024px\" \/><\/div><\/div><\/div><\/div><\/div><div class=\"w-separator size_small\"><\/div><div class=\"wpb_text_column\"><div class=\"wpb_wrapper\"><p>Voici les principales mesures sp\u00e9cifiques que nous prendrons pour vous faire vivre vos vacances bien m\u00e9rit\u00e9es.<\/p>\n<ul>\n<li>Tous nos collaborateurs auront une dotation et une formation sp\u00e9cifiques \u00ab anti-covid 19 \u00bb, afin que vous pouvez vous attendre, au-del\u00e0 de la gentillesse , conscience et comp\u00e9tence de la part de ceux qui prendront soin de vous.<\/li>\n<li>Les normes d\u2019hygi\u00e8ne seront port\u00e9es au plus haut niveau dans tous les espaces communs, comme la hall de l\u2019h\u00f4tel, le bar, le restaurant, la piscine, les toilettes, la v\u00e9randa et notre plage Bagno \u00ab Royal-Stella \u00bb, tant \u00e0 l\u2019int\u00e9rieur des chambres.<\/li>\n<\/ul>\n<p>Dans les espaces communs, nous allons apporter toutes les modifications qui permettront le respect de la distance requise.<br \/>\nNous installerons distributeurs de d\u00e9sinfectant pour les mains dans tous les endroits n\u00e9vralgiques.<br \/>\nLe nettoyage aura lieu au moins 3 fois dans la journ\u00e9e, en utilisant des produits st\u00e9rilisants et tous les jours sera effectu\u00e9 la d\u00e9sinfection de tous les surfaces de contact.<\/p>\n<\/div><\/div><div class=\"w-separator size_small\"><\/div><div class=\"w-image align_center\"><div class=\"w-image-h\"><img decoding=\"async\" width=\"1024\" height=\"267\" src=\"https:\/\/www.hroyal.it\/wp-content\/uploads\/2022\/09\/staff-no-covid-1536x400-1024x267-1.jpg\" class=\"attachment-large size-large\" alt=\"\" loading=\"lazy\" srcset=\"https:\/\/www.hroyal.it\/wp-content\/uploads\/2022\/09\/staff-no-covid-1536x400-1024x267-1.jpg 1024w, https:\/\/www.hroyal.it\/wp-content\/uploads\/2022\/09\/staff-no-covid-1536x400-1024x267-1-300x78.jpg 300w, https:\/\/www.hroyal.it\/wp-content\/uploads\/2022\/09\/staff-no-covid-1536x400-1024x267-1-24x6.jpg 24w, https:\/\/www.hroyal.it\/wp-content\/uploads\/2022\/09\/staff-no-covid-1536x400-1024x267-1-36x9.jpg 36w, https:\/\/www.hroyal.it\/wp-content\/uploads\/2022\/09\/staff-no-covid-1536x400-1024x267-1-48x13.jpg 48w\" sizes=\"auto, (max-width: 1024px) 100vw, 1024px\" \/><\/div><\/div><div class=\"w-separator size_small\"><\/div><div class=\"wpb_text_column\"><div class=\"wpb_wrapper\"><ul>\n<li>Les chambres seront assainies int\u00e9gralement par une proc\u00e9dure sp\u00e9cifique certifi\u00e9e, avant la remise de la cl\u00e9.<\/li>\n<li>Nous limiterons au maximum les situations de rassemblement \u00e0 la r\u00e9ception et au bar en incitant, avant l\u2019arriv\u00e9e, les op\u00e9rations pour le check-in et \u00e0 votre d\u00e9part celles du check-out. Le service aux tables du bar de l\u2019h\u00f4tel et\u00a0 du bar de la plage sera renforc\u00e9.<br \/>\nLes op\u00e9rations\u00a0 n\u00e9cessaires de contr\u00f4le de la temp\u00e9rature pour les nouveaux arrivants, les fournisseurs et employ\u00e9s seront acc\u00e9l\u00e9r\u00e9s.<\/li>\n<li>Le restaurant du Royal **** \u00e9tendra les horaires d\u2019ouverture. Les tables seront espac\u00e9s de 1 mt. entre leurs. Le service aux buffets sera assist\u00e9 par nos gar\u00e7ons et le service \u00e0 tables sera augment\u00e9, pour vous garantir la qualit\u00e9 de toujours.<\/li>\n<li>Les activit\u00e9s d\u2019animation seront red\u00e9finies de mani\u00e8re innovante e r\u00e9alis\u00e9es en petits groupes, afin que m\u00eame cette ann\u00e9e le plaisir et le bonheur ne manque \u00e0 personne.<\/li>\n<li>Eau de mer et sable sont des \u00e9l\u00e9ments\u00a0\u00a0 s\u00fbrs \u00a0(comme confirm\u00e9 par l\u2019Institut Sup\u00e9rieurs National de Sant\u00e9). Il n\u2019y aura donc aucune limitation concernant les bains de mer et la vie normale \u00e0 la plage. Au Bagno Royal\/Stella vous trouverez le parasols espac\u00e9s selon le nouvelles dispositions et naturellement l\u2019afflux au bar sera r\u00e9gl\u00e9 e limit\u00e9 par l\u2019augmentation du service aux tables ext\u00e9rieurs.<\/li>\n<\/ul>\n<p>L\u2019espacement interpersonnel est pr\u00e9vu qu&rsquo;entre ceux qui n&rsquo;appartiennent pas \u00e0 la m\u00eame famille ou ceux qui n\u2019occupent pas la m\u00eame chambre d\u2019h\u00f4tel.<\/p>\n<p>L\u2019utilisation des masques \u00a0n\u2019est pas obligatoire, sauf dans les situations o\u00f9 le respect de l\u2019espacement interpersonnel devient difficile (bar, magasins, transport public, toilettes, etc.)<\/p>\n<p>Nous vous attendons avec le plaisir\u00a0 de vous accueillir avec le sourire et vous offrir des jours de d\u00e9tente insouciants, sous le signe de la \u00ab Dolce Vita \u00bb, vous permettant de vous sentir \u00e0 votre aise et surtout\u00a0 aussi s\u00fbr que chez vous.<\/p>\n<p><strong>Ce sera encore un \u00e9t\u00e9 magnifique si vous y\u00a0 \u00eates !\u00a0\u00a0<\/strong><\/p>\n<p>Elmo Maraldi, Andrea Fattori, Danilo Meneghello<br \/>\navec tout le personnel du Royal<\/p>\n<\/div><\/div><div class=\"w-separator size_medium\"><\/div><\/div><\/div><\/div><\/div><\/section>\n","protected":false},"excerpt":{"rendered":"A l\u2019h\u00f4tel Royal vacances en d\u00e9tente et en s\u00e9curit\u00e9. Aussi en 2021 notre engagement sera de vous garantir un s\u00e9jour de qualit\u00e9, serein et en s\u00e9curit\u00e9, en respectant touts les nouvelles mesures hygi\u00e9niques et sanitaires pr\u00e9vues par les institutions et les autorit\u00e9s sanitaires (protocole certifi\u00e9 \u00ab accueil en s\u00e9curit\u00e9 \u00bb \u2013 Federalberghi) Bien s\u00fbr avec...","protected":false},"author":1,"featured_media":0,"parent":0,"menu_order":0,"comment_status":"closed","ping_status":"closed","template":"","meta":{"footnotes":""},"class_list":["post-2010","page","type-page","status-publish","hentry"],"yoast_head":"<!-- This site is optimized with the Yoast SEO plugin v26.4 - https:\/\/yoast.com\/wordpress\/plugins\/seo\/ -->\n<title>Des vacances reposantes et s\u00fbres Cesenatico<\/title>\n<meta name=\"description\" content=\"Des vacances reposantes et s\u00fbres Cesenatico\" \/>\n<meta name=\"robots\" content=\"index, follow, max-snippet:-1, max-image-preview:large, max-video-preview:-1\" \/>\n<link rel=\"canonical\" href=\"https:\/\/www.hroyal.it\/it\/vacanze-in-sicurezza-a-cesenatico.html\" \/>\n<meta property=\"og:locale\" content=\"fr_FR\" \/>\n<meta property=\"og:type\" content=\"article\" \/>\n<meta property=\"og:title\" content=\"Des vacances reposantes et s\u00fbres Cesenatico\" \/>\n<meta property=\"og:description\" content=\"Des vacances reposantes et s\u00fbres Cesenatico\" \/>\n<meta property=\"og:url\" content=\"https:\/\/www.hroyal.it\/it\/vacanze-in-sicurezza-a-cesenatico.html\" \/>\n<meta property=\"og:site_name\" content=\"Hotel Royal Cesenatico\" \/>\n<meta property=\"article:publisher\" content=\"https:\/\/it-it.facebook.com\/hroyalcesenatico\/\" \/>\n<meta property=\"article:modified_time\" content=\"2022-12-20T10:51:03+00:00\" \/>\n<meta name=\"twitter:card\" content=\"summary_large_image\" \/>\n<meta name=\"twitter:label1\" content=\"Dur\u00e9e de lecture estim\u00e9e\" \/>\n\t<meta name=\"twitter:data1\" content=\"3 minutes\" \/>\n<script type=\"application\/ld+json\" class=\"yoast-schema-graph\">{\"@context\":\"https:\/\/schema.org\",\"@graph\":[{\"@type\":\"WebPage\",\"@id\":\"https:\/\/www.hroyal.it\/it\/vacanze-in-sicurezza-a-cesenatico.html\",\"url\":\"https:\/\/www.hroyal.it\/it\/vacanze-in-sicurezza-a-cesenatico.html\",\"name\":\"Des vacances reposantes et s\u00fbres Cesenatico\",\"isPartOf\":{\"@id\":\"https:\/\/www.hroyal.it\/it\/#website\"},\"datePublished\":\"2022-09-24T16:29:58+00:00\",\"dateModified\":\"2022-12-20T10:51:03+00:00\",\"description\":\"Des vacances reposantes et s\u00fbres Cesenatico\",\"breadcrumb\":{\"@id\":\"https:\/\/www.hroyal.it\/it\/vacanze-in-sicurezza-a-cesenatico.html#breadcrumb\"},\"inLanguage\":\"fr-FR\",\"potentialAction\":[{\"@type\":\"ReadAction\",\"target\":[\"https:\/\/www.hroyal.it\/it\/vacanze-in-sicurezza-a-cesenatico.html\"]}]},{\"@type\":\"BreadcrumbList\",\"@id\":\"https:\/\/www.hroyal.it\/it\/vacanze-in-sicurezza-a-cesenatico.html#breadcrumb\",\"itemListElement\":[{\"@type\":\"ListItem\",\"position\":1,\"name\":\"Home\",\"item\":\"https:\/\/www.hroyal.it\/fr\"},{\"@type\":\"ListItem\",\"position\":2,\"name\":\"Des vacances reposantes et s\u00fbres Cesenatico\"}]},{\"@type\":\"WebSite\",\"@id\":\"https:\/\/www.hroyal.it\/it\/#website\",\"url\":\"https:\/\/www.hroyal.it\/it\/\",\"name\":\"Hotel Royal Cesenatico\",\"description\":\"**** Royal Cesenatico : Hotel 4 stelle All inclusive sul Mare Cesenatico con Piscina e Spiaggia privata\",\"publisher\":{\"@id\":\"https:\/\/www.hroyal.it\/it\/#organization\"},\"alternateName\":\"Hotel Royal 4 stelle sul lungomare di Cesenatico\",\"potentialAction\":[{\"@type\":\"SearchAction\",\"target\":{\"@type\":\"EntryPoint\",\"urlTemplate\":\"https:\/\/www.hroyal.it\/it\/?s={search_term_string}\"},\"query-input\":{\"@type\":\"PropertyValueSpecification\",\"valueRequired\":true,\"valueName\":\"search_term_string\"}}],\"inLanguage\":\"fr-FR\"},{\"@type\":\"Organization\",\"@id\":\"https:\/\/www.hroyal.it\/it\/#organization\",\"name\":\"Hotel Royal Cesenatico\",\"url\":\"https:\/\/www.hroyal.it\/it\/\",\"logo\":{\"@type\":\"ImageObject\",\"inLanguage\":\"fr-FR\",\"@id\":\"https:\/\/www.hroyal.it\/it\/#\/schema\/logo\/image\/\",\"url\":\"https:\/\/www.hroyal.it\/wp-content\/uploads\/2022\/08\/logo-royal2-1.png\",\"contentUrl\":\"https:\/\/www.hroyal.it\/wp-content\/uploads\/2022\/08\/logo-royal2-1.png\",\"width\":262,\"height\":91,\"caption\":\"Hotel Royal Cesenatico\"},\"image\":{\"@id\":\"https:\/\/www.hroyal.it\/it\/#\/schema\/logo\/image\/\"},\"sameAs\":[\"https:\/\/it-it.facebook.com\/hroyalcesenatico\/\",\"https:\/\/www.instagram.com\/hotelroyalcesenatico\/\"]}]}<\/script>\n<!-- \/ Yoast SEO plugin. -->","yoast_head_json":{"title":"Des vacances reposantes et s\u00fbres Cesenatico","description":"Des vacances reposantes et s\u00fbres Cesenatico","robots":{"index":"index","follow":"follow","max-snippet":"max-snippet:-1","max-image-preview":"max-image-preview:large","max-video-preview":"max-video-preview:-1"},"canonical":"https:\/\/www.hroyal.it\/it\/vacanze-in-sicurezza-a-cesenatico.html","og_locale":"fr_FR","og_type":"article","og_title":"Des vacances reposantes et s\u00fbres Cesenatico","og_description":"Des vacances reposantes et s\u00fbres Cesenatico","og_url":"https:\/\/www.hroyal.it\/it\/vacanze-in-sicurezza-a-cesenatico.html","og_site_name":"Hotel Royal Cesenatico","article_publisher":"https:\/\/it-it.facebook.com\/hroyalcesenatico\/","article_modified_time":"2022-12-20T10:51:03+00:00","twitter_card":"summary_large_image","twitter_misc":{"Dur\u00e9e de lecture estim\u00e9e":"3 minutes"},"schema":{"@context":"https:\/\/schema.org","@graph":[{"@type":"WebPage","@id":"https:\/\/www.hroyal.it\/it\/vacanze-in-sicurezza-a-cesenatico.html","url":"https:\/\/www.hroyal.it\/it\/vacanze-in-sicurezza-a-cesenatico.html","name":"Des vacances reposantes et s\u00fbres Cesenatico","isPartOf":{"@id":"https:\/\/www.hroyal.it\/it\/#website"},"datePublished":"2022-09-24T16:29:58+00:00","dateModified":"2022-12-20T10:51:03+00:00","description":"Des vacances reposantes et s\u00fbres Cesenatico","breadcrumb":{"@id":"https:\/\/www.hroyal.it\/it\/vacanze-in-sicurezza-a-cesenatico.html#breadcrumb"},"inLanguage":"fr-FR","potentialAction":[{"@type":"ReadAction","target":["https:\/\/www.hroyal.it\/it\/vacanze-in-sicurezza-a-cesenatico.html"]}]},{"@type":"BreadcrumbList","@id":"https:\/\/www.hroyal.it\/it\/vacanze-in-sicurezza-a-cesenatico.html#breadcrumb","itemListElement":[{"@type":"ListItem","position":1,"name":"Home","item":"https:\/\/www.hroyal.it\/fr"},{"@type":"ListItem","position":2,"name":"Des vacances reposantes et s\u00fbres Cesenatico"}]},{"@type":"WebSite","@id":"https:\/\/www.hroyal.it\/it\/#website","url":"https:\/\/www.hroyal.it\/it\/","name":"Hotel Royal Cesenatico","description":"**** Royal Cesenatico : Hotel 4 stelle All inclusive sul Mare Cesenatico con Piscina e Spiaggia privata","publisher":{"@id":"https:\/\/www.hroyal.it\/it\/#organization"},"alternateName":"Hotel Royal 4 stelle sul lungomare di Cesenatico","potentialAction":[{"@type":"SearchAction","target":{"@type":"EntryPoint","urlTemplate":"https:\/\/www.hroyal.it\/it\/?s={search_term_string}"},"query-input":{"@type":"PropertyValueSpecification","valueRequired":true,"valueName":"search_term_string"}}],"inLanguage":"fr-FR"},{"@type":"Organization","@id":"https:\/\/www.hroyal.it\/it\/#organization","name":"Hotel Royal Cesenatico","url":"https:\/\/www.hroyal.it\/it\/","logo":{"@type":"ImageObject","inLanguage":"fr-FR","@id":"https:\/\/www.hroyal.it\/it\/#\/schema\/logo\/image\/","url":"https:\/\/www.hroyal.it\/wp-content\/uploads\/2022\/08\/logo-royal2-1.png","contentUrl":"https:\/\/www.hroyal.it\/wp-content\/uploads\/2022\/08\/logo-royal2-1.png","width":262,"height":91,"caption":"Hotel Royal Cesenatico"},"image":{"@id":"https:\/\/www.hroyal.it\/it\/#\/schema\/logo\/image\/"},"sameAs":["https:\/\/it-it.facebook.com\/hroyalcesenatico\/","https:\/\/www.instagram.com\/hotelroyalcesenatico\/"]}]}},"_links":{"self":[{"href":"https:\/\/www.hroyal.it\/fr\/wp-json\/wp\/v2\/pages\/2010","targetHints":{"allow":["GET"]}}],"collection":[{"href":"https:\/\/www.hroyal.it\/fr\/wp-json\/wp\/v2\/pages"}],"about":[{"href":"https:\/\/www.hroyal.it\/fr\/wp-json\/wp\/v2\/types\/page"}],"author":[{"embeddable":true,"href":"https:\/\/www.hroyal.it\/fr\/wp-json\/wp\/v2\/users\/1"}],"replies":[{"embeddable":true,"href":"https:\/\/www.hroyal.it\/fr\/wp-json\/wp\/v2\/comments?post=2010"}],"version-history":[{"count":8,"href":"https:\/\/www.hroyal.it\/fr\/wp-json\/wp\/v2\/pages\/2010\/revisions"}],"predecessor-version":[{"id":2515,"href":"https:\/\/www.hroyal.it\/fr\/wp-json\/wp\/v2\/pages\/2010\/revisions\/2515"}],"wp:attachment":[{"href":"https:\/\/www.hroyal.it\/fr\/wp-json\/wp\/v2\/media?parent=2010"}],"curies":[{"name":"wp","href":"https:\/\/api.w.org\/{rel}","templated":true}]}}