{"id":2048,"date":"2022-10-09T13:10:00","date_gmt":"2022-10-09T13:10:00","guid":{"rendered":"https:\/\/ufficio80.xyz\/royal\/?page_id=2048"},"modified":"2022-12-20T11:08:36","modified_gmt":"2022-12-20T11:08:36","slug":"comment-arriver-a-cesenatico","status":"publish","type":"page","link":"https:\/\/www.hroyal.it\/fr\/comment-arriver-a-cesenatico.html","title":{"rendered":"Comment Arriver \u00e0 Cesenatico, Hotel Royal 4 etoiles"},"content":{"rendered":"<section class=\"l-section wpb_row height_medium color_primary with_img with_shape\"><div class=\"l-section-img\" role=\"img\" aria-label=\"Image\" data-img-width=\"2560\" data-img-height=\"1195\" style=\"background-image: url(https:\/\/www.hroyal.it\/wp-content\/uploads\/2022\/10\/hotel-royal-scaled.jpg);\"><\/div><div class=\"l-section-overlay\" style=\"background:rgba(26,26,26,0.35)\"><\/div><div class=\"l-section-shape type_wave pos_bottom hor_flip\" style=\"height:5vmax;color:\"><svg xmlns=\"http:\/\/www.w3.org\/2000\/svg\" viewBox=\"0 4 64 4\" preserveAspectRatio=\"none\" width=\"100%\" height=\"100%\">\r\n\t<path fill=\"currentColor\" d=\"M64 6 C32 0 32 12 0 6 L0 8 L64 8 Z\"\/>\r\n<\/svg><\/div><div class=\"l-section-h i-cf\"><div class=\"g-cols vc_row via_grid cols_2 laptops-cols_inherit tablets-cols_inherit mobiles-cols_1 valign_top type_default stacking_default\"><div class=\"wpb_column vc_column_container\"><div class=\"vc_column-inner\"><\/div><\/div><div class=\"wpb_column vc_column_container\"><div class=\"vc_column-inner\"><div class=\"wpb_text_column\"><div class=\"wpb_wrapper\"><h1 class=\"w-text\" style=\"text-align: right;\"><span class=\"w-text-h\"><span class=\"w-text-value\">Comment<br \/>\n<\/span><\/span><span class=\"w-text-h\"><span class=\"w-text-value\">arriver a<br \/>\nCesenatico<\/span><\/span><\/h1>\n<h5 style=\"text-align: right;\">Hotel Royal<\/h5>\n<\/div><\/div><div class=\"w-btn-wrapper align_right\"><a class=\"w-btn us-btn-style_1\" href=\"https:\/\/www.hroyal.it\/fr\/demande.html\"><span class=\"w-btn-label\">Demande<\/span><\/a><\/div><div class=\"w-separator size_custom\" style=\"height:8vmax\"><\/div><\/div><\/div><\/div><\/div><\/section><section class=\"l-section wpb_row height_medium\"><div class=\"l-section-h i-cf\"><div class=\"g-cols vc_row via_grid cols_3 laptops-cols_inherit tablets-cols_inherit mobiles-cols_1 valign_top type_default stacking_default\"><div class=\"wpb_column vc_column_container\"><div class=\"vc_column-inner\"><div class=\"wpb_text_column\"><div class=\"wpb_wrapper\"><h2 style=\"text-align: center;\">Voiture<\/h2>\n<\/div><\/div><div class=\"w-image align_center\"><div class=\"w-image-h\"><img decoding=\"async\" width=\"260\" height=\"150\" src=\"https:\/\/www.hroyal.it\/wp-content\/uploads\/2022\/10\/1car.png\" class=\"attachment-large size-large\" alt=\"\" loading=\"lazy\" srcset=\"https:\/\/www.hroyal.it\/wp-content\/uploads\/2022\/10\/1car.png 260w, https:\/\/www.hroyal.it\/wp-content\/uploads\/2022\/10\/1car-24x14.png 24w, https:\/\/www.hroyal.it\/wp-content\/uploads\/2022\/10\/1car-36x21.png 36w, https:\/\/www.hroyal.it\/wp-content\/uploads\/2022\/10\/1car-48x28.png 48w\" sizes=\"auto, (max-width: 260px) 100vw, 260px\" \/><\/div><\/div><div class=\"wpb_text_column\"><div class=\"wpb_wrapper\"><ul>\n<li>Autoroute A14, sortie \u201cCesena\u201d ou \u00abValle del Rubicone\u00bb, route nationale SS16 pour Cesenatico.<\/li>\n<\/ul>\n<\/div><\/div><\/div><\/div><div class=\"wpb_column vc_column_container\"><div class=\"vc_column-inner\"><div class=\"wpb_text_column\"><div class=\"wpb_wrapper\"><h2 style=\"text-align: center;\">Treins<\/h2>\n<\/div><\/div><div class=\"w-image align_center\"><div class=\"w-image-h\"><img decoding=\"async\" width=\"260\" height=\"150\" src=\"https:\/\/www.hroyal.it\/wp-content\/uploads\/2022\/10\/2train.png\" class=\"attachment-large size-large\" alt=\"\" loading=\"lazy\" srcset=\"https:\/\/www.hroyal.it\/wp-content\/uploads\/2022\/10\/2train.png 260w, https:\/\/www.hroyal.it\/wp-content\/uploads\/2022\/10\/2train-24x14.png 24w, https:\/\/www.hroyal.it\/wp-content\/uploads\/2022\/10\/2train-36x21.png 36w, https:\/\/www.hroyal.it\/wp-content\/uploads\/2022\/10\/2train-48x28.png 48w\" sizes=\"auto, (max-width: 260px) 100vw, 260px\" \/><\/div><\/div><div class=\"wpb_text_column\"><div class=\"wpb_wrapper\"><p style=\"text-align: center;\">Gare de chemin de fer Cesenatico ou Gatteo Mare<\/p>\n<\/div><\/div><\/div><\/div><div class=\"wpb_column vc_column_container\"><div class=\"vc_column-inner\"><div class=\"wpb_text_column\"><div class=\"wpb_wrapper\"><h2 style=\"text-align: center;\">Avion<\/h2>\n<\/div><\/div><div class=\"w-image align_center\"><div class=\"w-image-h\"><img decoding=\"async\" width=\"260\" height=\"150\" src=\"https:\/\/www.hroyal.it\/wp-content\/uploads\/2022\/10\/3plane.png\" class=\"attachment-large size-large\" alt=\"\" loading=\"lazy\" srcset=\"https:\/\/www.hroyal.it\/wp-content\/uploads\/2022\/10\/3plane.png 260w, https:\/\/www.hroyal.it\/wp-content\/uploads\/2022\/10\/3plane-24x14.png 24w, https:\/\/www.hroyal.it\/wp-content\/uploads\/2022\/10\/3plane-36x21.png 36w, https:\/\/www.hroyal.it\/wp-content\/uploads\/2022\/10\/3plane-48x28.png 48w\" sizes=\"auto, (max-width: 260px) 100vw, 260px\" \/><\/div><\/div><div class=\"wpb_text_column\"><div class=\"wpb_wrapper\"><p style=\"text-align: center;\">A\u00e9roports: Rimini, Forli ou Bologna<\/p>\n<\/div><\/div><\/div><\/div><\/div><\/div><\/section><section class=\"l-section wpb_row height_small\"><div class=\"l-section-h i-cf\"><div class=\"g-cols vc_row via_grid cols_1 laptops-cols_inherit tablets-cols_inherit mobiles-cols_1 valign_top type_default stacking_default\"><div class=\"wpb_column vc_column_container\"><div class=\"vc_column-inner\"><div class=\"wpb_text_column\"><div class=\"wpb_wrapper\"><p style=\"text-align: center;\">Cesenatico est en province de Forl\u00ec \u2013 Cesena, Emilia-Romagna. La Romagne, gr\u00e2ce \u00e0 sa conformation g\u00e9ographique est un lieu id\u00e9al pour grouper des vacances \u00ab soleil et mer \u00bbavec des vacances culturelles en contact avec la nature.<br \/>\nTerre de grande renomm\u00e9e historique, elle r\u00e9ussit \u00e0 concillier le rythme enchant\u00e9 de la c\u00f4te avec le relief de ses paysages montagneux pr\u00eats \u00e0 vous accueillir et montrer ses merveilles.<\/p>\n<\/div><\/div><\/div><\/div><\/div><\/div><\/section><section class=\"l-section wpb_row height_auto width_full with_shape\"><div class=\"l-section-shape type_wave pos_top on_front\" style=\"height:5vh;\"><svg xmlns=\"http:\/\/www.w3.org\/2000\/svg\" viewBox=\"0 4 64 4\" preserveAspectRatio=\"none\" width=\"100%\" height=\"100%\">\r\n\t<path fill=\"currentColor\" d=\"M64 6 C32 0 32 12 0 6 L0 8 L64 8 Z\"\/>\r\n<\/svg><\/div><div class=\"l-section-h i-cf\"><div class=\"g-cols vc_row via_grid cols_1 laptops-cols_inherit tablets-cols_inherit mobiles-cols_1 valign_top type_default stacking_default\"><div class=\"wpb_column vc_column_container\"><div class=\"vc_column-inner\">[vc_raw_html]JTNDaWZyYW1lJTIwc3JjJTNEJTIyaHR0cHMlM0ElMkYlMkZ3d3cuZ29vZ2xlLmNvbSUyRm1hcHMlMkZlbWJlZCUzRnBiJTNEJTIxMW0xOCUyMTFtMTIlMjExbTMlMjExZDI4NjEuMjc0Njc1NTUwMDA0JTIxMmQxMi40MjM0OTA5MTU1OTg5NzQlMjEzZDQ0LjE4MDgwNzIyNjE3MDcxJTIxMm0zJTIxMWYwJTIxMmYwJTIxM2YwJTIxM20yJTIxMWkxMDI0JTIxMmk3NjglMjE0ZjEzLjElMjEzbTMlMjExbTIlMjExczB4MTMyY2I3ZjAxZDEzYWNiYiUyNTNBMHhmOWRiYzMwYWIzNTE1MWZiJTIxMnNIb3RlbCUyQlJveWFsJTIxNWUwJTIxM20yJTIxMXNpdCUyMTJzaXQlMjE0djE1NTk0NTU5NDg4MzclMjE1bTIlMjExc2l0JTIxMnNpdCUyMiUyMHdpZHRoJTNEJTIyMTkwMCUyMiUyMGhlaWdodCUzRCUyMjQwMCUyMiUyMGZyYW1lYm9yZGVyJTNEJTIyMCUyMiUyMHN0eWxlJTNEJTIyYm9yZGVyJTNBMCUyMiUyMGFsbG93ZnVsbHNjcmVlbiUzRSUzQyUyRmlmcmFtZSUzRQ==[\/vc_raw_html]<\/div><\/div><\/div><\/div><\/section>\n","protected":false},"excerpt":{"rendered":"Comment arriver a Cesenatico Hotel Royal DemandeVoiture Autoroute A14, sortie \u201cCesena\u201d ou \u00abValle del Rubicone\u00bb, route nationale SS16 pour Cesenatico. Treins Gare de chemin de fer Cesenatico ou Gatteo Mare Avion A\u00e9roports: Rimini, Forli ou Bologna Cesenatico est en province de Forl\u00ec \u2013 Cesena, Emilia-Romagna. La Romagne, gr\u00e2ce \u00e0 sa conformation g\u00e9ographique est un lieu...","protected":false},"author":1,"featured_media":0,"parent":0,"menu_order":0,"comment_status":"closed","ping_status":"closed","template":"","meta":{"footnotes":""},"class_list":["post-2048","page","type-page","status-publish","hentry"],"yoast_head":"<!-- This site is optimized with the Yoast SEO plugin v26.4 - https:\/\/yoast.com\/wordpress\/plugins\/seo\/ -->\n<title>Comment Arriver \u00e0 Cesenatico, Hotel Royal 4 etoiles<\/title>\n<meta name=\"description\" content=\"Comment Arriver \u00e0 Hotel Royal 4 etoilesCesenatico: avec voiture, ou treins, ou avion.\" \/>\n<meta name=\"robots\" content=\"index, follow, max-snippet:-1, max-image-preview:large, max-video-preview:-1\" \/>\n<link rel=\"canonical\" href=\"https:\/\/www.hroyal.it\/it\/come-arrivare-a-cesenatico.html\" \/>\n<meta property=\"og:locale\" content=\"fr_FR\" \/>\n<meta property=\"og:type\" content=\"article\" \/>\n<meta property=\"og:title\" content=\"Comment Arriver \u00e0 Cesenatico, Hotel Royal 4 etoiles\" \/>\n<meta property=\"og:description\" content=\"Comment Arriver \u00e0 Hotel Royal 4 etoilesCesenatico: avec voiture, ou treins, ou avion.\" \/>\n<meta property=\"og:url\" content=\"https:\/\/www.hroyal.it\/it\/come-arrivare-a-cesenatico.html\" \/>\n<meta property=\"og:site_name\" content=\"Hotel Royal Cesenatico\" \/>\n<meta property=\"article:publisher\" content=\"https:\/\/it-it.facebook.com\/hroyalcesenatico\/\" \/>\n<meta property=\"article:modified_time\" content=\"2022-12-20T11:08:36+00:00\" \/>\n<meta name=\"twitter:card\" content=\"summary_large_image\" \/>\n<meta name=\"twitter:label1\" content=\"Dur\u00e9e de lecture estim\u00e9e\" \/>\n\t<meta name=\"twitter:data1\" content=\"1 minute\" \/>\n<script type=\"application\/ld+json\" class=\"yoast-schema-graph\">{\"@context\":\"https:\/\/schema.org\",\"@graph\":[{\"@type\":\"WebPage\",\"@id\":\"https:\/\/www.hroyal.it\/it\/come-arrivare-a-cesenatico.html\",\"url\":\"https:\/\/www.hroyal.it\/it\/come-arrivare-a-cesenatico.html\",\"name\":\"Comment Arriver \u00e0 Cesenatico, Hotel Royal 4 etoiles\",\"isPartOf\":{\"@id\":\"https:\/\/www.hroyal.it\/it\/#website\"},\"datePublished\":\"2022-10-09T13:10:00+00:00\",\"dateModified\":\"2022-12-20T11:08:36+00:00\",\"description\":\"Comment Arriver \u00e0 Hotel Royal 4 etoilesCesenatico: avec voiture, ou treins, ou avion.\",\"breadcrumb\":{\"@id\":\"https:\/\/www.hroyal.it\/it\/come-arrivare-a-cesenatico.html#breadcrumb\"},\"inLanguage\":\"fr-FR\",\"potentialAction\":[{\"@type\":\"ReadAction\",\"target\":[\"https:\/\/www.hroyal.it\/it\/come-arrivare-a-cesenatico.html\"]}]},{\"@type\":\"BreadcrumbList\",\"@id\":\"https:\/\/www.hroyal.it\/it\/come-arrivare-a-cesenatico.html#breadcrumb\",\"itemListElement\":[{\"@type\":\"ListItem\",\"position\":1,\"name\":\"Home\",\"item\":\"https:\/\/www.hroyal.it\/fr\"},{\"@type\":\"ListItem\",\"position\":2,\"name\":\"Comment Arriver \u00e0 Cesenatico, Hotel Royal 4 etoiles\"}]},{\"@type\":\"WebSite\",\"@id\":\"https:\/\/www.hroyal.it\/it\/#website\",\"url\":\"https:\/\/www.hroyal.it\/it\/\",\"name\":\"Hotel Royal Cesenatico\",\"description\":\"**** Royal Cesenatico : Hotel 4 stelle All inclusive sul Mare Cesenatico con Piscina e Spiaggia privata\",\"publisher\":{\"@id\":\"https:\/\/www.hroyal.it\/it\/#organization\"},\"alternateName\":\"Hotel Royal 4 stelle sul lungomare di Cesenatico\",\"potentialAction\":[{\"@type\":\"SearchAction\",\"target\":{\"@type\":\"EntryPoint\",\"urlTemplate\":\"https:\/\/www.hroyal.it\/it\/?s={search_term_string}\"},\"query-input\":{\"@type\":\"PropertyValueSpecification\",\"valueRequired\":true,\"valueName\":\"search_term_string\"}}],\"inLanguage\":\"fr-FR\"},{\"@type\":\"Organization\",\"@id\":\"https:\/\/www.hroyal.it\/it\/#organization\",\"name\":\"Hotel Royal Cesenatico\",\"url\":\"https:\/\/www.hroyal.it\/it\/\",\"logo\":{\"@type\":\"ImageObject\",\"inLanguage\":\"fr-FR\",\"@id\":\"https:\/\/www.hroyal.it\/it\/#\/schema\/logo\/image\/\",\"url\":\"https:\/\/www.hroyal.it\/wp-content\/uploads\/2022\/08\/logo-royal2-1.png\",\"contentUrl\":\"https:\/\/www.hroyal.it\/wp-content\/uploads\/2022\/08\/logo-royal2-1.png\",\"width\":262,\"height\":91,\"caption\":\"Hotel Royal Cesenatico\"},\"image\":{\"@id\":\"https:\/\/www.hroyal.it\/it\/#\/schema\/logo\/image\/\"},\"sameAs\":[\"https:\/\/it-it.facebook.com\/hroyalcesenatico\/\",\"https:\/\/www.instagram.com\/hotelroyalcesenatico\/\"]}]}<\/script>\n<!-- \/ Yoast SEO plugin. -->","yoast_head_json":{"title":"Comment Arriver \u00e0 Cesenatico, Hotel Royal 4 etoiles","description":"Comment Arriver \u00e0 Hotel Royal 4 etoilesCesenatico: avec voiture, ou treins, ou avion.","robots":{"index":"index","follow":"follow","max-snippet":"max-snippet:-1","max-image-preview":"max-image-preview:large","max-video-preview":"max-video-preview:-1"},"canonical":"https:\/\/www.hroyal.it\/it\/come-arrivare-a-cesenatico.html","og_locale":"fr_FR","og_type":"article","og_title":"Comment Arriver \u00e0 Cesenatico, Hotel Royal 4 etoiles","og_description":"Comment Arriver \u00e0 Hotel Royal 4 etoilesCesenatico: avec voiture, ou treins, ou avion.","og_url":"https:\/\/www.hroyal.it\/it\/come-arrivare-a-cesenatico.html","og_site_name":"Hotel Royal Cesenatico","article_publisher":"https:\/\/it-it.facebook.com\/hroyalcesenatico\/","article_modified_time":"2022-12-20T11:08:36+00:00","twitter_card":"summary_large_image","twitter_misc":{"Dur\u00e9e de lecture estim\u00e9e":"1 minute"},"schema":{"@context":"https:\/\/schema.org","@graph":[{"@type":"WebPage","@id":"https:\/\/www.hroyal.it\/it\/come-arrivare-a-cesenatico.html","url":"https:\/\/www.hroyal.it\/it\/come-arrivare-a-cesenatico.html","name":"Comment Arriver \u00e0 Cesenatico, Hotel Royal 4 etoiles","isPartOf":{"@id":"https:\/\/www.hroyal.it\/it\/#website"},"datePublished":"2022-10-09T13:10:00+00:00","dateModified":"2022-12-20T11:08:36+00:00","description":"Comment Arriver \u00e0 Hotel Royal 4 etoilesCesenatico: avec voiture, ou treins, ou avion.","breadcrumb":{"@id":"https:\/\/www.hroyal.it\/it\/come-arrivare-a-cesenatico.html#breadcrumb"},"inLanguage":"fr-FR","potentialAction":[{"@type":"ReadAction","target":["https:\/\/www.hroyal.it\/it\/come-arrivare-a-cesenatico.html"]}]},{"@type":"BreadcrumbList","@id":"https:\/\/www.hroyal.it\/it\/come-arrivare-a-cesenatico.html#breadcrumb","itemListElement":[{"@type":"ListItem","position":1,"name":"Home","item":"https:\/\/www.hroyal.it\/fr"},{"@type":"ListItem","position":2,"name":"Comment Arriver \u00e0 Cesenatico, Hotel Royal 4 etoiles"}]},{"@type":"WebSite","@id":"https:\/\/www.hroyal.it\/it\/#website","url":"https:\/\/www.hroyal.it\/it\/","name":"Hotel Royal Cesenatico","description":"**** Royal Cesenatico : Hotel 4 stelle All inclusive sul Mare Cesenatico con Piscina e Spiaggia privata","publisher":{"@id":"https:\/\/www.hroyal.it\/it\/#organization"},"alternateName":"Hotel Royal 4 stelle sul lungomare di Cesenatico","potentialAction":[{"@type":"SearchAction","target":{"@type":"EntryPoint","urlTemplate":"https:\/\/www.hroyal.it\/it\/?s={search_term_string}"},"query-input":{"@type":"PropertyValueSpecification","valueRequired":true,"valueName":"search_term_string"}}],"inLanguage":"fr-FR"},{"@type":"Organization","@id":"https:\/\/www.hroyal.it\/it\/#organization","name":"Hotel Royal Cesenatico","url":"https:\/\/www.hroyal.it\/it\/","logo":{"@type":"ImageObject","inLanguage":"fr-FR","@id":"https:\/\/www.hroyal.it\/it\/#\/schema\/logo\/image\/","url":"https:\/\/www.hroyal.it\/wp-content\/uploads\/2022\/08\/logo-royal2-1.png","contentUrl":"https:\/\/www.hroyal.it\/wp-content\/uploads\/2022\/08\/logo-royal2-1.png","width":262,"height":91,"caption":"Hotel Royal Cesenatico"},"image":{"@id":"https:\/\/www.hroyal.it\/it\/#\/schema\/logo\/image\/"},"sameAs":["https:\/\/it-it.facebook.com\/hroyalcesenatico\/","https:\/\/www.instagram.com\/hotelroyalcesenatico\/"]}]}},"_links":{"self":[{"href":"https:\/\/www.hroyal.it\/fr\/wp-json\/wp\/v2\/pages\/2048","targetHints":{"allow":["GET"]}}],"collection":[{"href":"https:\/\/www.hroyal.it\/fr\/wp-json\/wp\/v2\/pages"}],"about":[{"href":"https:\/\/www.hroyal.it\/fr\/wp-json\/wp\/v2\/types\/page"}],"author":[{"embeddable":true,"href":"https:\/\/www.hroyal.it\/fr\/wp-json\/wp\/v2\/users\/1"}],"replies":[{"embeddable":true,"href":"https:\/\/www.hroyal.it\/fr\/wp-json\/wp\/v2\/comments?post=2048"}],"version-history":[{"count":6,"href":"https:\/\/www.hroyal.it\/fr\/wp-json\/wp\/v2\/pages\/2048\/revisions"}],"predecessor-version":[{"id":2416,"href":"https:\/\/www.hroyal.it\/fr\/wp-json\/wp\/v2\/pages\/2048\/revisions\/2416"}],"wp:attachment":[{"href":"https:\/\/www.hroyal.it\/fr\/wp-json\/wp\/v2\/media?parent=2048"}],"curies":[{"name":"wp","href":"https:\/\/api.w.org\/{rel}","templated":true}]}}