{"id":2054,"date":"2022-10-09T13:31:57","date_gmt":"2022-10-09T13:31:57","guid":{"rendered":"https:\/\/ufficio80.xyz\/royal\/?page_id=2054"},"modified":"2022-12-20T11:10:29","modified_gmt":"2022-12-20T11:10:29","slug":"decouvrir-romagne","status":"publish","type":"page","link":"https:\/\/www.hroyal.it\/fr\/decouvrir-romagne.html","title":{"rendered":"D\u00e9couvrir la Romagne, top 10 choses \u00e0 visiter"},"content":{"rendered":"<section class=\"l-section wpb_row height_medium color_primary with_img with_shape\"><div class=\"l-section-img\" role=\"img\" aria-label=\"Image\" data-img-width=\"2560\" data-img-height=\"1195\" style=\"background-image: url(https:\/\/www.hroyal.it\/wp-content\/uploads\/2022\/10\/panoramica-romagna-scaled.jpg);\"><\/div><div class=\"l-section-overlay\" style=\"background:rgba(26,26,26,0.35)\"><\/div><div class=\"l-section-shape type_wave pos_bottom on_front hor_flip\" style=\"height:5vmax;color:#ffffff\"><svg xmlns=\"http:\/\/www.w3.org\/2000\/svg\" viewBox=\"0 4 64 4\" preserveAspectRatio=\"none\" width=\"100%\" height=\"100%\">\r\n\t<path fill=\"currentColor\" d=\"M64 6 C32 0 32 12 0 6 L0 8 L64 8 Z\"\/>\r\n<\/svg><\/div><div class=\"l-section-h i-cf\"><div class=\"g-cols vc_row via_grid cols_1 laptops-cols_inherit tablets-cols_inherit mobiles-cols_1 valign_top type_default stacking_default\"><div class=\"wpb_column vc_column_container\"><div class=\"vc_column-inner\"><h1 class=\"w-text\"><span class=\"w-text-h\"><span class=\"w-text-value\">Ville de<br \/>\nRomagne<\/span><\/span><\/h1><div class=\"wpb_text_column us_custom_a6d9f5b5\"><div class=\"wpb_wrapper\"><h5>Hotel<br \/>\nRoyal Cesenatico<\/h5>\n<\/div><\/div><div class=\"w-btn-wrapper align_left\"><a class=\"w-btn us-btn-style_3\" href=\"https:\/\/www.hroyal.it\/fr\/demande.html\"><span class=\"w-btn-label\">Demande<\/span><\/a><\/div><div class=\"w-separator size_custom\" style=\"height:8vmax\"><\/div><\/div><\/div><\/div><\/div><\/section><section class=\"l-section wpb_row us_custom_4fb9e5a3 height_small\"><div class=\"l-section-h i-cf\"><div class=\"g-cols vc_row via_grid cols_1 laptops-cols_inherit tablets-cols_inherit mobiles-cols_1 valign_top type_default stacking_default\"><div class=\"wpb_column vc_column_container\"><div class=\"vc_column-inner\"><div class=\"wpb_text_column\"><div class=\"wpb_wrapper\"><h1 style=\"text-align: center;\">Romagne<\/h1>\n<p style=\"text-align: center;\">La Romagne ,terre de convivialit\u00e9 et de bonne cuisine, vous offre bien plus qu\u2019on peut s&rsquo;attendre en vacances.<\/p>\n<p style=\"text-align: center;\">Derri\u00e8re la c\u00f4te adriatique color\u00e9e avec ses larges plages et toutes sortes de divertissements se trouve l&rsquo;arri\u00e8re-pays vallonn\u00e9, avec ses vergers, ses petits champs, ses vignes, ses oliviers et de nombreux villages pittoresques au charme unique.<\/p>\n<\/div><\/div><\/div><\/div><\/div><\/div><\/section><section class=\"l-section wpb_row height_medium with_shape\"><div class=\"l-section-shape type_wave pos_top\" style=\"height:5vh;color:#ffffff\"><svg xmlns=\"http:\/\/www.w3.org\/2000\/svg\" viewBox=\"0 4 64 4\" preserveAspectRatio=\"none\" width=\"100%\" height=\"100%\">\r\n\t<path fill=\"currentColor\" d=\"M64 6 C32 0 32 12 0 6 L0 8 L64 8 Z\"\/>\r\n<\/svg><\/div><div class=\"l-section-h i-cf\"><div class=\"g-cols vc_row via_grid cols_1 laptops-cols_inherit tablets-cols_inherit mobiles-cols_1 valign_top type_default stacking_default\"><div class=\"wpb_column vc_column_container\"><div class=\"vc_column-inner\"><div class=\"w-separator size_medium\"><\/div><div class=\"w-image align_center meta_modern\"><div class=\"w-image-h\"><img decoding=\"async\" width=\"1150\" height=\"763\" src=\"https:\/\/www.hroyal.it\/wp-content\/uploads\/2022\/10\/San-Marino-1.jpg\" class=\"attachment-full size-full\" alt=\"\" loading=\"lazy\" srcset=\"https:\/\/www.hroyal.it\/wp-content\/uploads\/2022\/10\/San-Marino-1.jpg 1150w, https:\/\/www.hroyal.it\/wp-content\/uploads\/2022\/10\/San-Marino-1-300x199.jpg 300w, https:\/\/www.hroyal.it\/wp-content\/uploads\/2022\/10\/San-Marino-1-1024x679.jpg 1024w, https:\/\/www.hroyal.it\/wp-content\/uploads\/2022\/10\/San-Marino-1-24x16.jpg 24w, https:\/\/www.hroyal.it\/wp-content\/uploads\/2022\/10\/San-Marino-1-36x24.jpg 36w, https:\/\/www.hroyal.it\/wp-content\/uploads\/2022\/10\/San-Marino-1-48x32.jpg 48w\" sizes=\"auto, (max-width: 1150px) 100vw, 1150px\" \/><div class=\"w-image-meta\"><div class=\"w-image-title\">San Marino<\/div><\/div><\/div><\/div><div class=\"w-separator size_small\"><\/div><div class=\"wpb_text_column\"><div class=\"wpb_wrapper\"><p style=\"text-align: center;\">S&rsquo;\u00e9levant sur un rocher surplombant la plaine inf\u00e9rieure et la c\u00f4te adriatique, <strong>Saint-Marin<\/strong> est la r\u00e9publique la plus ancienne et la plus particuli\u00e8re du monde.<\/p>\n<\/div><\/div><div class=\"w-separator size_large\"><\/div><div class=\"w-image align_center meta_modern\"><div class=\"w-image-h\"><img decoding=\"async\" width=\"1150\" height=\"613\" src=\"https:\/\/www.hroyal.it\/wp-content\/uploads\/2022\/10\/San-Leo.jpg\" class=\"attachment-full size-full\" alt=\"\" loading=\"lazy\" srcset=\"https:\/\/www.hroyal.it\/wp-content\/uploads\/2022\/10\/San-Leo.jpg 1150w, https:\/\/www.hroyal.it\/wp-content\/uploads\/2022\/10\/San-Leo-300x160.jpg 300w, https:\/\/www.hroyal.it\/wp-content\/uploads\/2022\/10\/San-Leo-1024x546.jpg 1024w, https:\/\/www.hroyal.it\/wp-content\/uploads\/2022\/10\/San-Leo-24x13.jpg 24w, https:\/\/www.hroyal.it\/wp-content\/uploads\/2022\/10\/San-Leo-36x19.jpg 36w, https:\/\/www.hroyal.it\/wp-content\/uploads\/2022\/10\/San-Leo-48x26.jpg 48w\" sizes=\"auto, (max-width: 1150px) 100vw, 1150px\" \/><div class=\"w-image-meta\"><div class=\"w-image-title\">San Leo<\/div><\/div><\/div><\/div><div class=\"w-separator size_small\"><\/div><div class=\"wpb_text_column\"><div class=\"wpb_wrapper\"><p class=\"Textbody\" style=\"margin-bottom: 0.0001pt; text-align: center;\"><span style=\"font-size: 12pt;\">Le village de <strong>San Leo<\/strong> avec sa magnifique forteresse a \u00e9t\u00e9 le th\u00e9\u00e2tre de plus de mille ans de batailles civiles et militaires. Sa forteresse a ensuite \u00e9t\u00e9 transform\u00e9e en prison pendant la domination papale.<\/span><\/p>\n<\/div><\/div><div class=\"w-separator size_large\"><\/div><div class=\"w-image align_center meta_modern\"><div class=\"w-image-h\"><img decoding=\"async\" width=\"1150\" height=\"767\" src=\"https:\/\/www.hroyal.it\/wp-content\/uploads\/2022\/10\/gradara.jpg\" class=\"attachment-full size-full\" alt=\"\" loading=\"lazy\" srcset=\"https:\/\/www.hroyal.it\/wp-content\/uploads\/2022\/10\/gradara.jpg 1150w, https:\/\/www.hroyal.it\/wp-content\/uploads\/2022\/10\/gradara-300x200.jpg 300w, https:\/\/www.hroyal.it\/wp-content\/uploads\/2022\/10\/gradara-1024x683.jpg 1024w, https:\/\/www.hroyal.it\/wp-content\/uploads\/2022\/10\/gradara-24x16.jpg 24w, https:\/\/www.hroyal.it\/wp-content\/uploads\/2022\/10\/gradara-36x24.jpg 36w, https:\/\/www.hroyal.it\/wp-content\/uploads\/2022\/10\/gradara-48x32.jpg 48w\" sizes=\"auto, (max-width: 1150px) 100vw, 1150px\" \/><div class=\"w-image-meta\"><div class=\"w-image-title\">gradara<\/div><\/div><\/div><\/div><div class=\"w-separator size_small\"><\/div><div class=\"wpb_text_column\"><div class=\"wpb_wrapper\"><p style=\"text-align: center;\"><strong>Gradara<\/strong> conserve intacte la splendeur du vieux village avec la haute courtine et le ch\u00e2teau, o\u00f9 a eu lieu la trag\u00e9die de Paolo et Francesca, et dont Dante Alighieri a chant\u00e9 dans sa \u00ab\u00a0Divine Com\u00e9die\u00a0\u00bb.<\/p>\n<\/div><\/div><div class=\"w-separator size_large\"><\/div><div class=\"w-image align_center meta_modern\"><div class=\"w-image-h\"><img decoding=\"async\" width=\"1150\" height=\"491\" src=\"https:\/\/www.hroyal.it\/wp-content\/uploads\/2022\/10\/Ravenna.jpg\" class=\"attachment-full size-full\" alt=\"\" loading=\"lazy\" srcset=\"https:\/\/www.hroyal.it\/wp-content\/uploads\/2022\/10\/Ravenna.jpg 1150w, https:\/\/www.hroyal.it\/wp-content\/uploads\/2022\/10\/Ravenna-300x128.jpg 300w, https:\/\/www.hroyal.it\/wp-content\/uploads\/2022\/10\/Ravenna-1024x437.jpg 1024w, https:\/\/www.hroyal.it\/wp-content\/uploads\/2022\/10\/Ravenna-24x10.jpg 24w, https:\/\/www.hroyal.it\/wp-content\/uploads\/2022\/10\/Ravenna-36x15.jpg 36w, https:\/\/www.hroyal.it\/wp-content\/uploads\/2022\/10\/Ravenna-48x20.jpg 48w\" sizes=\"auto, (max-width: 1150px) 100vw, 1150px\" \/><div class=\"w-image-meta\"><div class=\"w-image-title\">Ravenna<\/div><\/div><\/div><\/div><div class=\"w-separator size_small\"><\/div><div class=\"wpb_text_column\"><div class=\"wpb_wrapper\"><p><strong>Ravenne<\/strong> fond\u00e9e, il y a plus de mille ans , c&rsquo;est une des villes les plus importantes d&rsquo;Italie en raison de son pass\u00e9 historique et de ses tr\u00e9sors artistiques. Les b\u00e2timents de styles byzantin et gothique t\u00e9moignent encore du pass\u00e9 glorieux de Ravenne. Les \u0153uvres en mosa\u00efque uniques, le tombeau de Dante, le po\u00e8te le plus c\u00e9l\u00e8bre d&rsquo;Italie, donnent au visiteur une image de la fa\u00e7on dont diff\u00e9rentes \u00e9poques stylistiques sont connect\u00e9es dans une unit\u00e9 harmonieuse.<\/p>\n<\/div><\/div><div class=\"w-separator size_large\"><\/div><div class=\"g-cols wpb_row via_grid cols_2 laptops-cols_inherit tablets-cols_inherit mobiles-cols_1 valign_top type_default stacking_default\" style=\"--columns-gap:3rem;\"><div class=\"wpb_column vc_column_container\"><div class=\"vc_column-inner\"><div class=\"w-image align_center meta_modern\"><div class=\"w-image-h\"><img decoding=\"async\" width=\"1024\" height=\"699\" src=\"https:\/\/www.hroyal.it\/wp-content\/uploads\/2022\/10\/Rimini.jpg\" class=\"attachment-large size-large\" alt=\"\" loading=\"lazy\" srcset=\"https:\/\/www.hroyal.it\/wp-content\/uploads\/2022\/10\/Rimini.jpg 1024w, https:\/\/www.hroyal.it\/wp-content\/uploads\/2022\/10\/Rimini-300x205.jpg 300w, https:\/\/www.hroyal.it\/wp-content\/uploads\/2022\/10\/Rimini-24x16.jpg 24w, https:\/\/www.hroyal.it\/wp-content\/uploads\/2022\/10\/Rimini-36x25.jpg 36w, https:\/\/www.hroyal.it\/wp-content\/uploads\/2022\/10\/Rimini-48x33.jpg 48w\" sizes=\"auto, (max-width: 1024px) 100vw, 1024px\" \/><div class=\"w-image-meta\"><div class=\"w-image-title\">Rimini<\/div><\/div><\/div><\/div><\/div><\/div><div class=\"wpb_column vc_column_container\"><div class=\"vc_column-inner\"><div class=\"w-image align_center meta_modern\"><div class=\"w-image-h\"><img decoding=\"async\" width=\"1024\" height=\"699\" src=\"https:\/\/www.hroyal.it\/wp-content\/uploads\/2022\/10\/Cesena.jpg\" class=\"attachment-large size-large\" alt=\"\" loading=\"lazy\" srcset=\"https:\/\/www.hroyal.it\/wp-content\/uploads\/2022\/10\/Cesena.jpg 1024w, https:\/\/www.hroyal.it\/wp-content\/uploads\/2022\/10\/Cesena-300x205.jpg 300w, https:\/\/www.hroyal.it\/wp-content\/uploads\/2022\/10\/Cesena-24x16.jpg 24w, https:\/\/www.hroyal.it\/wp-content\/uploads\/2022\/10\/Cesena-36x25.jpg 36w, https:\/\/www.hroyal.it\/wp-content\/uploads\/2022\/10\/Cesena-48x33.jpg 48w\" sizes=\"auto, (max-width: 1024px) 100vw, 1024px\" \/><div class=\"w-image-meta\"><div class=\"w-image-title\">Cesena<\/div><\/div><\/div><\/div><\/div><\/div><\/div><\/div><\/div><\/div><\/div><\/section>\n","protected":false},"excerpt":{"rendered":"Ville de RomagneHotel Royal Cesenatico DemandeRomagne La Romagne ,terre de convivialit\u00e9 et de bonne cuisine, vous offre bien plus qu\u2019on peut s&rsquo;attendre en vacances. Derri\u00e8re la c\u00f4te adriatique color\u00e9e avec ses larges plages et toutes sortes de divertissements se trouve l&rsquo;arri\u00e8re-pays vallonn\u00e9, avec ses vergers, ses petits champs, ses vignes, ses oliviers et de nombreux...","protected":false},"author":1,"featured_media":0,"parent":0,"menu_order":0,"comment_status":"closed","ping_status":"closed","template":"","meta":{"footnotes":""},"class_list":["post-2054","page","type-page","status-publish","hentry"],"yoast_head":"<!-- This site is optimized with the Yoast SEO plugin v26.4 - https:\/\/yoast.com\/wordpress\/plugins\/seo\/ -->\n<title>D\u00e9couvrir la Romagne, top 10 choses \u00e0 visiter<\/title>\n<meta name=\"description\" content=\"D\u00e9couvrir la Romagne, top 10 choses \u00e0 visiter: San Marino, San leo, Gradara, Santarcangelo di Romagna, Rimini, Cesena, Ravenna.\u00a0\" \/>\n<meta name=\"robots\" content=\"index, follow, max-snippet:-1, max-image-preview:large, max-video-preview:-1\" \/>\n<link rel=\"canonical\" href=\"https:\/\/www.hroyal.it\/it\/romagna-cosa-vedere.html\" \/>\n<meta property=\"og:locale\" content=\"fr_FR\" \/>\n<meta property=\"og:type\" content=\"article\" \/>\n<meta property=\"og:title\" content=\"D\u00e9couvrir la Romagne, top 10 choses \u00e0 visiter\" \/>\n<meta property=\"og:description\" content=\"D\u00e9couvrir la Romagne, top 10 choses \u00e0 visiter: San Marino, San leo, Gradara, Santarcangelo di Romagna, Rimini, Cesena, Ravenna.\u00a0\" \/>\n<meta property=\"og:url\" content=\"https:\/\/www.hroyal.it\/it\/romagna-cosa-vedere.html\" \/>\n<meta property=\"og:site_name\" content=\"Hotel Royal Cesenatico\" \/>\n<meta property=\"article:publisher\" content=\"https:\/\/it-it.facebook.com\/hroyalcesenatico\/\" \/>\n<meta property=\"article:modified_time\" content=\"2022-12-20T11:10:29+00:00\" \/>\n<meta name=\"twitter:card\" content=\"summary_large_image\" \/>\n<meta name=\"twitter:label1\" content=\"Dur\u00e9e de lecture estim\u00e9e\" \/>\n\t<meta name=\"twitter:data1\" content=\"2 minutes\" \/>\n<script type=\"application\/ld+json\" class=\"yoast-schema-graph\">{\"@context\":\"https:\/\/schema.org\",\"@graph\":[{\"@type\":\"WebPage\",\"@id\":\"https:\/\/www.hroyal.it\/it\/romagna-cosa-vedere.html\",\"url\":\"https:\/\/www.hroyal.it\/it\/romagna-cosa-vedere.html\",\"name\":\"D\u00e9couvrir la Romagne, top 10 choses \u00e0 visiter\",\"isPartOf\":{\"@id\":\"https:\/\/www.hroyal.it\/it\/#website\"},\"datePublished\":\"2022-10-09T13:31:57+00:00\",\"dateModified\":\"2022-12-20T11:10:29+00:00\",\"description\":\"D\u00e9couvrir la Romagne, top 10 choses \u00e0 visiter: San Marino, San leo, Gradara, Santarcangelo di Romagna, Rimini, Cesena, Ravenna.\u00a0\",\"breadcrumb\":{\"@id\":\"https:\/\/www.hroyal.it\/it\/romagna-cosa-vedere.html#breadcrumb\"},\"inLanguage\":\"fr-FR\",\"potentialAction\":[{\"@type\":\"ReadAction\",\"target\":[\"https:\/\/www.hroyal.it\/it\/romagna-cosa-vedere.html\"]}]},{\"@type\":\"BreadcrumbList\",\"@id\":\"https:\/\/www.hroyal.it\/it\/romagna-cosa-vedere.html#breadcrumb\",\"itemListElement\":[{\"@type\":\"ListItem\",\"position\":1,\"name\":\"Home\",\"item\":\"https:\/\/www.hroyal.it\/fr\"},{\"@type\":\"ListItem\",\"position\":2,\"name\":\"D\u00e9couvrir la Romagne, top 10 choses \u00e0 visiter\"}]},{\"@type\":\"WebSite\",\"@id\":\"https:\/\/www.hroyal.it\/it\/#website\",\"url\":\"https:\/\/www.hroyal.it\/it\/\",\"name\":\"Hotel Royal Cesenatico\",\"description\":\"**** Royal Cesenatico : Hotel 4 stelle All inclusive sul Mare Cesenatico con Piscina e Spiaggia privata\",\"publisher\":{\"@id\":\"https:\/\/www.hroyal.it\/it\/#organization\"},\"alternateName\":\"Hotel Royal 4 stelle sul lungomare di Cesenatico\",\"potentialAction\":[{\"@type\":\"SearchAction\",\"target\":{\"@type\":\"EntryPoint\",\"urlTemplate\":\"https:\/\/www.hroyal.it\/it\/?s={search_term_string}\"},\"query-input\":{\"@type\":\"PropertyValueSpecification\",\"valueRequired\":true,\"valueName\":\"search_term_string\"}}],\"inLanguage\":\"fr-FR\"},{\"@type\":\"Organization\",\"@id\":\"https:\/\/www.hroyal.it\/it\/#organization\",\"name\":\"Hotel Royal Cesenatico\",\"url\":\"https:\/\/www.hroyal.it\/it\/\",\"logo\":{\"@type\":\"ImageObject\",\"inLanguage\":\"fr-FR\",\"@id\":\"https:\/\/www.hroyal.it\/it\/#\/schema\/logo\/image\/\",\"url\":\"https:\/\/www.hroyal.it\/wp-content\/uploads\/2022\/08\/logo-royal2-1.png\",\"contentUrl\":\"https:\/\/www.hroyal.it\/wp-content\/uploads\/2022\/08\/logo-royal2-1.png\",\"width\":262,\"height\":91,\"caption\":\"Hotel Royal Cesenatico\"},\"image\":{\"@id\":\"https:\/\/www.hroyal.it\/it\/#\/schema\/logo\/image\/\"},\"sameAs\":[\"https:\/\/it-it.facebook.com\/hroyalcesenatico\/\",\"https:\/\/www.instagram.com\/hotelroyalcesenatico\/\"]}]}<\/script>\n<!-- \/ Yoast SEO plugin. -->","yoast_head_json":{"title":"D\u00e9couvrir la Romagne, top 10 choses \u00e0 visiter","description":"D\u00e9couvrir la Romagne, top 10 choses \u00e0 visiter: San Marino, San leo, Gradara, Santarcangelo di Romagna, Rimini, Cesena, Ravenna.\u00a0","robots":{"index":"index","follow":"follow","max-snippet":"max-snippet:-1","max-image-preview":"max-image-preview:large","max-video-preview":"max-video-preview:-1"},"canonical":"https:\/\/www.hroyal.it\/it\/romagna-cosa-vedere.html","og_locale":"fr_FR","og_type":"article","og_title":"D\u00e9couvrir la Romagne, top 10 choses \u00e0 visiter","og_description":"D\u00e9couvrir la Romagne, top 10 choses \u00e0 visiter: San Marino, San leo, Gradara, Santarcangelo di Romagna, Rimini, Cesena, Ravenna.\u00a0","og_url":"https:\/\/www.hroyal.it\/it\/romagna-cosa-vedere.html","og_site_name":"Hotel Royal Cesenatico","article_publisher":"https:\/\/it-it.facebook.com\/hroyalcesenatico\/","article_modified_time":"2022-12-20T11:10:29+00:00","twitter_card":"summary_large_image","twitter_misc":{"Dur\u00e9e de lecture estim\u00e9e":"2 minutes"},"schema":{"@context":"https:\/\/schema.org","@graph":[{"@type":"WebPage","@id":"https:\/\/www.hroyal.it\/it\/romagna-cosa-vedere.html","url":"https:\/\/www.hroyal.it\/it\/romagna-cosa-vedere.html","name":"D\u00e9couvrir la Romagne, top 10 choses \u00e0 visiter","isPartOf":{"@id":"https:\/\/www.hroyal.it\/it\/#website"},"datePublished":"2022-10-09T13:31:57+00:00","dateModified":"2022-12-20T11:10:29+00:00","description":"D\u00e9couvrir la Romagne, top 10 choses \u00e0 visiter: San Marino, San leo, Gradara, Santarcangelo di Romagna, Rimini, Cesena, Ravenna.\u00a0","breadcrumb":{"@id":"https:\/\/www.hroyal.it\/it\/romagna-cosa-vedere.html#breadcrumb"},"inLanguage":"fr-FR","potentialAction":[{"@type":"ReadAction","target":["https:\/\/www.hroyal.it\/it\/romagna-cosa-vedere.html"]}]},{"@type":"BreadcrumbList","@id":"https:\/\/www.hroyal.it\/it\/romagna-cosa-vedere.html#breadcrumb","itemListElement":[{"@type":"ListItem","position":1,"name":"Home","item":"https:\/\/www.hroyal.it\/fr"},{"@type":"ListItem","position":2,"name":"D\u00e9couvrir la Romagne, top 10 choses \u00e0 visiter"}]},{"@type":"WebSite","@id":"https:\/\/www.hroyal.it\/it\/#website","url":"https:\/\/www.hroyal.it\/it\/","name":"Hotel Royal Cesenatico","description":"**** Royal Cesenatico : Hotel 4 stelle All inclusive sul Mare Cesenatico con Piscina e Spiaggia privata","publisher":{"@id":"https:\/\/www.hroyal.it\/it\/#organization"},"alternateName":"Hotel Royal 4 stelle sul lungomare di Cesenatico","potentialAction":[{"@type":"SearchAction","target":{"@type":"EntryPoint","urlTemplate":"https:\/\/www.hroyal.it\/it\/?s={search_term_string}"},"query-input":{"@type":"PropertyValueSpecification","valueRequired":true,"valueName":"search_term_string"}}],"inLanguage":"fr-FR"},{"@type":"Organization","@id":"https:\/\/www.hroyal.it\/it\/#organization","name":"Hotel Royal Cesenatico","url":"https:\/\/www.hroyal.it\/it\/","logo":{"@type":"ImageObject","inLanguage":"fr-FR","@id":"https:\/\/www.hroyal.it\/it\/#\/schema\/logo\/image\/","url":"https:\/\/www.hroyal.it\/wp-content\/uploads\/2022\/08\/logo-royal2-1.png","contentUrl":"https:\/\/www.hroyal.it\/wp-content\/uploads\/2022\/08\/logo-royal2-1.png","width":262,"height":91,"caption":"Hotel Royal Cesenatico"},"image":{"@id":"https:\/\/www.hroyal.it\/it\/#\/schema\/logo\/image\/"},"sameAs":["https:\/\/it-it.facebook.com\/hroyalcesenatico\/","https:\/\/www.instagram.com\/hotelroyalcesenatico\/"]}]}},"_links":{"self":[{"href":"https:\/\/www.hroyal.it\/fr\/wp-json\/wp\/v2\/pages\/2054","targetHints":{"allow":["GET"]}}],"collection":[{"href":"https:\/\/www.hroyal.it\/fr\/wp-json\/wp\/v2\/pages"}],"about":[{"href":"https:\/\/www.hroyal.it\/fr\/wp-json\/wp\/v2\/types\/page"}],"author":[{"embeddable":true,"href":"https:\/\/www.hroyal.it\/fr\/wp-json\/wp\/v2\/users\/1"}],"replies":[{"embeddable":true,"href":"https:\/\/www.hroyal.it\/fr\/wp-json\/wp\/v2\/comments?post=2054"}],"version-history":[{"count":6,"href":"https:\/\/www.hroyal.it\/fr\/wp-json\/wp\/v2\/pages\/2054\/revisions"}],"predecessor-version":[{"id":2417,"href":"https:\/\/www.hroyal.it\/fr\/wp-json\/wp\/v2\/pages\/2054\/revisions\/2417"}],"wp:attachment":[{"href":"https:\/\/www.hroyal.it\/fr\/wp-json\/wp\/v2\/media?parent=2054"}],"curies":[{"name":"wp","href":"https:\/\/api.w.org\/{rel}","templated":true}]}}