{"id":1425,"date":"2022-10-09T13:31:57","date_gmt":"2022-10-09T13:31:57","guid":{"rendered":"https:\/\/ufficio80.xyz\/royal\/?page_id=1425"},"modified":"2023-05-01T13:58:50","modified_gmt":"2023-05-01T13:58:50","slug":"romagna-cosa-vedere","status":"publish","type":"page","link":"https:\/\/www.hroyal.it\/it\/romagna-cosa-vedere.html","title":{"rendered":"Cosa vedere in Romagna tra Mare, Cucina ed entroterra"},"content":{"rendered":"<section class=\"l-section wpb_row height_medium color_primary with_img with_shape\"><div class=\"l-section-img\" role=\"img\" aria-label=\"Immagine\" data-img-width=\"2560\" data-img-height=\"1195\" style=\"background-image: url(https:\/\/www.hroyal.it\/wp-content\/uploads\/2022\/10\/panoramica-romagna-scaled.jpg);\"><\/div><div class=\"l-section-overlay\" style=\"background:rgba(26,26,26,0.35)\"><\/div><div class=\"l-section-shape type_wave pos_bottom on_front hor_flip\" style=\"height:5vmax;color:#ffffff\"><svg xmlns=\"http:\/\/www.w3.org\/2000\/svg\" viewBox=\"0 4 64 4\" preserveAspectRatio=\"none\" width=\"100%\" height=\"100%\">\r\n\t<path fill=\"currentColor\" d=\"M64 6 C32 0 32 12 0 6 L0 8 L64 8 Z\"\/>\r\n<\/svg><\/div><div class=\"l-section-h i-cf\"><div class=\"g-cols vc_row via_grid cols_1 laptops-cols_inherit tablets-cols_inherit mobiles-cols_1 valign_top type_default stacking_default\"><div class=\"wpb_column vc_column_container\"><div class=\"vc_column-inner\"><h1 class=\"w-text\"><span class=\"w-text-h\"><span class=\"w-text-value\">Cosa<br \/>\nVedere<br \/>\nin Romagna<\/span><\/span><\/h1><div class=\"wpb_text_column us_custom_a6d9f5b5\"><div class=\"wpb_wrapper\"><h5>Hotel<br \/>\nRoyal Cesenatico<\/h5>\n<\/div><\/div><div class=\"w-btn-wrapper align_left\"><a class=\"w-btn us-btn-style_3\" href=\"https:\/\/www.hroyal.it\/it\/richiesta.html\"><span class=\"w-btn-label\">Richiesta<\/span><\/a><\/div><div class=\"w-separator size_custom\" style=\"height:8vmax\"><\/div><\/div><\/div><\/div><\/div><\/section><section class=\"l-section wpb_row us_custom_4fb9e5a3 height_small\"><div class=\"l-section-h i-cf\"><div class=\"g-cols vc_row via_grid cols_1 laptops-cols_inherit tablets-cols_inherit mobiles-cols_1 valign_top type_default stacking_default\"><div class=\"wpb_column vc_column_container\"><div class=\"vc_column-inner\"><div class=\"wpb_text_column\"><div class=\"wpb_wrapper\"><h1 style=\"text-align: center;\">Romagna<\/h1>\n<p style=\"text-align: center;\">Terra di ospitalit\u00e0 e di buona cucina la\u00a0Romagna\u00a0offre molto pi\u00f9 di quello che ci si pu\u00f2 aspettare in una vacanza.<br \/>\nNon lontano dalla costa adriatica con le sue ampie spiagge e ogni tipo di divertimento, potrete ammirare\u00a0<strong>l\u2019entroterra collinare<\/strong>\u00a0con i suoi frutteti, uliveti, vigneti, i piccoli orti e tanti pittoreschi paesi.<\/p>\n<\/div><\/div><\/div><\/div><\/div><\/div><\/section><section class=\"l-section wpb_row height_medium with_shape\"><div class=\"l-section-shape type_wave pos_top\" style=\"height:5vh;color:#ffffff\"><svg xmlns=\"http:\/\/www.w3.org\/2000\/svg\" viewBox=\"0 4 64 4\" preserveAspectRatio=\"none\" width=\"100%\" height=\"100%\">\r\n\t<path fill=\"currentColor\" d=\"M64 6 C32 0 32 12 0 6 L0 8 L64 8 Z\"\/>\r\n<\/svg><\/div><div class=\"l-section-h i-cf\"><div class=\"g-cols vc_row via_grid cols_1 laptops-cols_inherit tablets-cols_inherit mobiles-cols_1 valign_top type_default stacking_default\"><div class=\"wpb_column vc_column_container\"><div class=\"vc_column-inner\"><div class=\"w-separator size_medium\"><\/div><div class=\"w-image align_center meta_modern\"><div class=\"w-image-h\"><img decoding=\"async\" width=\"1150\" height=\"763\" src=\"https:\/\/www.hroyal.it\/wp-content\/uploads\/2022\/10\/San-Marino-1.jpg\" class=\"attachment-full size-full\" alt=\"\" loading=\"lazy\" srcset=\"https:\/\/www.hroyal.it\/wp-content\/uploads\/2022\/10\/San-Marino-1.jpg 1150w, https:\/\/www.hroyal.it\/wp-content\/uploads\/2022\/10\/San-Marino-1-300x199.jpg 300w, https:\/\/www.hroyal.it\/wp-content\/uploads\/2022\/10\/San-Marino-1-1024x679.jpg 1024w, https:\/\/www.hroyal.it\/wp-content\/uploads\/2022\/10\/San-Marino-1-24x16.jpg 24w, https:\/\/www.hroyal.it\/wp-content\/uploads\/2022\/10\/San-Marino-1-36x24.jpg 36w, https:\/\/www.hroyal.it\/wp-content\/uploads\/2022\/10\/San-Marino-1-48x32.jpg 48w\" sizes=\"auto, (max-width: 1150px) 100vw, 1150px\" \/><div class=\"w-image-meta\"><div class=\"w-image-title\">San Marino<\/div><\/div><\/div><\/div><div class=\"w-separator size_small\"><\/div><div class=\"wpb_text_column\"><div class=\"wpb_wrapper\"><p style=\"text-align: center;\"><strong>San Marino<\/strong>\u00a0sorge su uno sperone dominante la pianura sottostante e la riviera Adriatica, ed \u00e8 la pi\u00f9 antica e caratteristica repubblica del mondo.<\/p>\n<\/div><\/div><div class=\"w-separator size_large\"><\/div><div class=\"w-image align_center meta_modern\"><div class=\"w-image-h\"><img decoding=\"async\" width=\"1150\" height=\"613\" src=\"https:\/\/www.hroyal.it\/wp-content\/uploads\/2022\/10\/San-Leo.jpg\" class=\"attachment-full size-full\" alt=\"\" loading=\"lazy\" srcset=\"https:\/\/www.hroyal.it\/wp-content\/uploads\/2022\/10\/San-Leo.jpg 1150w, https:\/\/www.hroyal.it\/wp-content\/uploads\/2022\/10\/San-Leo-300x160.jpg 300w, https:\/\/www.hroyal.it\/wp-content\/uploads\/2022\/10\/San-Leo-1024x546.jpg 1024w, https:\/\/www.hroyal.it\/wp-content\/uploads\/2022\/10\/San-Leo-24x13.jpg 24w, https:\/\/www.hroyal.it\/wp-content\/uploads\/2022\/10\/San-Leo-36x19.jpg 36w, https:\/\/www.hroyal.it\/wp-content\/uploads\/2022\/10\/San-Leo-48x26.jpg 48w\" sizes=\"auto, (max-width: 1150px) 100vw, 1150px\" \/><div class=\"w-image-meta\"><div class=\"w-image-title\">San Leo<\/div><\/div><\/div><\/div><div class=\"w-separator size_small\"><\/div><div class=\"wpb_text_column\"><div class=\"wpb_wrapper\"><p style=\"text-align: center;\">Il borgo di\u00a0<strong>San Leo<\/strong>\u00a0con il suo maestoso castello fu teatro di battaglie civili e militari per un millennio e la sua rocca fu trasformata in prigione durante la dominazione pontificia.<\/p>\n<\/div><\/div><div class=\"w-separator size_large\"><\/div><div class=\"w-image align_center meta_modern\"><div class=\"w-image-h\"><img decoding=\"async\" width=\"1150\" height=\"767\" src=\"https:\/\/www.hroyal.it\/wp-content\/uploads\/2022\/10\/gradara.jpg\" class=\"attachment-full size-full\" alt=\"\" loading=\"lazy\" srcset=\"https:\/\/www.hroyal.it\/wp-content\/uploads\/2022\/10\/gradara.jpg 1150w, https:\/\/www.hroyal.it\/wp-content\/uploads\/2022\/10\/gradara-300x200.jpg 300w, https:\/\/www.hroyal.it\/wp-content\/uploads\/2022\/10\/gradara-1024x683.jpg 1024w, https:\/\/www.hroyal.it\/wp-content\/uploads\/2022\/10\/gradara-24x16.jpg 24w, https:\/\/www.hroyal.it\/wp-content\/uploads\/2022\/10\/gradara-36x24.jpg 36w, https:\/\/www.hroyal.it\/wp-content\/uploads\/2022\/10\/gradara-48x32.jpg 48w\" sizes=\"auto, (max-width: 1150px) 100vw, 1150px\" \/><div class=\"w-image-meta\"><div class=\"w-image-title\">Gradara<\/div><\/div><\/div><\/div><div class=\"w-separator size_small\"><\/div><div class=\"wpb_text_column\"><div class=\"wpb_wrapper\"><p style=\"text-align: center;\"><strong>Gradara<\/strong>\u00a0conserva intatto lo splendore del vecchio borgo cinto dalle mura e del castello che visse gli amori e la tragedia di Paolo e Francesca narrata da Dante nella \u201cDivina Commedia\u201d..<\/p>\n<\/div><\/div><div class=\"w-separator size_large\"><\/div><div class=\"w-image align_center meta_modern\"><div class=\"w-image-h\"><img decoding=\"async\" width=\"1150\" height=\"491\" src=\"https:\/\/www.hroyal.it\/wp-content\/uploads\/2022\/10\/Ravenna.jpg\" class=\"attachment-full size-full\" alt=\"\" loading=\"lazy\" srcset=\"https:\/\/www.hroyal.it\/wp-content\/uploads\/2022\/10\/Ravenna.jpg 1150w, https:\/\/www.hroyal.it\/wp-content\/uploads\/2022\/10\/Ravenna-300x128.jpg 300w, https:\/\/www.hroyal.it\/wp-content\/uploads\/2022\/10\/Ravenna-1024x437.jpg 1024w, https:\/\/www.hroyal.it\/wp-content\/uploads\/2022\/10\/Ravenna-24x10.jpg 24w, https:\/\/www.hroyal.it\/wp-content\/uploads\/2022\/10\/Ravenna-36x15.jpg 36w, https:\/\/www.hroyal.it\/wp-content\/uploads\/2022\/10\/Ravenna-48x20.jpg 48w\" sizes=\"auto, (max-width: 1150px) 100vw, 1150px\" \/><div class=\"w-image-meta\"><div class=\"w-image-title\">Ravenna<\/div><\/div><\/div><\/div><div class=\"w-separator size_small\"><\/div><div class=\"wpb_text_column\"><div class=\"wpb_wrapper\"><p style=\"text-align: center;\"><strong>Ravenna<\/strong>, fondata pi\u00f9 di mille anni avanti Cristo, \u00e8 la citt\u00e0, da un punto di vista storico-artistico, pi\u00f9 importante d\u2019Italia. I suoi monumenti di stile bizantino, Imperiale, Gotico dimostrano ancora oggi l\u2019alto livello raggiunto nel passato; i mosaici unici al mondo, la tomba di Dante Alighieri, il sommo poeta della lingua italiana, danno un quadro esatto a chi la visita, della fusione armonica di stili delle diverse epoche.<\/p>\n<\/div><\/div><div class=\"w-separator size_large\"><\/div><div class=\"g-cols wpb_row via_grid cols_2 laptops-cols_inherit tablets-cols_inherit mobiles-cols_1 valign_top type_default stacking_default\" style=\"--columns-gap:3rem;\"><div class=\"wpb_column vc_column_container\"><div class=\"vc_column-inner\"><div class=\"w-image align_center meta_modern\"><div class=\"w-image-h\"><img decoding=\"async\" width=\"1024\" height=\"699\" src=\"https:\/\/www.hroyal.it\/wp-content\/uploads\/2022\/10\/Rimini.jpg\" class=\"attachment-large size-large\" alt=\"\" loading=\"lazy\" srcset=\"https:\/\/www.hroyal.it\/wp-content\/uploads\/2022\/10\/Rimini.jpg 1024w, https:\/\/www.hroyal.it\/wp-content\/uploads\/2022\/10\/Rimini-300x205.jpg 300w, https:\/\/www.hroyal.it\/wp-content\/uploads\/2022\/10\/Rimini-24x16.jpg 24w, https:\/\/www.hroyal.it\/wp-content\/uploads\/2022\/10\/Rimini-36x25.jpg 36w, https:\/\/www.hroyal.it\/wp-content\/uploads\/2022\/10\/Rimini-48x33.jpg 48w\" sizes=\"auto, (max-width: 1024px) 100vw, 1024px\" \/><div class=\"w-image-meta\"><div class=\"w-image-title\">Rimini<\/div><\/div><\/div><\/div><\/div><\/div><div class=\"wpb_column vc_column_container\"><div class=\"vc_column-inner\"><div class=\"w-image align_center meta_modern\"><div class=\"w-image-h\"><img decoding=\"async\" width=\"1024\" height=\"699\" src=\"https:\/\/www.hroyal.it\/wp-content\/uploads\/2022\/10\/Cesena.jpg\" class=\"attachment-large size-large\" alt=\"\" loading=\"lazy\" srcset=\"https:\/\/www.hroyal.it\/wp-content\/uploads\/2022\/10\/Cesena.jpg 1024w, https:\/\/www.hroyal.it\/wp-content\/uploads\/2022\/10\/Cesena-300x205.jpg 300w, https:\/\/www.hroyal.it\/wp-content\/uploads\/2022\/10\/Cesena-24x16.jpg 24w, https:\/\/www.hroyal.it\/wp-content\/uploads\/2022\/10\/Cesena-36x25.jpg 36w, https:\/\/www.hroyal.it\/wp-content\/uploads\/2022\/10\/Cesena-48x33.jpg 48w\" sizes=\"auto, (max-width: 1024px) 100vw, 1024px\" \/><div class=\"w-image-meta\"><div class=\"w-image-title\">Cesena<\/div><\/div><\/div><\/div><\/div><\/div><\/div><\/div><\/div><\/div><\/div><\/section>\n","protected":false},"excerpt":{"rendered":"Cosa Vedere in RomagnaHotel Royal Cesenatico RichiestaRomagna Terra di ospitalit\u00e0 e di buona cucina la\u00a0Romagna\u00a0offre molto pi\u00f9 di quello che ci si pu\u00f2 aspettare in una vacanza. Non lontano dalla costa adriatica con le sue ampie spiagge e ogni tipo di divertimento, potrete ammirare\u00a0l\u2019entroterra collinare\u00a0con i suoi frutteti, uliveti, vigneti, i piccoli orti e tanti...","protected":false},"author":1,"featured_media":0,"parent":0,"menu_order":0,"comment_status":"closed","ping_status":"closed","template":"","meta":{"footnotes":""},"class_list":["post-1425","page","type-page","status-publish","hentry"],"yoast_head":"<!-- This site is optimized with the Yoast SEO plugin v26.4 - https:\/\/yoast.com\/wordpress\/plugins\/seo\/ -->\n<title>Cosa vedere in Romagna tra Mare, Cucina ed entroterra<\/title>\n<meta name=\"description\" content=\"Cosa vedere in Romagna tra Mare, Cucina ed entroterra: San Marino, San Leo, Santarcangelo di Romagna, Gradara, Ravenna, Cesena e Rimini.\" \/>\n<meta name=\"robots\" content=\"index, follow, max-snippet:-1, max-image-preview:large, max-video-preview:-1\" \/>\n<link rel=\"canonical\" href=\"https:\/\/www.hroyal.it\/it\/romagna-cosa-vedere.html\" \/>\n<meta property=\"og:locale\" content=\"it_IT\" \/>\n<meta property=\"og:type\" content=\"article\" \/>\n<meta property=\"og:title\" content=\"Cosa vedere in Romagna tra Mare, Cucina ed entroterra\" \/>\n<meta property=\"og:description\" content=\"Cosa vedere in Romagna tra Mare, Cucina ed entroterra: San Marino, San Leo, Santarcangelo di Romagna, Gradara, Ravenna, Cesena e Rimini.\" \/>\n<meta property=\"og:url\" content=\"https:\/\/www.hroyal.it\/it\/romagna-cosa-vedere.html\" \/>\n<meta property=\"og:site_name\" content=\"Hotel Royal Cesenatico\" \/>\n<meta property=\"article:publisher\" content=\"https:\/\/it-it.facebook.com\/hroyalcesenatico\/\" \/>\n<meta property=\"article:modified_time\" content=\"2023-05-01T13:58:50+00:00\" \/>\n<meta name=\"twitter:card\" content=\"summary_large_image\" \/>\n<meta name=\"twitter:label1\" content=\"Tempo di lettura stimato\" \/>\n\t<meta name=\"twitter:data1\" content=\"2 minuti\" \/>\n<script type=\"application\/ld+json\" class=\"yoast-schema-graph\">{\"@context\":\"https:\/\/schema.org\",\"@graph\":[{\"@type\":\"WebPage\",\"@id\":\"https:\/\/www.hroyal.it\/it\/romagna-cosa-vedere.html\",\"url\":\"https:\/\/www.hroyal.it\/it\/romagna-cosa-vedere.html\",\"name\":\"Cosa vedere in Romagna tra Mare, Cucina ed entroterra\",\"isPartOf\":{\"@id\":\"https:\/\/www.hroyal.it\/it\/#website\"},\"datePublished\":\"2022-10-09T13:31:57+00:00\",\"dateModified\":\"2023-05-01T13:58:50+00:00\",\"description\":\"Cosa vedere in Romagna tra Mare, Cucina ed entroterra: San Marino, San Leo, Santarcangelo di Romagna, Gradara, Ravenna, Cesena e Rimini.\",\"breadcrumb\":{\"@id\":\"https:\/\/www.hroyal.it\/it\/romagna-cosa-vedere.html#breadcrumb\"},\"inLanguage\":\"it-IT\",\"potentialAction\":[{\"@type\":\"ReadAction\",\"target\":[\"https:\/\/www.hroyal.it\/it\/romagna-cosa-vedere.html\"]}]},{\"@type\":\"BreadcrumbList\",\"@id\":\"https:\/\/www.hroyal.it\/it\/romagna-cosa-vedere.html#breadcrumb\",\"itemListElement\":[{\"@type\":\"ListItem\",\"position\":1,\"name\":\"Home\",\"item\":\"https:\/\/www.hroyal.it\/it\"},{\"@type\":\"ListItem\",\"position\":2,\"name\":\"Cosa vedere in Romagna tra Mare, Cucina ed entroterra\"}]},{\"@type\":\"WebSite\",\"@id\":\"https:\/\/www.hroyal.it\/it\/#website\",\"url\":\"https:\/\/www.hroyal.it\/it\/\",\"name\":\"Hotel Royal Cesenatico\",\"description\":\"**** Royal Cesenatico : Hotel 4 stelle All inclusive sul Mare Cesenatico con Piscina e Spiaggia privata\",\"publisher\":{\"@id\":\"https:\/\/www.hroyal.it\/it\/#organization\"},\"alternateName\":\"Hotel Royal 4 stelle sul lungomare di Cesenatico\",\"potentialAction\":[{\"@type\":\"SearchAction\",\"target\":{\"@type\":\"EntryPoint\",\"urlTemplate\":\"https:\/\/www.hroyal.it\/it\/?s={search_term_string}\"},\"query-input\":{\"@type\":\"PropertyValueSpecification\",\"valueRequired\":true,\"valueName\":\"search_term_string\"}}],\"inLanguage\":\"it-IT\"},{\"@type\":\"Organization\",\"@id\":\"https:\/\/www.hroyal.it\/it\/#organization\",\"name\":\"Hotel Royal Cesenatico\",\"url\":\"https:\/\/www.hroyal.it\/it\/\",\"logo\":{\"@type\":\"ImageObject\",\"inLanguage\":\"it-IT\",\"@id\":\"https:\/\/www.hroyal.it\/it\/#\/schema\/logo\/image\/\",\"url\":\"https:\/\/www.hroyal.it\/wp-content\/uploads\/2022\/08\/logo-royal2-1.png\",\"contentUrl\":\"https:\/\/www.hroyal.it\/wp-content\/uploads\/2022\/08\/logo-royal2-1.png\",\"width\":262,\"height\":91,\"caption\":\"Hotel Royal Cesenatico\"},\"image\":{\"@id\":\"https:\/\/www.hroyal.it\/it\/#\/schema\/logo\/image\/\"},\"sameAs\":[\"https:\/\/it-it.facebook.com\/hroyalcesenatico\/\",\"https:\/\/www.instagram.com\/hotelroyalcesenatico\/\"]}]}<\/script>\n<!-- \/ Yoast SEO plugin. -->","yoast_head_json":{"title":"Cosa vedere in Romagna tra Mare, Cucina ed entroterra","description":"Cosa vedere in Romagna tra Mare, Cucina ed entroterra: San Marino, San Leo, Santarcangelo di Romagna, Gradara, Ravenna, Cesena e Rimini.","robots":{"index":"index","follow":"follow","max-snippet":"max-snippet:-1","max-image-preview":"max-image-preview:large","max-video-preview":"max-video-preview:-1"},"canonical":"https:\/\/www.hroyal.it\/it\/romagna-cosa-vedere.html","og_locale":"it_IT","og_type":"article","og_title":"Cosa vedere in Romagna tra Mare, Cucina ed entroterra","og_description":"Cosa vedere in Romagna tra Mare, Cucina ed entroterra: San Marino, San Leo, Santarcangelo di Romagna, Gradara, Ravenna, Cesena e Rimini.","og_url":"https:\/\/www.hroyal.it\/it\/romagna-cosa-vedere.html","og_site_name":"Hotel Royal Cesenatico","article_publisher":"https:\/\/it-it.facebook.com\/hroyalcesenatico\/","article_modified_time":"2023-05-01T13:58:50+00:00","twitter_card":"summary_large_image","twitter_misc":{"Tempo di lettura stimato":"2 minuti"},"schema":{"@context":"https:\/\/schema.org","@graph":[{"@type":"WebPage","@id":"https:\/\/www.hroyal.it\/it\/romagna-cosa-vedere.html","url":"https:\/\/www.hroyal.it\/it\/romagna-cosa-vedere.html","name":"Cosa vedere in Romagna tra Mare, Cucina ed entroterra","isPartOf":{"@id":"https:\/\/www.hroyal.it\/it\/#website"},"datePublished":"2022-10-09T13:31:57+00:00","dateModified":"2023-05-01T13:58:50+00:00","description":"Cosa vedere in Romagna tra Mare, Cucina ed entroterra: San Marino, San Leo, Santarcangelo di Romagna, Gradara, Ravenna, Cesena e Rimini.","breadcrumb":{"@id":"https:\/\/www.hroyal.it\/it\/romagna-cosa-vedere.html#breadcrumb"},"inLanguage":"it-IT","potentialAction":[{"@type":"ReadAction","target":["https:\/\/www.hroyal.it\/it\/romagna-cosa-vedere.html"]}]},{"@type":"BreadcrumbList","@id":"https:\/\/www.hroyal.it\/it\/romagna-cosa-vedere.html#breadcrumb","itemListElement":[{"@type":"ListItem","position":1,"name":"Home","item":"https:\/\/www.hroyal.it\/it"},{"@type":"ListItem","position":2,"name":"Cosa vedere in Romagna tra Mare, Cucina ed entroterra"}]},{"@type":"WebSite","@id":"https:\/\/www.hroyal.it\/it\/#website","url":"https:\/\/www.hroyal.it\/it\/","name":"Hotel Royal Cesenatico","description":"**** Royal Cesenatico : Hotel 4 stelle All inclusive sul Mare Cesenatico con Piscina e Spiaggia privata","publisher":{"@id":"https:\/\/www.hroyal.it\/it\/#organization"},"alternateName":"Hotel Royal 4 stelle sul lungomare di Cesenatico","potentialAction":[{"@type":"SearchAction","target":{"@type":"EntryPoint","urlTemplate":"https:\/\/www.hroyal.it\/it\/?s={search_term_string}"},"query-input":{"@type":"PropertyValueSpecification","valueRequired":true,"valueName":"search_term_string"}}],"inLanguage":"it-IT"},{"@type":"Organization","@id":"https:\/\/www.hroyal.it\/it\/#organization","name":"Hotel Royal Cesenatico","url":"https:\/\/www.hroyal.it\/it\/","logo":{"@type":"ImageObject","inLanguage":"it-IT","@id":"https:\/\/www.hroyal.it\/it\/#\/schema\/logo\/image\/","url":"https:\/\/www.hroyal.it\/wp-content\/uploads\/2022\/08\/logo-royal2-1.png","contentUrl":"https:\/\/www.hroyal.it\/wp-content\/uploads\/2022\/08\/logo-royal2-1.png","width":262,"height":91,"caption":"Hotel Royal Cesenatico"},"image":{"@id":"https:\/\/www.hroyal.it\/it\/#\/schema\/logo\/image\/"},"sameAs":["https:\/\/it-it.facebook.com\/hroyalcesenatico\/","https:\/\/www.instagram.com\/hotelroyalcesenatico\/"]}]}},"_links":{"self":[{"href":"https:\/\/www.hroyal.it\/it\/wp-json\/wp\/v2\/pages\/1425","targetHints":{"allow":["GET"]}}],"collection":[{"href":"https:\/\/www.hroyal.it\/it\/wp-json\/wp\/v2\/pages"}],"about":[{"href":"https:\/\/www.hroyal.it\/it\/wp-json\/wp\/v2\/types\/page"}],"author":[{"embeddable":true,"href":"https:\/\/www.hroyal.it\/it\/wp-json\/wp\/v2\/users\/1"}],"replies":[{"embeddable":true,"href":"https:\/\/www.hroyal.it\/it\/wp-json\/wp\/v2\/comments?post=1425"}],"version-history":[{"count":24,"href":"https:\/\/www.hroyal.it\/it\/wp-json\/wp\/v2\/pages\/1425\/revisions"}],"predecessor-version":[{"id":3550,"href":"https:\/\/www.hroyal.it\/it\/wp-json\/wp\/v2\/pages\/1425\/revisions\/3550"}],"wp:attachment":[{"href":"https:\/\/www.hroyal.it\/it\/wp-json\/wp\/v2\/media?parent=1425"}],"curies":[{"name":"wp","href":"https:\/\/api.w.org\/{rel}","templated":true}]}}