{"id":1481,"date":"2022-10-09T14:22:08","date_gmt":"2022-10-09T14:22:08","guid":{"rendered":"https:\/\/ufficio80.xyz\/royal\/?page_id=1481"},"modified":"2022-12-02T10:22:15","modified_gmt":"2022-12-02T10:22:15","slug":"vacanze-con-servizi-alternativi-in-romagna","status":"publish","type":"page","link":"https:\/\/www.hroyal.it\/it\/vacanze-con-servizi-alternativi-in-romagna.html","title":{"rendered":"Vacanze con servizi alternativi in Romagna"},"content":{"rendered":"<section class=\"l-section wpb_row height_medium color_primary with_img with_shape\"><div class=\"l-section-img\" role=\"img\" aria-label=\"Immagine\" data-img-width=\"2560\" data-img-height=\"1195\" style=\"background-image: url(https:\/\/www.hroyal.it\/wp-content\/uploads\/2022\/10\/servizi-scaled.jpg);\"><\/div><div class=\"l-section-overlay\" style=\"background:rgba(26,26,26,0.35)\"><\/div><div class=\"l-section-shape type_wave pos_bottom\" style=\"height:8vmax;color:\"><svg xmlns=\"http:\/\/www.w3.org\/2000\/svg\" viewBox=\"0 4 64 4\" preserveAspectRatio=\"none\" width=\"100%\" height=\"100%\">\r\n\t<path fill=\"currentColor\" d=\"M64 6 C32 0 32 12 0 6 L0 8 L64 8 Z\"\/>\r\n<\/svg><\/div><div class=\"l-section-h i-cf\"><div class=\"g-cols vc_row via_grid cols_1 laptops-cols_inherit tablets-cols_inherit mobiles-cols_1 valign_top type_default stacking_default\"><div class=\"wpb_column vc_column_container\"><div class=\"vc_column-inner\"><h1 class=\"w-text\"><span class=\"w-text-h\"><span class=\"w-text-value\">Vacanze<br \/>\ncon Servizi<br \/>\nAlternativi<\/span><\/span><\/h1><div class=\"wpb_text_column us_custom_a6d9f5b5\"><div class=\"wpb_wrapper\"><h5>La Tua Vacanza<br \/>\nin Romagna&#8230;<\/h5>\n<\/div><\/div><div class=\"w-btn-wrapper align_left\"><a class=\"w-btn us-btn-style_3\" href=\"https:\/\/www.hroyal.it\/it\/richiesta.html\"><span class=\"w-btn-label\">Richiesta<\/span><\/a><\/div><div class=\"w-separator size_custom\" style=\"height:8vmax\"><\/div><\/div><\/div><\/div><\/div><\/section><section class=\"l-section wpb_row height_small\"><div class=\"l-section-h i-cf\"><div class=\"g-cols vc_row via_grid cols_1 laptops-cols_inherit tablets-cols_inherit mobiles-cols_1 valign_top type_default stacking_default\"><div class=\"wpb_column vc_column_container\"><div class=\"vc_column-inner\"><div class=\"wpb_text_column\"><div class=\"wpb_wrapper\"><h1 style=\"text-align: center;\"><span style=\"font-size: 36pt;\">I nostri Partners<\/span><\/h1>\n<h5 style=\"text-align: center;\">Oltre al Mare c&#8217;\u00e8 di pi\u00f9<\/h5>\n<p style=\"text-align: center;\">ALL&#8217;HOTEL ROYAL VI ASPETTA UNA VACANZA DIVERSA, QUI AVRETE LA POSSIBILIT\u00c0 DI ARRICCHIRE IL VOSTRO SOGGIORNO CON ESPERIENZE CHE VI FARANNO VIVERE LA ROMAGNA A 360\u00b0<\/p>\n<\/div><\/div><div class=\"w-separator size_medium\"><\/div><div class=\"w-image align_center\"><div class=\"w-image-h\"><img decoding=\"async\" width=\"300\" height=\"44\" src=\"https:\/\/www.hroyal.it\/wp-content\/uploads\/2022\/10\/onda.png\" class=\"attachment-large size-large\" alt=\"\" loading=\"lazy\" srcset=\"https:\/\/www.hroyal.it\/wp-content\/uploads\/2022\/10\/onda.png 300w, https:\/\/www.hroyal.it\/wp-content\/uploads\/2022\/10\/onda-24x4.png 24w, https:\/\/www.hroyal.it\/wp-content\/uploads\/2022\/10\/onda-36x5.png 36w, https:\/\/www.hroyal.it\/wp-content\/uploads\/2022\/10\/onda-48x7.png 48w\" sizes=\"auto, (max-width: 300px) 100vw, 300px\" \/><\/div><\/div><div class=\"w-separator size_medium\"><\/div><div class=\"wpb_text_column\"><div class=\"wpb_wrapper\"><p style=\"text-align: center;\"><span style=\"color: #09728c; font-size: 18pt;\">Ecco a voi una selezione di attivit\u00e0 locali con le quali abbiamo avviato una collaborazione, garantendovi i migliori servizi a prezzi vantaggiosi<\/span><\/p>\n<\/div><\/div><\/div><\/div><\/div><\/div><\/section><section class=\"l-section wpb_row height_small\"><div class=\"l-section-h i-cf\"><div class=\"g-cols vc_row via_grid cols_2 laptops-cols_inherit tablets-cols_inherit mobiles-cols_1 valign_top type_default stacking_default\"><div class=\"wpb_column vc_column_container\"><div class=\"vc_column-inner\"><div class=\"w-image align_center\"><div class=\"w-image-h\"><img decoding=\"async\" width=\"788\" height=\"582\" src=\"https:\/\/www.hroyal.it\/wp-content\/uploads\/2022\/10\/pedalo.png\" class=\"attachment-large size-large\" alt=\"\" loading=\"lazy\" srcset=\"https:\/\/www.hroyal.it\/wp-content\/uploads\/2022\/10\/pedalo.png 788w, https:\/\/www.hroyal.it\/wp-content\/uploads\/2022\/10\/pedalo-300x222.png 300w, https:\/\/www.hroyal.it\/wp-content\/uploads\/2022\/10\/pedalo-24x18.png 24w, https:\/\/www.hroyal.it\/wp-content\/uploads\/2022\/10\/pedalo-36x27.png 36w, https:\/\/www.hroyal.it\/wp-content\/uploads\/2022\/10\/pedalo-48x35.png 48w\" sizes=\"auto, (max-width: 788px) 100vw, 788px\" \/><\/div><\/div><div class=\"wpb_text_column us_custom_fab4abd9\"><div class=\"wpb_wrapper\"><h3 style=\"text-align: center;\">Pedalo&#8217;<\/h3>\n<\/div><\/div><\/div><\/div><div class=\"wpb_column vc_column_container\"><div class=\"vc_column-inner\"><div class=\"w-image align_center\"><div class=\"w-image-h\"><img decoding=\"async\" width=\"788\" height=\"582\" src=\"https:\/\/www.hroyal.it\/wp-content\/uploads\/2022\/10\/riscio.png\" class=\"attachment-large size-large\" alt=\"\" loading=\"lazy\" srcset=\"https:\/\/www.hroyal.it\/wp-content\/uploads\/2022\/10\/riscio.png 788w, https:\/\/www.hroyal.it\/wp-content\/uploads\/2022\/10\/riscio-300x222.png 300w, https:\/\/www.hroyal.it\/wp-content\/uploads\/2022\/10\/riscio-24x18.png 24w, https:\/\/www.hroyal.it\/wp-content\/uploads\/2022\/10\/riscio-36x27.png 36w, https:\/\/www.hroyal.it\/wp-content\/uploads\/2022\/10\/riscio-48x35.png 48w\" sizes=\"auto, (max-width: 788px) 100vw, 788px\" \/><\/div><\/div><div class=\"wpb_text_column us_custom_fab4abd9\"><div class=\"wpb_wrapper\"><h3 style=\"text-align: center;\">Riscio&#8217;<\/h3>\n<\/div><\/div><\/div><\/div><\/div><\/div><\/section><section class=\"l-section wpb_row height_small\"><div class=\"l-section-h i-cf\"><div class=\"g-cols vc_row via_grid cols_2 laptops-cols_inherit tablets-cols_inherit mobiles-cols_1 valign_top type_default stacking_default\"><div class=\"wpb_column vc_column_container\"><div class=\"vc_column-inner\"><div class=\"w-image align_center\"><div class=\"w-image-h\"><img decoding=\"async\" width=\"788\" height=\"582\" src=\"https:\/\/www.hroyal.it\/wp-content\/uploads\/2022\/10\/gite-motonave.png\" class=\"attachment-large size-large\" alt=\"\" loading=\"lazy\" srcset=\"https:\/\/www.hroyal.it\/wp-content\/uploads\/2022\/10\/gite-motonave.png 788w, https:\/\/www.hroyal.it\/wp-content\/uploads\/2022\/10\/gite-motonave-300x222.png 300w, https:\/\/www.hroyal.it\/wp-content\/uploads\/2022\/10\/gite-motonave-24x18.png 24w, https:\/\/www.hroyal.it\/wp-content\/uploads\/2022\/10\/gite-motonave-36x27.png 36w, https:\/\/www.hroyal.it\/wp-content\/uploads\/2022\/10\/gite-motonave-48x35.png 48w\" sizes=\"auto, (max-width: 788px) 100vw, 788px\" \/><\/div><\/div><div class=\"wpb_text_column us_custom_fab4abd9\"><div class=\"wpb_wrapper\"><h3 style=\"text-align: center;\">Gite in Motonave<\/h3>\n<\/div><\/div><\/div><\/div><div class=\"wpb_column vc_column_container\"><div class=\"vc_column-inner\"><div class=\"w-image align_center\"><div class=\"w-image-h\"><img decoding=\"async\" width=\"788\" height=\"582\" src=\"https:\/\/www.hroyal.it\/wp-content\/uploads\/2022\/10\/foto.png\" class=\"attachment-large size-large\" alt=\"\" loading=\"lazy\" srcset=\"https:\/\/www.hroyal.it\/wp-content\/uploads\/2022\/10\/foto.png 788w, https:\/\/www.hroyal.it\/wp-content\/uploads\/2022\/10\/foto-300x222.png 300w, https:\/\/www.hroyal.it\/wp-content\/uploads\/2022\/10\/foto-24x18.png 24w, https:\/\/www.hroyal.it\/wp-content\/uploads\/2022\/10\/foto-36x27.png 36w, https:\/\/www.hroyal.it\/wp-content\/uploads\/2022\/10\/foto-48x35.png 48w\" sizes=\"auto, (max-width: 788px) 100vw, 788px\" \/><\/div><\/div><div class=\"wpb_text_column us_custom_fab4abd9\"><div class=\"wpb_wrapper\"><h3 style=\"text-align: center;\">Servizi Fotografici<\/h3>\n<\/div><\/div><\/div><\/div><\/div><\/div><\/section><section class=\"l-section wpb_row height_medium\"><div class=\"l-section-h i-cf\"><div class=\"g-cols vc_row via_grid cols_1 laptops-cols_inherit tablets-cols_inherit mobiles-cols_1 valign_top type_default stacking_default\"><div class=\"wpb_column vc_column_container\"><div class=\"vc_column-inner\"><div class=\"w-image align_center\"><div class=\"w-image-h\"><img decoding=\"async\" width=\"300\" height=\"44\" src=\"https:\/\/www.hroyal.it\/wp-content\/uploads\/2022\/10\/onda.png\" class=\"attachment-large size-large\" alt=\"\" loading=\"lazy\" srcset=\"https:\/\/www.hroyal.it\/wp-content\/uploads\/2022\/10\/onda.png 300w, https:\/\/www.hroyal.it\/wp-content\/uploads\/2022\/10\/onda-24x4.png 24w, https:\/\/www.hroyal.it\/wp-content\/uploads\/2022\/10\/onda-36x5.png 36w, https:\/\/www.hroyal.it\/wp-content\/uploads\/2022\/10\/onda-48x7.png 48w\" sizes=\"auto, (max-width: 300px) 100vw, 300px\" \/><\/div><\/div><div class=\"w-separator size_medium\"><\/div><div class=\"wpb_text_column\"><div class=\"wpb_wrapper\"><h5 style=\"text-align: center;\">E non finisce qui!<\/h5>\n<\/div><\/div><div class=\"w-separator size_medium\"><\/div><div class=\"wpb_text_column\"><div class=\"wpb_wrapper\"><p style=\"text-align: center;\"><span style=\"color: #09728c; font-size: 18pt;\">Ecco a voi i nostri partners digitali, di seguito troverete gli e-commerce da cui potrete acquistare di tutto, dall&#8217;occorrente per le vostre vacanza, a prodotti tipici romagnoli in ricordo del vostro soggiorno da noi.<\/span><\/p>\n<\/div><\/div><\/div><\/div><\/div><\/div><\/section><section class=\"l-section wpb_row height_small\"><div class=\"l-section-h i-cf\"><div class=\"g-cols vc_row via_grid cols_2 laptops-cols_inherit tablets-cols_inherit mobiles-cols_1 valign_top type_default stacking_default\"><div class=\"wpb_column vc_column_container\"><div class=\"vc_column-inner\"><div class=\"w-image style_outlined align_center\"><a target=\"_blank\" rel=\"nofollow\" href=\"https:\/\/babymilano.it\/\" aria-label=\"SALINA\" class=\"w-image-h\"><img decoding=\"async\" width=\"461\" height=\"288\" src=\"https:\/\/www.hroyal.it\/wp-content\/uploads\/2022\/10\/SALINA.jpg\" class=\"attachment-large size-large\" alt=\"\" loading=\"lazy\" srcset=\"https:\/\/www.hroyal.it\/wp-content\/uploads\/2022\/10\/SALINA.jpg 461w, https:\/\/www.hroyal.it\/wp-content\/uploads\/2022\/10\/SALINA-300x187.jpg 300w, https:\/\/www.hroyal.it\/wp-content\/uploads\/2022\/10\/SALINA-24x15.jpg 24w, https:\/\/www.hroyal.it\/wp-content\/uploads\/2022\/10\/SALINA-36x22.jpg 36w, https:\/\/www.hroyal.it\/wp-content\/uploads\/2022\/10\/SALINA-48x30.jpg 48w\" sizes=\"auto, (max-width: 461px) 100vw, 461px\" \/><\/a><\/div><div class=\"w-separator size_small\"><\/div><div class=\"wpb_text_column\"><div class=\"wpb_wrapper\"><h3 style=\"text-align: center;\"><a href=\"https:\/\/babymilano.it\/\" target=\"_blank\" rel=\"noopener noreferrer\">Articoli per Bambini<\/a><\/h3>\n<\/div><\/div><\/div><\/div><div class=\"wpb_column vc_column_container\"><div class=\"vc_column-inner\"><div class=\"w-image style_outlined align_center\"><a target=\"_blank\" rel=\"nofollow\" href=\"https:\/\/www.collinadeipoeti.it\/\" aria-label=\"COLLINA-DEI-POETI\" class=\"w-image-h\"><img decoding=\"async\" width=\"461\" height=\"288\" src=\"https:\/\/www.hroyal.it\/wp-content\/uploads\/2022\/10\/COLLINA-DEI-POETI.jpg\" class=\"attachment-large size-large\" alt=\"\" loading=\"lazy\" srcset=\"https:\/\/www.hroyal.it\/wp-content\/uploads\/2022\/10\/COLLINA-DEI-POETI.jpg 461w, https:\/\/www.hroyal.it\/wp-content\/uploads\/2022\/10\/COLLINA-DEI-POETI-300x187.jpg 300w, https:\/\/www.hroyal.it\/wp-content\/uploads\/2022\/10\/COLLINA-DEI-POETI-24x15.jpg 24w, https:\/\/www.hroyal.it\/wp-content\/uploads\/2022\/10\/COLLINA-DEI-POETI-36x22.jpg 36w, https:\/\/www.hroyal.it\/wp-content\/uploads\/2022\/10\/COLLINA-DEI-POETI-48x30.jpg 48w\" sizes=\"auto, (max-width: 461px) 100vw, 461px\" \/><\/a><\/div><div class=\"w-separator size_small\"><\/div><div class=\"wpb_text_column\"><div class=\"wpb_wrapper\"><h3 style=\"text-align: center;\"><a href=\"https:\/\/www.collinadeipoeti.it\/\" target=\"_blank\" rel=\"noopener noreferrer\">Vini e Sapori Romagnoli<\/a><\/h3>\n<\/div><\/div><\/div><\/div><\/div><\/div><\/section>\n","protected":false},"excerpt":{"rendered":"Vacanze con Servizi AlternativiLa Tua Vacanza in Romagna&#8230; RichiestaI nostri Partners Oltre al Mare c&#8217;\u00e8 di pi\u00f9 ALL&#8217;HOTEL ROYAL VI ASPETTA UNA VACANZA DIVERSA, QUI AVRETE LA POSSIBILIT\u00c0 DI ARRICCHIRE IL VOSTRO SOGGIORNO CON ESPERIENZE CHE VI FARANNO VIVERE LA ROMAGNA A 360\u00b0 Ecco a voi una selezione di attivit\u00e0 locali con le quali abbiamo...","protected":false},"author":1,"featured_media":0,"parent":0,"menu_order":0,"comment_status":"closed","ping_status":"closed","template":"","meta":{"footnotes":""},"class_list":["post-1481","page","type-page","status-publish","hentry"],"yoast_head":"<!-- This site is optimized with the Yoast SEO plugin v26.4 - https:\/\/yoast.com\/wordpress\/plugins\/seo\/ -->\n<title>Vacanze con servizi alternativi in Romagna<\/title>\n<meta name=\"description\" content=\"collaborazioni con attivit\u00e0 locali per garantire migliori servizi: pedal\u00f2, risci\u00f2, gite in motonave, servizi fotografici.\" \/>\n<meta name=\"robots\" content=\"index, follow, max-snippet:-1, max-image-preview:large, max-video-preview:-1\" \/>\n<link rel=\"canonical\" href=\"https:\/\/www.hroyal.it\/it\/vacanze-con-servizi-alternativi-in-romagna.html\" \/>\n<meta property=\"og:locale\" content=\"it_IT\" \/>\n<meta property=\"og:type\" content=\"article\" \/>\n<meta property=\"og:title\" content=\"Vacanze con servizi alternativi in Romagna\" \/>\n<meta property=\"og:description\" content=\"collaborazioni con attivit\u00e0 locali per garantire migliori servizi: pedal\u00f2, risci\u00f2, gite in motonave, servizi fotografici.\" \/>\n<meta property=\"og:url\" content=\"https:\/\/www.hroyal.it\/it\/vacanze-con-servizi-alternativi-in-romagna.html\" \/>\n<meta property=\"og:site_name\" content=\"Hotel Royal Cesenatico\" \/>\n<meta property=\"article:publisher\" content=\"https:\/\/it-it.facebook.com\/hroyalcesenatico\/\" \/>\n<meta property=\"article:modified_time\" content=\"2022-12-02T10:22:15+00:00\" \/>\n<meta name=\"twitter:card\" content=\"summary_large_image\" \/>\n<meta name=\"twitter:label1\" content=\"Tempo di lettura stimato\" \/>\n\t<meta name=\"twitter:data1\" content=\"2 minuti\" \/>\n<script type=\"application\/ld+json\" class=\"yoast-schema-graph\">{\"@context\":\"https:\/\/schema.org\",\"@graph\":[{\"@type\":\"WebPage\",\"@id\":\"https:\/\/www.hroyal.it\/it\/vacanze-con-servizi-alternativi-in-romagna.html\",\"url\":\"https:\/\/www.hroyal.it\/it\/vacanze-con-servizi-alternativi-in-romagna.html\",\"name\":\"Vacanze con servizi alternativi in Romagna\",\"isPartOf\":{\"@id\":\"https:\/\/www.hroyal.it\/it\/#website\"},\"datePublished\":\"2022-10-09T14:22:08+00:00\",\"dateModified\":\"2022-12-02T10:22:15+00:00\",\"description\":\"collaborazioni con attivit\u00e0 locali per garantire migliori servizi: pedal\u00f2, risci\u00f2, gite in motonave, servizi fotografici.\",\"breadcrumb\":{\"@id\":\"https:\/\/www.hroyal.it\/it\/vacanze-con-servizi-alternativi-in-romagna.html#breadcrumb\"},\"inLanguage\":\"it-IT\",\"potentialAction\":[{\"@type\":\"ReadAction\",\"target\":[\"https:\/\/www.hroyal.it\/it\/vacanze-con-servizi-alternativi-in-romagna.html\"]}]},{\"@type\":\"BreadcrumbList\",\"@id\":\"https:\/\/www.hroyal.it\/it\/vacanze-con-servizi-alternativi-in-romagna.html#breadcrumb\",\"itemListElement\":[{\"@type\":\"ListItem\",\"position\":1,\"name\":\"Home\",\"item\":\"https:\/\/www.hroyal.it\/it\"},{\"@type\":\"ListItem\",\"position\":2,\"name\":\"Vacanze con servizi alternativi in Romagna\"}]},{\"@type\":\"WebSite\",\"@id\":\"https:\/\/www.hroyal.it\/it\/#website\",\"url\":\"https:\/\/www.hroyal.it\/it\/\",\"name\":\"Hotel Royal Cesenatico\",\"description\":\"**** Royal Cesenatico : Hotel 4 stelle All inclusive sul Mare Cesenatico con Piscina e Spiaggia privata\",\"publisher\":{\"@id\":\"https:\/\/www.hroyal.it\/it\/#organization\"},\"alternateName\":\"Hotel Royal 4 stelle sul lungomare di Cesenatico\",\"potentialAction\":[{\"@type\":\"SearchAction\",\"target\":{\"@type\":\"EntryPoint\",\"urlTemplate\":\"https:\/\/www.hroyal.it\/it\/?s={search_term_string}\"},\"query-input\":{\"@type\":\"PropertyValueSpecification\",\"valueRequired\":true,\"valueName\":\"search_term_string\"}}],\"inLanguage\":\"it-IT\"},{\"@type\":\"Organization\",\"@id\":\"https:\/\/www.hroyal.it\/it\/#organization\",\"name\":\"Hotel Royal Cesenatico\",\"url\":\"https:\/\/www.hroyal.it\/it\/\",\"logo\":{\"@type\":\"ImageObject\",\"inLanguage\":\"it-IT\",\"@id\":\"https:\/\/www.hroyal.it\/it\/#\/schema\/logo\/image\/\",\"url\":\"https:\/\/www.hroyal.it\/wp-content\/uploads\/2022\/08\/logo-royal2-1.png\",\"contentUrl\":\"https:\/\/www.hroyal.it\/wp-content\/uploads\/2022\/08\/logo-royal2-1.png\",\"width\":262,\"height\":91,\"caption\":\"Hotel Royal Cesenatico\"},\"image\":{\"@id\":\"https:\/\/www.hroyal.it\/it\/#\/schema\/logo\/image\/\"},\"sameAs\":[\"https:\/\/it-it.facebook.com\/hroyalcesenatico\/\",\"https:\/\/www.instagram.com\/hotelroyalcesenatico\/\"]}]}<\/script>\n<!-- \/ Yoast SEO plugin. -->","yoast_head_json":{"title":"Vacanze con servizi alternativi in Romagna","description":"collaborazioni con attivit\u00e0 locali per garantire migliori servizi: pedal\u00f2, risci\u00f2, gite in motonave, servizi fotografici.","robots":{"index":"index","follow":"follow","max-snippet":"max-snippet:-1","max-image-preview":"max-image-preview:large","max-video-preview":"max-video-preview:-1"},"canonical":"https:\/\/www.hroyal.it\/it\/vacanze-con-servizi-alternativi-in-romagna.html","og_locale":"it_IT","og_type":"article","og_title":"Vacanze con servizi alternativi in Romagna","og_description":"collaborazioni con attivit\u00e0 locali per garantire migliori servizi: pedal\u00f2, risci\u00f2, gite in motonave, servizi fotografici.","og_url":"https:\/\/www.hroyal.it\/it\/vacanze-con-servizi-alternativi-in-romagna.html","og_site_name":"Hotel Royal Cesenatico","article_publisher":"https:\/\/it-it.facebook.com\/hroyalcesenatico\/","article_modified_time":"2022-12-02T10:22:15+00:00","twitter_card":"summary_large_image","twitter_misc":{"Tempo di lettura stimato":"2 minuti"},"schema":{"@context":"https:\/\/schema.org","@graph":[{"@type":"WebPage","@id":"https:\/\/www.hroyal.it\/it\/vacanze-con-servizi-alternativi-in-romagna.html","url":"https:\/\/www.hroyal.it\/it\/vacanze-con-servizi-alternativi-in-romagna.html","name":"Vacanze con servizi alternativi in Romagna","isPartOf":{"@id":"https:\/\/www.hroyal.it\/it\/#website"},"datePublished":"2022-10-09T14:22:08+00:00","dateModified":"2022-12-02T10:22:15+00:00","description":"collaborazioni con attivit\u00e0 locali per garantire migliori servizi: pedal\u00f2, risci\u00f2, gite in motonave, servizi fotografici.","breadcrumb":{"@id":"https:\/\/www.hroyal.it\/it\/vacanze-con-servizi-alternativi-in-romagna.html#breadcrumb"},"inLanguage":"it-IT","potentialAction":[{"@type":"ReadAction","target":["https:\/\/www.hroyal.it\/it\/vacanze-con-servizi-alternativi-in-romagna.html"]}]},{"@type":"BreadcrumbList","@id":"https:\/\/www.hroyal.it\/it\/vacanze-con-servizi-alternativi-in-romagna.html#breadcrumb","itemListElement":[{"@type":"ListItem","position":1,"name":"Home","item":"https:\/\/www.hroyal.it\/it"},{"@type":"ListItem","position":2,"name":"Vacanze con servizi alternativi in Romagna"}]},{"@type":"WebSite","@id":"https:\/\/www.hroyal.it\/it\/#website","url":"https:\/\/www.hroyal.it\/it\/","name":"Hotel Royal Cesenatico","description":"**** Royal Cesenatico : Hotel 4 stelle All inclusive sul Mare Cesenatico con Piscina e Spiaggia privata","publisher":{"@id":"https:\/\/www.hroyal.it\/it\/#organization"},"alternateName":"Hotel Royal 4 stelle sul lungomare di Cesenatico","potentialAction":[{"@type":"SearchAction","target":{"@type":"EntryPoint","urlTemplate":"https:\/\/www.hroyal.it\/it\/?s={search_term_string}"},"query-input":{"@type":"PropertyValueSpecification","valueRequired":true,"valueName":"search_term_string"}}],"inLanguage":"it-IT"},{"@type":"Organization","@id":"https:\/\/www.hroyal.it\/it\/#organization","name":"Hotel Royal Cesenatico","url":"https:\/\/www.hroyal.it\/it\/","logo":{"@type":"ImageObject","inLanguage":"it-IT","@id":"https:\/\/www.hroyal.it\/it\/#\/schema\/logo\/image\/","url":"https:\/\/www.hroyal.it\/wp-content\/uploads\/2022\/08\/logo-royal2-1.png","contentUrl":"https:\/\/www.hroyal.it\/wp-content\/uploads\/2022\/08\/logo-royal2-1.png","width":262,"height":91,"caption":"Hotel Royal Cesenatico"},"image":{"@id":"https:\/\/www.hroyal.it\/it\/#\/schema\/logo\/image\/"},"sameAs":["https:\/\/it-it.facebook.com\/hroyalcesenatico\/","https:\/\/www.instagram.com\/hotelroyalcesenatico\/"]}]}},"_links":{"self":[{"href":"https:\/\/www.hroyal.it\/it\/wp-json\/wp\/v2\/pages\/1481","targetHints":{"allow":["GET"]}}],"collection":[{"href":"https:\/\/www.hroyal.it\/it\/wp-json\/wp\/v2\/pages"}],"about":[{"href":"https:\/\/www.hroyal.it\/it\/wp-json\/wp\/v2\/types\/page"}],"author":[{"embeddable":true,"href":"https:\/\/www.hroyal.it\/it\/wp-json\/wp\/v2\/users\/1"}],"replies":[{"embeddable":true,"href":"https:\/\/www.hroyal.it\/it\/wp-json\/wp\/v2\/comments?post=1481"}],"version-history":[{"count":12,"href":"https:\/\/www.hroyal.it\/it\/wp-json\/wp\/v2\/pages\/1481\/revisions"}],"predecessor-version":[{"id":2413,"href":"https:\/\/www.hroyal.it\/it\/wp-json\/wp\/v2\/pages\/1481\/revisions\/2413"}],"wp:attachment":[{"href":"https:\/\/www.hroyal.it\/it\/wp-json\/wp\/v2\/media?parent=1481"}],"curies":[{"name":"wp","href":"https:\/\/api.w.org\/{rel}","templated":true}]}}