{"id":1939,"date":"2022-11-20T13:50:00","date_gmt":"2022-11-20T13:50:00","guid":{"rendered":"https:\/\/ufficio80.xyz\/royal\/?page_id=1939"},"modified":"2022-11-20T13:50:00","modified_gmt":"2022-11-20T13:50:00","slug":"privacy-e-cookies","status":"publish","type":"page","link":"https:\/\/www.hroyal.it\/it\/privacy-e-cookies.html","title":{"rendered":"Privacy e Cookies"},"content":{"rendered":"<section class=\"l-section wpb_row us_custom_294d3202 height_auto\"><div class=\"l-section-h i-cf\"><div class=\"g-cols vc_row via_grid cols_1 laptops-cols_inherit tablets-cols_inherit mobiles-cols_1 valign_top type_default stacking_default\"><div class=\"wpb_column vc_column_container\"><div class=\"vc_column-inner\"><\/div><\/div><\/div><\/div><\/section><section class=\"l-section wpb_row height_medium\"><div class=\"l-section-h i-cf\"><div class=\"g-cols vc_row via_grid cols_1 laptops-cols_inherit tablets-cols_inherit mobiles-cols_1 valign_top type_default stacking_default\"><div class=\"wpb_column vc_column_container\"><div class=\"vc_column-inner\"><div class=\"wpb_text_column\"><div class=\"wpb_wrapper\"><h2 class=\"title-anchor title-heading\">PRIVACY E COOKIES<\/h2>\n<h3>COOKIES<\/h3>\n<p>Ci impegniamo a proteggere le tue informazioni personali e questo documento si propone di aiutare a capire quali sono le informazioni che potremmo raccogliere su di te e come le usiamo.<\/p>\n<h3>CHE COSA SONO I COOKIES E COME LI UTILIZZIAMO<\/h3>\n<p>Un cookie \u00e8 un semplice file di testo che viene memorizzato sul tuo computer o dispositivo mobile dal server di un sito web e che solo quel server sar\u00e0 in grado di recuperare o leggerne il contenuto. Esso contiene alcune informazioni anonime e permette al sito web di ricordare, ad esempio, le tue preferenze o cosa c\u2019\u00e8 nel tuo carrello. In seguito a modifiche alla Privacy derivanti dalla Direttiva sulle Comunicazioni Elettroniche, l\u2019utilizzo dei cookies per raccogliere i tuoi dati \u00e8 ammesso solo con il consenso. Le modifiche apportate hanno lo scopo di rendere pi\u00f9 facile il venire a conoscenza e controllare quali informazioni i siti conservano su di te.<\/p>\n<h3>PERCH\u00c9 USIAMO I COOKIES<\/h3>\n<p>Il sito potrebbe utilizzare i cookies per diversi motivi. In alcune parti del nostro sito i cookies sono essenziali e senza di essi non saresti in grado di utilizzare i nostri servizi.<br \/>\nSiamo sempre alla ricerca di modi per migliorare il nostro sito internet e per rendere pi\u00f9 facile la conoscenza dei nostri servizi. Per fare ci\u00f2 per noi \u00e8 importante capire come si utilizzano i nostri servizi e siti. I cookies ci aiutano anche a fornirti un\u2019esperienza migliore e pi\u00f9 ricca, per esempio, suggerendoti prodotti che ti interessano: i cookies facilitano questa operazione. Invece di un elenco molto lungo, abbiamo classificato i cookies che usiamo in base al loro tipo di utilizzo e li classifichiamo come: essenziali, funzionali, statistici, comportamentali, di terza parte.<\/p>\n<h3>TIPOLOGIE DI COOKIES<\/h3>\n<h3>a) Cookie essenziali<\/h3>\n<p>I cookies \u201cessenziali\u201d sono i cookies strettamente necessari per consentire apposite funzionalit\u00e0 richieste del sito web, quali ad esempio la login facilitata ai nostri servizi, non funzionano senza l\u2019uso di cookies e sarebbe condizionata non solo la tua esperienza sul sito, ma anche la capacit\u00e0 di fare qualcosa di utile. Senza questi cookie non potremmo fornire i servizi per i quali gli utenti accedono al sito. I cookies che sono essenziali per l\u2019utilizzo di un sito web sono esenti ai sensi della direttiva UE, ma noi desideriamo che tu abbia una completa informazione a riguardo.<\/p>\n<h3>b) Cookie tecnici essenziali per statistiche e analisi delle prestazioni<\/h3>\n<p>Questi cookie ci permettono di sapere in che modo i visitatori utilizzano il sito, per poterne cos\u00ec valutare e migliorare il funzionamento e privilegiare la produzione di contenuti che meglio incontrano i bisogni informativi dei nostri utenti. Ad esempio, consentono di sapere quali sono le pagine pi\u00f9 e meno frequentate. Tengono conto, tra le altre cose, del numero di visitatori, del tempo trascorso sul sito dalla media degli utenti e delle modalit\u00e0 di arrivo di questi. In questo modo, possiamo sapere che cosa funziona bene e che cosa migliorare, oltre ad assicurarci che le pagine si carichino velocemente e siano visualizzate correttamente. Tutte le informazioni raccolte da questi cookie sono anonime e non collegate ai dati personali dell\u2019utente. Per eseguire queste funzioni nei nostri siti utilizziamo i servizi di terze parti che anonimizzano i dati rendendoli non riconducibili a singoli individui (cosiddetto \u201csingle-in\u201d). Laddove siano presenti servizi non completamente anonimizzati, li troverai elencati tra i cookie di terze parti per i quali \u00e8 possibile negare il consenso, a garanzia della tua privacy.<\/p>\n<p>Appartengono a questa categoria i cookie analitici opportunamente anonimizzati. Questo sito, in particolare, fa uso dei seguenti prodotti:<br \/>\n<strong>Analytics<\/strong>\u00a0per le statistiche di accesso e traffico a uso interno\u00a0<a href=\"https:\/\/policies.google.com\/privacy?hl=it\">INFORMATIVA<\/a><\/p>\n<h3>c) Cookie per la profilazione dell\u2019utente<\/h3>\n<p>Questi cookie consentono di offrire annunci relativi all\u2019utente e ai rispettivi interessi. Vengono inoltre utilizzati per limitare il numero di visualizzazioni di un medesimo annuncio e per valutare l\u2019efficacia delle campagne pubblicitarie. Vengono inseriti per mezzo di piattaforme tecniche partner del nostro circuito pubblicitario. Possono essere utilizzati anche per mostrare all\u2019utente annunci pertinenti su altri siti Web visitati.<br \/>\nQuesti cookie vengono integrati nelle pagine e nei prodotti da Hroyal.it la quale, nel rispetto delle normative vigenti, offre in questa Informativa gli strumenti per l\u2019esercizio dell\u2019opposizione selettiva al loro uso.<br \/>\nNello specifico Hroyal.it fa uso di:<\/p>\n<ul>\n<li><strong>Facebook<\/strong>\u00a0limitatamente alle funzionalit\u00e0 di social login, \u201clike\u201d e condivisione dei contenuti di Hroyal.it sul social network Facebook\u00a0<a href=\"https:\/\/www.facebook.com\/full_data_use_policy\">COOKIE POLICY<\/a><\/li>\n<li><strong>Facebook Ads<\/strong>, Il sito potrebbe utilizzare cookie di Facebook Inc. per monitorare l\u2019andamento delle campagne Facebook Ads ed eventuali azioni di remarketing\u00a0<a href=\"https:\/\/www.facebook.com\/about\/privacy\/\">COOKIE POLICY<\/a>\u00a0<a href=\"https:\/\/www.aboutads.info\/choices\/\">Rinuncia (opt-out)<\/a><\/li>\n<li><strong>Youtube e Vimeo<\/strong>\u00a0, Nel sito potrebbero essere presenti video, pubblicati tramite la tecnologia di Youtube oppure Vimeo. Cookie Policy\u00a0<a href=\"https:\/\/vimeo.com\/cookie_policy\">Vimeo<\/a>\u00a0oppure\u00a0<a href=\"https:\/\/www.google.it\/intl\/it\/policies\/technologies\/cookies\/\">Youtube<\/a><\/li>\n<li><strong>Hotjar<\/strong>, strumento che aiuta a migliorare la user experience del sito web.\u00a0<a href=\"https:\/\/www.hotjar.com\/legal\/policies\/privacy\">informativa sulla privacy<\/a>\u00a0e regolamentazione\u00a0<a href=\"https:\/\/www.hotjar.com\/legal\/compliance\/gdpr-commitment\">Gdpr<\/a>.<\/li>\n<li><strong>MailUp<\/strong>, Il sito potrebbe utilizzare MailUp\u00ae (www.mailup.it), una soluzione professionale per gestire l\u2019invio di newsletter, di campagne di email marketing e di sms marketing, con le finalit\u00e0 di analizzare il traffico, ottimizzare i contenuti e la qualit\u00e0 dei messaggi inviati.\u00a0<a href=\"https:\/\/www.mailup.it\/informativa-privacy\/utilizzo-dei-cookies.htm\">Cookie policy<\/a><\/li>\n<li>WordPress, CMS (content managemente system) per gestione siti web,\u00a0<a href=\"http:\/\/codex.wordpress.org\/WordPress_Cookies\">cookie policy<\/a><\/li>\n<\/ul>\n<p>Per gli utenti registrati vengono utilizzati i seguenti cookie:<br \/>\nwordpress_test_cookie: cookie di sessione (viene cancellato alla chiusura del browser) che verifica se il browser \u00e8 impostato per accogliere i cookie prima di potere accedere all\u2019area riservata<br \/>\nwordpress_xxxxx: cookie di sessione (viene cancellato alla chiusura del browser) utilizzato da WordPress per registrare i dati di autenticazione in modo criptato. Il suo utilizzo si limita alla zona di amministrazione del sito.<br \/>\nwordpress_logged_in_xxxxx: cookie di sessione (viene cancellato alla chiusura del browser) utilizzato da WordPress per indicare quando siete collegati e visualizzare la vostra identit\u00e0 sulle schermate<br \/>\nwp-settings-xxxxx,wp-settings-time-xxxxx: cookie persistenti (per un anno) utilizzati da WordPress per ricordare le vostre preferenze di visualizzazione dell\u2019area riservata e dell\u2019interfaccia del sito.<\/p>\n<h3>d) Cookie funzionali e di profilazione di terze parti<\/h3>\n<p>In questa categoria ricadono cookie erogati da soggetti terzi non direttamente controllati o controllabili da Hroyal.it.<\/p>\n<p>I cookie provenienti dai nostri partner consentono di offrire funzionalit\u00e0 avanzate, nonch\u00e9 maggiori informazioni e funzioni personali. Ci\u00f2 include la possibilit\u00e0 di condividere contenuti attraverso i social network, di accedere ai servizi di video-streaming sulle quali ospitiamo i nostri contenuti. Tali servizi sono principalmente forniti da operatori esterni ingaggiati o consapevolmente integrati da Hroyal.it. Se si dispone di un account o se si utilizzano i servizi di tali soggetti su altri siti Web, questi potrebbero essere in grado di sapere che l\u2019utente ha visitato i nostri siti. L\u2019utilizzo dei dati raccolti da questi operatori esterni tramite cookie \u00e8 sottoposto alle rispettive politiche sulla privacy e pertanto si identificano tali cookie con i nomi dei rispettivi soggetti riportati nello strumento di gestione dei cookie disponibile nell\u2019apposita sezione di questa Informativa. Tra questi si annoverano i cookie registrati dai principali social network che Le consentono di condividere gli articoli dei nostri siti e di manifestare pubblicamente il gradimento per il nostro lavoro.<br \/>\nI cookie non provenienti da partner di Hroyal.it, sono cookie veicolati senza il controllo di Hroyal.it, da soggetti terzi che hanno modo di intercettare l\u2019utente durante la tua navigazione anche al di fuori dei siti Hroyal.it. Questi cookie, tipicamente di profilazione, non sono direttamente controllabili da Hroyal.it che non pu\u00f2 quindi garantire in merito all\u2019uso che i terzi titolari fanno delle informazioni raccolte. L\u2019opposizione all\u2019uso di tali cookie \u00e8 pertanto demandata a strumenti esterni o all\u2019azione diretta da parte tua sulle preferenze del tuo browser. Per i dettagli si veda la sezione GESTIONE DEI COOKIE.<\/p>\n<h3>B. GESTIONE DEI COOKIE<\/h3>\n<p>Nel caso in cui tu abbia dubbi o preoccupazioni in merito all\u2019utilizzo dei cookie ti \u00e8 sempre possibile intervenire per impedirne l\u2019impostazione e la lettura, ad esempio modificando le impostazioni sulla privacy all\u2019interno del tuo browser al fine di bloccarne determinati tipi o utilizzando i pulsanti di rifiuto che Hroyal.it ti mette a disposizione in questa Informativa.<br \/>\nPoich\u00e9 ciascun browser \u2013 e spesso diverse versioni dello stesso browser \u2013 differiscono anche sensibilmente le une dalle altre se preferisce agire autonomamente mediante le preferenze del tuo browser pu\u00f2 trovare informazioni dettagliate sulla procedura necessaria nella guida del tuo browser. Per una panoramica delle modalit\u00e0 di azione per i browser pi\u00f9 comuni, pu\u00f2 visitare l\u2019indirizzo<br \/>\nhttp:\/\/www.cookiepedia.co.uk\/index.php?title=How_to_Manage_Cookies<\/p>\n<p>Le societ\u00e0 pubblicitarie consentono inoltre di rinunciare alla ricezione di annunci mirati, se lo si desidera. Ci\u00f2 non impedisce l\u2019impostazione dei cookie, ma interrompe l\u2019utilizzo e la raccolta di alcuni dati da parte di tali societ\u00e0.<br \/>\nPer maggiori informazioni e possibilit\u00e0 di rinuncia, visitare l\u2019indirizzo http:\/\/www.youronlinechoices.eu\/it\/<\/p>\n<h3>C. ACCETTAZIONE O RIFIUTO DEI COOKIE<\/h3>\n<p>Proseguendo nella navigazione su questo sito, chiudendo la fascetta informativa o facendo click in una qualsiasi parte della pagina o scorrendola per evidenziare ulteriore contenuto, poni in essere un atto manifesto e esplicito di accettazione della Cookie Policy di Hroyal.it e verranno impostati e raccolti i cookie dei quali non si \u00e8 dichiarato il rifiuto. In caso di mancata accettazione dei cookie mediante abbandono della navigazione, eventuali cookie gi\u00e0 registrati localmente nel tuo browser rimarranno ivi registrati ma non saranno pi\u00f9 letti n\u00e9 utilizzati da Hroyal.it fino ad una successiva ed eventuale accettazione della Policy. Tu avrai sempre la possibilit\u00e0 di rimuovere tali cookie in qualsiasi momento attraverso le modalit\u00e0 di cui ai siti citati nel paragrafo \u201cGestione dei cookie o mediante il sito http:\/\/www.youronlinechoices.eu\/it\/ per quelli non controllati da Hroyal.it<\/p>\n<h3>D. DURATA DEL TRATTAMENTO<\/h3>\n<p>I cookie gestiti da Hroyal.it hanno una durata massima di 365 giorni, salvo rinnovi volontari da te effettuati reiterando il consenso.<br \/>\nI cookie di profilazione gestiti da Hroyal.it sono anonimi e rimangono all\u2019interno dei sistemi statistici e delle piattaforme di profilazione per esclusive finalit\u00e0 statistiche anche se non pi\u00f9 riconducibili al tuo browser.<\/p>\n<p>I cookie gestiti da terze parti, hanno le durate indicate nelle rispettive Cookie Policy.<\/p>\n<h3>E. DIRITTI DELL\u2019INTERESSATO<\/h3>\n<h3>Puoi esercitare il tuo diritto di opporti all\u2019uso integrale dei cookie abbandonando questo sito e rifiutando cos\u00ec anche l\u2019uso dei cookie tecnici essenziali necessari per il suo funzionamento.<\/h3>\n<p>Se intende invece rifiutare l\u2019uso di uno o pi\u00f9 cookie non essenziali, pu\u00f2 negare il consenso per i cookie gestiti da Hroyal.it o da suoi partner direttamente da questa Informativa con i selettori di \u201crifiuto\u201d riportati accanto al nome del cookie o del suo fornitore.<\/p>\n<p>La rinuncia ai cookie di terze parti non governati da Hroyal.it pu\u00f2 essere invece effettuata secondo le indicazioni disponibili sul sito http:\/\/www. youronlinechoices.eu\/it\/.<\/p>\n<p>Qualsiasi richiesta di informazioni o chiarimento o di esercizio dei diritti pu\u00f2 essere indirizzata al Responsabile del trattamento ai seguenti recapiti:<\/p>\n<p>Hobby Turismo Srl<br \/>\nVia Gramsci, 45<br \/>\n47043 Gatteo a Mare (FC)<br \/>\nP.IVA e C.F. 03706930405<\/p>\n<p>Inoltre, hai sempre il diritto di proporre reclamo all\u2019Autorit\u00e0 Garante per la Protezione dei dati Personali, contattabile all\u2019indirizzo garante@gpdp.it o mediante il sito http:\/\/www.gpdp.it.<\/p>\n<h3>Elenco dei cookie che potrebbero essere usati da questo sito<\/h3>\n<p>PHPSESSID: Identificativo della sessione di navigazione. Tipo: tecnico. Durata: sessione di navigazione<br \/>\n__utm.gif: Utilizzato da Google Analytics. Tipo: statistico: Durata: sessione di navigazione.<br \/>\n__utma : Raccoglie dati sul numero di volte che un utente ha visitato il sito internet, oltre che i dati per la prima visita e la visita pi\u00f9 recente. Utilizzato da Google Analytics. Durata: 2 anni<br \/>\n__utmb : Registra l\u2019orario esatto di accesso al sito da parte dell\u2019utente. Utilizzato da Googlele Analytics per calcolare la durata di una visita al sito. Durata: sessione di navigazione.<br \/>\n__utmc: Registra l\u2019orario esatto di uscita dal sito da parte dell\u2019utente. Utilizzato da Google Analytics per calcolare la durata di una visita al sito. Durata: sessione di navigazione.<br \/>\n_utmt: Utilizzato per limitare la velocit\u00e0 delle richieste al sito web. Utilizzato da Google Analytics. Durata: sessione di navigazione.<br \/>\n__utmz: : Raccoglie dati su lla proven ien za dell\u2019u ten te, il motore di ricerca u tilizzato, il lin k cliccato e il termin e<br \/>\ndi ricerca u tilizzato. Utilizzato da Google An alytics. Durata: 6 mesi.<br \/>\n_hjIncludedInSample: : Determina se la navigazione dell\u2019utente deve essere registrata per fin i statistici. Hotjar. durata: sessione di navigazione.<br \/>\nads\/ga-audiences: Utilizzato da Google Analytics. Durata: sessione di navigazione<br \/>\n_cml_language : cookie di sessione (viene cancellato alla chiusura del browser) che imposta in automatico la lingua di visualizzazione del sito<br \/>\ncookie_notice_accepted: cookie persistente (per un anno) che viene salvato quando accettate la nostra politica di utilizzo dei cookie (clicando su \u201cAccetto\u201d nel banner). Questo cookie evita che si ripresenti il banner ad ogni accesso al nostro sito.<\/p>\n<h3>COME POSSO DISABILITARE I COOKIES?<\/h3>\n<p>COME POSSO DISABILITARE I COOKIES?<br \/>\nI cookies sono collegati al browser utilizzato e POSSONO ESSERE DISABILITATI DIRETTAMENTE DAL BROWSER, cos\u00ec rifiutando\/revocando il consenso all\u2019uso dei cookies. Occorre tenere presente che la disabilitazione dei cookies potrebbe impedire il corretto utilizzo di alcune funzioni del sito stesso. Le istruzioni per la disabilitazione dei cookies si trovano alle seguenti pagine web:<\/p>\n<p>Mozilla Firefox<br \/>\nhttps:\/\/support.mozilla.org\/it\/kb\/Attivare%20e%20disattivare%20i%20cookie<\/p>\n<p>Microsoft Internet Explorer<br \/>\nhttps:\/\/support.microsoft.com\/it-it\/help\/17442\/windows-internet-explorer-delete-manage-cookies<\/p>\n<p>Microsoft Edge<br \/>\nhttps:\/\/support.microsoft.com\/it-it\/help\/4027947\/windows-delete-cookies<\/p>\n<p>Google Chrome<br \/>\nhttps:\/\/support.google.com\/chrome\/answer\/95647?hl=it<\/p>\n<p>Opera<br \/>\nhttp:\/\/help.opera.com\/Windows\/10.00\/it\/cookies.html<\/p>\n<p>Apple Safari<br \/>\nhttp:\/\/support.apple.com\/kb\/HT1677?viewlocale=it_IT<\/p>\n<p>Inoltre, hai sempre il diritto di proporre reclamo all\u2019Autorit\u00e0 Garante per la Protezione dei dati Personali, contattabile all\u2019indirizzo garante@gpdp.it o mediante il sito http:\/\/www.gpdp.it.<\/p>\n<\/div><\/div><\/div><\/div><\/div><\/div><\/section>\n","protected":false},"excerpt":{"rendered":"PRIVACY E COOKIES COOKIES Ci impegniamo a proteggere le tue informazioni personali e questo documento si propone di aiutare a capire quali sono le informazioni che potremmo raccogliere su di te e come le usiamo. CHE COSA SONO I COOKIES E COME LI UTILIZZIAMO Un cookie \u00e8 un semplice file di testo che viene memorizzato...","protected":false},"author":1,"featured_media":0,"parent":0,"menu_order":0,"comment_status":"closed","ping_status":"closed","template":"","meta":{"footnotes":""},"class_list":["post-1939","page","type-page","status-publish","hentry"],"yoast_head":"<!-- This site is optimized with the Yoast SEO plugin v26.4 - https:\/\/yoast.com\/wordpress\/plugins\/seo\/ -->\n<title>Privacy e Cookies<\/title>\n<meta name=\"robots\" content=\"index, follow, max-snippet:-1, max-image-preview:large, max-video-preview:-1\" \/>\n<link rel=\"canonical\" href=\"https:\/\/www.hroyal.it\/it\/privacy-e-cookies.html\" \/>\n<meta property=\"og:locale\" content=\"it_IT\" \/>\n<meta property=\"og:type\" content=\"article\" \/>\n<meta property=\"og:title\" content=\"Privacy e Cookies\" \/>\n<meta property=\"og:url\" content=\"https:\/\/www.hroyal.it\/it\/privacy-e-cookies.html\" \/>\n<meta property=\"og:site_name\" content=\"Hotel Royal Cesenatico\" \/>\n<meta property=\"article:publisher\" content=\"https:\/\/it-it.facebook.com\/hroyalcesenatico\/\" \/>\n<meta name=\"twitter:card\" content=\"summary_large_image\" \/>\n<meta name=\"twitter:label1\" content=\"Tempo di lettura stimato\" \/>\n\t<meta name=\"twitter:data1\" content=\"12 minuti\" \/>\n<script type=\"application\/ld+json\" class=\"yoast-schema-graph\">{\"@context\":\"https:\/\/schema.org\",\"@graph\":[{\"@type\":\"WebPage\",\"@id\":\"https:\/\/www.hroyal.it\/it\/privacy-e-cookies.html\",\"url\":\"https:\/\/www.hroyal.it\/it\/privacy-e-cookies.html\",\"name\":\"Privacy e Cookies\",\"isPartOf\":{\"@id\":\"https:\/\/www.hroyal.it\/it\/#website\"},\"datePublished\":\"2022-11-20T13:50:00+00:00\",\"breadcrumb\":{\"@id\":\"https:\/\/www.hroyal.it\/it\/privacy-e-cookies.html#breadcrumb\"},\"inLanguage\":\"it-IT\",\"potentialAction\":[{\"@type\":\"ReadAction\",\"target\":[\"https:\/\/www.hroyal.it\/it\/privacy-e-cookies.html\"]}]},{\"@type\":\"BreadcrumbList\",\"@id\":\"https:\/\/www.hroyal.it\/it\/privacy-e-cookies.html#breadcrumb\",\"itemListElement\":[{\"@type\":\"ListItem\",\"position\":1,\"name\":\"Home\",\"item\":\"https:\/\/www.hroyal.it\/it\"},{\"@type\":\"ListItem\",\"position\":2,\"name\":\"Privacy e Cookies\"}]},{\"@type\":\"WebSite\",\"@id\":\"https:\/\/www.hroyal.it\/it\/#website\",\"url\":\"https:\/\/www.hroyal.it\/it\/\",\"name\":\"Hotel Royal Cesenatico\",\"description\":\"**** Royal Cesenatico : Hotel 4 stelle All inclusive sul Mare Cesenatico con Piscina e Spiaggia privata\",\"publisher\":{\"@id\":\"https:\/\/www.hroyal.it\/it\/#organization\"},\"alternateName\":\"Hotel Royal 4 stelle sul lungomare di Cesenatico\",\"potentialAction\":[{\"@type\":\"SearchAction\",\"target\":{\"@type\":\"EntryPoint\",\"urlTemplate\":\"https:\/\/www.hroyal.it\/it\/?s={search_term_string}\"},\"query-input\":{\"@type\":\"PropertyValueSpecification\",\"valueRequired\":true,\"valueName\":\"search_term_string\"}}],\"inLanguage\":\"it-IT\"},{\"@type\":\"Organization\",\"@id\":\"https:\/\/www.hroyal.it\/it\/#organization\",\"name\":\"Hotel Royal Cesenatico\",\"url\":\"https:\/\/www.hroyal.it\/it\/\",\"logo\":{\"@type\":\"ImageObject\",\"inLanguage\":\"it-IT\",\"@id\":\"https:\/\/www.hroyal.it\/it\/#\/schema\/logo\/image\/\",\"url\":\"https:\/\/www.hroyal.it\/wp-content\/uploads\/2022\/08\/logo-royal2-1.png\",\"contentUrl\":\"https:\/\/www.hroyal.it\/wp-content\/uploads\/2022\/08\/logo-royal2-1.png\",\"width\":262,\"height\":91,\"caption\":\"Hotel Royal Cesenatico\"},\"image\":{\"@id\":\"https:\/\/www.hroyal.it\/it\/#\/schema\/logo\/image\/\"},\"sameAs\":[\"https:\/\/it-it.facebook.com\/hroyalcesenatico\/\",\"https:\/\/www.instagram.com\/hotelroyalcesenatico\/\"]}]}<\/script>\n<!-- \/ Yoast SEO plugin. -->","yoast_head_json":{"title":"Privacy e Cookies","robots":{"index":"index","follow":"follow","max-snippet":"max-snippet:-1","max-image-preview":"max-image-preview:large","max-video-preview":"max-video-preview:-1"},"canonical":"https:\/\/www.hroyal.it\/it\/privacy-e-cookies.html","og_locale":"it_IT","og_type":"article","og_title":"Privacy e Cookies","og_url":"https:\/\/www.hroyal.it\/it\/privacy-e-cookies.html","og_site_name":"Hotel Royal Cesenatico","article_publisher":"https:\/\/it-it.facebook.com\/hroyalcesenatico\/","twitter_card":"summary_large_image","twitter_misc":{"Tempo di lettura stimato":"12 minuti"},"schema":{"@context":"https:\/\/schema.org","@graph":[{"@type":"WebPage","@id":"https:\/\/www.hroyal.it\/it\/privacy-e-cookies.html","url":"https:\/\/www.hroyal.it\/it\/privacy-e-cookies.html","name":"Privacy e Cookies","isPartOf":{"@id":"https:\/\/www.hroyal.it\/it\/#website"},"datePublished":"2022-11-20T13:50:00+00:00","breadcrumb":{"@id":"https:\/\/www.hroyal.it\/it\/privacy-e-cookies.html#breadcrumb"},"inLanguage":"it-IT","potentialAction":[{"@type":"ReadAction","target":["https:\/\/www.hroyal.it\/it\/privacy-e-cookies.html"]}]},{"@type":"BreadcrumbList","@id":"https:\/\/www.hroyal.it\/it\/privacy-e-cookies.html#breadcrumb","itemListElement":[{"@type":"ListItem","position":1,"name":"Home","item":"https:\/\/www.hroyal.it\/it"},{"@type":"ListItem","position":2,"name":"Privacy e Cookies"}]},{"@type":"WebSite","@id":"https:\/\/www.hroyal.it\/it\/#website","url":"https:\/\/www.hroyal.it\/it\/","name":"Hotel Royal Cesenatico","description":"**** Royal Cesenatico : Hotel 4 stelle All inclusive sul Mare Cesenatico con Piscina e Spiaggia privata","publisher":{"@id":"https:\/\/www.hroyal.it\/it\/#organization"},"alternateName":"Hotel Royal 4 stelle sul lungomare di Cesenatico","potentialAction":[{"@type":"SearchAction","target":{"@type":"EntryPoint","urlTemplate":"https:\/\/www.hroyal.it\/it\/?s={search_term_string}"},"query-input":{"@type":"PropertyValueSpecification","valueRequired":true,"valueName":"search_term_string"}}],"inLanguage":"it-IT"},{"@type":"Organization","@id":"https:\/\/www.hroyal.it\/it\/#organization","name":"Hotel Royal Cesenatico","url":"https:\/\/www.hroyal.it\/it\/","logo":{"@type":"ImageObject","inLanguage":"it-IT","@id":"https:\/\/www.hroyal.it\/it\/#\/schema\/logo\/image\/","url":"https:\/\/www.hroyal.it\/wp-content\/uploads\/2022\/08\/logo-royal2-1.png","contentUrl":"https:\/\/www.hroyal.it\/wp-content\/uploads\/2022\/08\/logo-royal2-1.png","width":262,"height":91,"caption":"Hotel Royal Cesenatico"},"image":{"@id":"https:\/\/www.hroyal.it\/it\/#\/schema\/logo\/image\/"},"sameAs":["https:\/\/it-it.facebook.com\/hroyalcesenatico\/","https:\/\/www.instagram.com\/hotelroyalcesenatico\/"]}]}},"_links":{"self":[{"href":"https:\/\/www.hroyal.it\/it\/wp-json\/wp\/v2\/pages\/1939","targetHints":{"allow":["GET"]}}],"collection":[{"href":"https:\/\/www.hroyal.it\/it\/wp-json\/wp\/v2\/pages"}],"about":[{"href":"https:\/\/www.hroyal.it\/it\/wp-json\/wp\/v2\/types\/page"}],"author":[{"embeddable":true,"href":"https:\/\/www.hroyal.it\/it\/wp-json\/wp\/v2\/users\/1"}],"replies":[{"embeddable":true,"href":"https:\/\/www.hroyal.it\/it\/wp-json\/wp\/v2\/comments?post=1939"}],"version-history":[{"count":1,"href":"https:\/\/www.hroyal.it\/it\/wp-json\/wp\/v2\/pages\/1939\/revisions"}],"predecessor-version":[{"id":1940,"href":"https:\/\/www.hroyal.it\/it\/wp-json\/wp\/v2\/pages\/1939\/revisions\/1940"}],"wp:attachment":[{"href":"https:\/\/www.hroyal.it\/it\/wp-json\/wp\/v2\/media?parent=1939"}],"curies":[{"name":"wp","href":"https:\/\/api.w.org\/{rel}","templated":true}]}}